{"id":841,"date":"2024-12-12T12:25:16","date_gmt":"2024-12-12T11:25:16","guid":{"rendered":"https:\/\/recapet.fr\/?page_id=841"},"modified":"2024-12-12T14:41:51","modified_gmt":"2024-12-12T13:41:51","slug":"produit-dame-jeanne-2011","status":"publish","type":"page","link":"https:\/\/recapet.fr\/index.php\/produit-dame-jeanne-2011\/","title":{"rendered":"Produit Dame JEanne 2011"},"content":{"rendered":"\t\t<div data-elementor-type=\"wp-page\" data-elementor-id=\"841\" class=\"elementor elementor-841\" data-elementor-post-type=\"page\">\n\t\t\t\t<div class=\"elementor-element elementor-element-e174cca e-flex e-con-boxed e-con e-parent\" data-id=\"e174cca\" data-element_type=\"container\" data-e-type=\"container\">\n\t\t\t\t\t<div class=\"e-con-inner\">\n\t\t\t\t<div class=\"elementor-element elementor-element-432c807 elementor-widget elementor-widget-heading\" data-id=\"432c807\" data-element_type=\"widget\" data-e-type=\"widget\" data-widget_type=\"heading.default\">\n\t\t\t\t<div class=\"elementor-widget-container\">\n\t\t\t\t\t<h2 class=\"elementor-heading-title elementor-size-default\">R\u00e9capet<\/h2>\t\t\t\t<\/div>\n\t\t\t\t<\/div>\n\t\t\t\t<div class=\"elementor-element elementor-element-fad334b elementor-widget elementor-widget-heading\" data-id=\"fad334b\" data-element_type=\"widget\" data-e-type=\"widget\" data-widget_type=\"heading.default\">\n\t\t\t\t<div class=\"elementor-widget-container\">\n\t\t\t\t\t<h2 class=\"elementor-heading-title elementor-size-default\">Dame Jeanne 2011 Brut de F\u00fbt<\/h2>\t\t\t\t<\/div>\n\t\t\t\t<\/div>\n\t\t\t\t\t<\/div>\n\t\t\t\t<\/div>\n\t\t<div class=\"elementor-element elementor-element-9ef941a e-flex e-con-boxed e-con e-parent\" data-id=\"9ef941a\" data-element_type=\"container\" data-e-type=\"container\">\n\t\t\t\t\t<div class=\"e-con-inner\">\n\t\t<div class=\"elementor-element elementor-element-6444869 e-con-full e-flex e-con e-child\" data-id=\"6444869\" data-element_type=\"container\" data-e-type=\"container\">\n\t\t\t\t<div class=\"elementor-element elementor-element-e961b42 e-transform elementor-widget elementor-widget-image\" data-id=\"e961b42\" data-element_type=\"widget\" data-e-type=\"widget\" data-settings=\"{&quot;_transform_scale_effect&quot;:{&quot;unit&quot;:&quot;px&quot;,&quot;size&quot;:1.5,&quot;sizes&quot;:[]},&quot;_transform_scale_effect_tablet&quot;:{&quot;unit&quot;:&quot;px&quot;,&quot;size&quot;:&quot;&quot;,&quot;sizes&quot;:[]},&quot;_transform_scale_effect_mobile&quot;:{&quot;unit&quot;:&quot;px&quot;,&quot;size&quot;:&quot;&quot;,&quot;sizes&quot;:[]}}\" data-widget_type=\"image.default\">\n\t\t\t\t<div class=\"elementor-widget-container\">\n\t\t\t\t\t\t\t\t\t\t\t\t\t\t\t<img fetchpriority=\"high\" decoding=\"async\" width=\"724\" height=\"1024\" src=\"https:\/\/recapet.fr\/wp-content\/uploads\/2024\/12\/DAME_JEANNE_Reflet-2-724x1024.png\" class=\"attachment-large size-large wp-image-884\" alt=\"\" srcset=\"https:\/\/recapet.fr\/wp-content\/uploads\/2024\/12\/DAME_JEANNE_Reflet-2-724x1024.png 724w, https:\/\/recapet.fr\/wp-content\/uploads\/2024\/12\/DAME_JEANNE_Reflet-2-212x300.png 212w, https:\/\/recapet.fr\/wp-content\/uploads\/2024\/12\/DAME_JEANNE_Reflet-2-768x1086.png 768w, https:\/\/recapet.fr\/wp-content\/uploads\/2024\/12\/DAME_JEANNE_Reflet-2-1086x1536.png 1086w, https:\/\/recapet.fr\/wp-content\/uploads\/2024\/12\/DAME_JEANNE_Reflet-2-1448x2048.png 1448w\" sizes=\"(max-width: 724px) 100vw, 724px\" \/>\t\t\t\t\t\t\t\t\t\t\t\t\t\t\t<\/div>\n\t\t\t\t<\/div>\n\t\t\t\t<\/div>\n\t\t<div class=\"elementor-element elementor-element-923a3e3 e-con-full e-flex e-con e-child\" data-id=\"923a3e3\" data-element_type=\"container\" data-e-type=\"container\">\n\t\t\t\t<div class=\"elementor-element elementor-element-70ebd01 e-transform elementor-widget elementor-widget-heading\" data-id=\"70ebd01\" data-element_type=\"widget\" data-e-type=\"widget\" data-settings=\"{&quot;_transform_scale_effect&quot;:{&quot;unit&quot;:&quot;px&quot;,&quot;size&quot;:&quot;&quot;,&quot;sizes&quot;:[]},&quot;_transform_scale_effect_tablet&quot;:{&quot;unit&quot;:&quot;px&quot;,&quot;size&quot;:&quot;&quot;,&quot;sizes&quot;:[]},&quot;_transform_scale_effect_mobile&quot;:{&quot;unit&quot;:&quot;px&quot;,&quot;size&quot;:&quot;&quot;,&quot;sizes&quot;:[]}}\" data-widget_type=\"heading.default\">\n\t\t\t\t<div class=\"elementor-widget-container\">\n\t\t\t\t\t<h2 class=\"elementor-heading-title elementor-size-default\">D\u00e9gustation<\/h2>\t\t\t\t<\/div>\n\t\t\t\t<\/div>\n\t\t\t\t<div class=\"elementor-element elementor-element-2f259f9 elementor-widget elementor-widget-text-editor\" data-id=\"2f259f9\" data-element_type=\"widget\" data-e-type=\"widget\" data-widget_type=\"text-editor.default\">\n\t\t\t\t<div class=\"elementor-widget-container\">\n\t\t\t\t\t\t\t\t\t<p>Un premier nez de fruits jaunes, sur la p\u00eache et les mirabelles, est compl\u00e9t\u00e9 par des notes agr\u00e9ables de pain d\u2019\u00e9pice, de vanille et de p\u00e2tisseries.<\/p><p>Tr\u00e8s beau volume en entr\u00e9e de bouche, suivi d\u2019une belle tension et d\u2019une fra\u00eecheur \u00e9tonnante en finale, pour un armagnac tout en \u00e9l\u00e9gance et finesse.<\/p>\t\t\t\t\t\t\t\t<\/div>\n\t\t\t\t<\/div>\n\t\t\t\t<div class=\"elementor-element elementor-element-38832cc elementor-widget elementor-widget-heading\" data-id=\"38832cc\" data-element_type=\"widget\" data-e-type=\"widget\" data-widget_type=\"heading.default\">\n\t\t\t\t<div class=\"elementor-widget-container\">\n\t\t\t\t\t<h2 class=\"elementor-heading-title elementor-size-default\">C\u00e9page<\/h2>\t\t\t\t<\/div>\n\t\t\t\t<\/div>\n\t\t\t\t<div class=\"elementor-element elementor-element-aadef37 elementor-widget elementor-widget-text-editor\" data-id=\"aadef37\" data-element_type=\"widget\" data-e-type=\"widget\" data-widget_type=\"text-editor.default\">\n\t\t\t\t<div class=\"elementor-widget-container\">\n\t\t\t\t\t\t\t\t\t<p>C\u00e9page capricieux, la folle blanche, lorsqu\u2019elle arrive \u00e0 maturit\u00e9, donne les eaux-de-vie les plus fines de l\u2019appellation. C\u2019est un c\u00e9page difficile \u00e0 cultiver, mais tr\u00e8s qualitatif.<\/p>\t\t\t\t\t\t\t\t<\/div>\n\t\t\t\t<\/div>\n\t\t\t\t<div class=\"elementor-element elementor-element-512e638 elementor-widget elementor-widget-heading\" data-id=\"512e638\" data-element_type=\"widget\" data-e-type=\"widget\" data-widget_type=\"heading.default\">\n\t\t\t\t<div class=\"elementor-widget-container\">\n\t\t\t\t\t<h2 class=\"elementor-heading-title elementor-size-default\">\u00c9levage<\/h2>\t\t\t\t<\/div>\n\t\t\t\t<\/div>\n\t\t\t\t<div class=\"elementor-element elementor-element-2cc1dba elementor-widget elementor-widget-text-editor\" data-id=\"2cc1dba\" data-element_type=\"widget\" data-e-type=\"widget\" data-widget_type=\"text-editor.default\">\n\t\t\t\t<div class=\"elementor-widget-container\">\n\t\t\t\t\t\t\t\t\t<p>Vieilli en pi\u00e8ce de ch\u00eane, cet armagnac de 2011 a \u00e9t\u00e9 mis en bouteille en 2024.<\/p>\t\t\t\t\t\t\t\t<\/div>\n\t\t\t\t<\/div>\n\t\t\t\t<\/div>\n\t\t\t\t\t<\/div>\n\t\t\t\t<\/div>\n\t\t<div class=\"elementor-element elementor-element-f795287 e-flex e-con-boxed e-con e-parent\" data-id=\"f795287\" data-element_type=\"container\" data-e-type=\"container\">\n\t\t\t\t\t<div class=\"e-con-inner\">\n\t\t\t\t<div class=\"elementor-element elementor-element-f71447c elementor-widget elementor-widget-heading\" data-id=\"f71447c\" data-element_type=\"widget\" data-e-type=\"widget\" data-widget_type=\"heading.default\">\n\t\t\t\t<div class=\"elementor-widget-container\">\n\t\t\t\t\t<h2 class=\"elementor-heading-title elementor-size-default\">48% Bas-armagnac 5L<\/h2>\t\t\t\t<\/div>\n\t\t\t\t<\/div>\n\t\t\t\t<div class=\"elementor-element elementor-element-2507644 elementor-widget elementor-widget-text-editor\" data-id=\"2507644\" data-element_type=\"widget\" data-e-type=\"widget\" data-widget_type=\"text-editor.default\">\n\t\t\t\t<div class=\"elementor-widget-container\">\n\t\t\t\t\t\t\t\t\t<p>Un armagnac biologique brut de f\u00fbt, fin et d\u2019une exceptionnelle longueur. Vieilli en pi\u00e8ces de ch\u00eane. Armagnac de 2011 mis en bouteille en 2024.<\/p>\t\t\t\t\t\t\t\t<\/div>\n\t\t\t\t<\/div>\n\t\t\t\t<div class=\"elementor-element elementor-element-f3f4a04 elementor-align-center elementor-widget elementor-widget-button\" data-id=\"f3f4a04\" data-element_type=\"widget\" data-e-type=\"widget\" data-widget_type=\"button.default\">\n\t\t\t\t<div class=\"elementor-widget-container\">\n\t\t\t\t\t\t\t\t\t<div class=\"elementor-button-wrapper\">\n\t\t\t\t\t<a class=\"elementor-button elementor-button-link elementor-size-sm\" href=\"\" target=\"_blank\">\n\t\t\t\t\t\t<span class=\"elementor-button-content-wrapper\">\n\t\t\t\t\t\t\t\t\t<span class=\"elementor-button-text\">Acheter<\/span>\n\t\t\t\t\t<\/span>\n\t\t\t\t\t<\/a>\n\t\t\t\t<\/div>\n\t\t\t\t\t\t\t\t<\/div>\n\t\t\t\t<\/div>\n\t\t\t\t\t<\/div>\n\t\t\t\t<\/div>\n\t\t\t\t<\/div>\n\t\t","protected":false},"excerpt":{"rendered":"<p>R\u00e9capet Dame Jeanne 2011 Brut de F\u00fbt D\u00e9gustation Un premier nez de fruits jaunes, sur la p\u00eache et les mirabelles,&#8230;<\/p>\n","protected":false},"author":1,"featured_media":0,"parent":0,"menu_order":0,"comment_status":"closed","ping_status":"closed","template":"","meta":{"inline_featured_image":false,"footnotes":""},"class_list":["post-841","page","type-page","status-publish","hentry"],"yoast_head":"<!-- This site is optimized with the Yoast SEO plugin v22.9 - https:\/\/yoast.com\/wordpress\/plugins\/seo\/ -->\n<title>Produit Dame JEanne 2011 - R\u00e9capet \u2013 Armagnac bio du Gers, distillation artisanale<\/title>\n<meta name=\"robots\" content=\"index, follow, max-snippet:-1, max-image-preview:large, max-video-preview:-1\" \/>\n<link rel=\"canonical\" href=\"https:\/\/recapet.fr\/index.php\/produit-dame-jeanne-2011\/\" \/>\n<meta property=\"og:locale\" content=\"fr_FR\" \/>\n<meta property=\"og:type\" content=\"article\" \/>\n<meta property=\"og:title\" content=\"Produit Dame JEanne 2011 - R\u00e9capet \u2013 Armagnac bio du Gers, distillation artisanale\" \/>\n<meta property=\"og:description\" content=\"R\u00e9capet Dame Jeanne 2011 Brut de F\u00fbt D\u00e9gustation Un premier nez de fruits jaunes, sur la p\u00eache et les mirabelles,...\" \/>\n<meta property=\"og:url\" content=\"https:\/\/recapet.fr\/index.php\/produit-dame-jeanne-2011\/\" \/>\n<meta property=\"og:site_name\" content=\"R\u00e9capet \u2013 Armagnac bio du Gers, distillation artisanale\" \/>\n<meta property=\"article:modified_time\" content=\"2024-12-12T13:41:51+00:00\" \/>\n<meta property=\"og:image\" content=\"http:\/\/recapet.fr\/wp-content\/uploads\/2024\/12\/DAME_JEANNE_Reflet-2-724x1024.png\" \/>\n<meta name=\"twitter:card\" content=\"summary_large_image\" \/>\n<meta name=\"twitter:label1\" content=\"Dur\u00e9e de lecture estim\u00e9e\" \/>\n\t<meta name=\"twitter:data1\" content=\"1 minute\" \/>\n<script type=\"application\/ld+json\" class=\"yoast-schema-graph\">{\"@context\":\"https:\/\/schema.org\",\"@graph\":[{\"@type\":\"WebPage\",\"@id\":\"https:\/\/recapet.fr\/index.php\/produit-dame-jeanne-2011\/\",\"url\":\"https:\/\/recapet.fr\/index.php\/produit-dame-jeanne-2011\/\",\"name\":\"Produit Dame JEanne 2011 - R\u00e9capet \u2013 Armagnac bio du Gers, distillation artisanale\",\"isPartOf\":{\"@id\":\"https:\/\/recapet.fr\/#website\"},\"primaryImageOfPage\":{\"@id\":\"https:\/\/recapet.fr\/index.php\/produit-dame-jeanne-2011\/#primaryimage\"},\"image\":{\"@id\":\"https:\/\/recapet.fr\/index.php\/produit-dame-jeanne-2011\/#primaryimage\"},\"thumbnailUrl\":\"http:\/\/recapet.fr\/wp-content\/uploads\/2024\/12\/DAME_JEANNE_Reflet-2-724x1024.png\",\"datePublished\":\"2024-12-12T11:25:16+00:00\",\"dateModified\":\"2024-12-12T13:41:51+00:00\",\"breadcrumb\":{\"@id\":\"https:\/\/recapet.fr\/index.php\/produit-dame-jeanne-2011\/#breadcrumb\"},\"inLanguage\":\"fr-FR\",\"potentialAction\":[{\"@type\":\"ReadAction\",\"target\":[\"https:\/\/recapet.fr\/index.php\/produit-dame-jeanne-2011\/\"]}]},{\"@type\":\"ImageObject\",\"inLanguage\":\"fr-FR\",\"@id\":\"https:\/\/recapet.fr\/index.php\/produit-dame-jeanne-2011\/#primaryimage\",\"url\":\"https:\/\/recapet.fr\/wp-content\/uploads\/2024\/12\/DAME_JEANNE_Reflet-2.png\",\"contentUrl\":\"https:\/\/recapet.fr\/wp-content\/uploads\/2024\/12\/DAME_JEANNE_Reflet-2.png\",\"width\":2480,\"height\":3508},{\"@type\":\"BreadcrumbList\",\"@id\":\"https:\/\/recapet.fr\/index.php\/produit-dame-jeanne-2011\/#breadcrumb\",\"itemListElement\":[{\"@type\":\"ListItem\",\"position\":1,\"name\":\"Accueil\",\"item\":\"https:\/\/recapet.fr\/\"},{\"@type\":\"ListItem\",\"position\":2,\"name\":\"Produit Dame JEanne 2011\"}]},{\"@type\":\"WebSite\",\"@id\":\"https:\/\/recapet.fr\/#website\",\"url\":\"https:\/\/recapet.fr\/\",\"name\":\"Armagnac Recapet\",\"description\":\"Armagnac Bas-Armagnac bio, distill\u00e9 avec passion au c\u0153ur du Gers.\",\"publisher\":{\"@id\":\"https:\/\/recapet.fr\/#organization\"},\"potentialAction\":[{\"@type\":\"SearchAction\",\"target\":{\"@type\":\"EntryPoint\",\"urlTemplate\":\"https:\/\/recapet.fr\/?s={search_term_string}\"},\"query-input\":\"required name=search_term_string\"}],\"inLanguage\":\"fr-FR\"},{\"@type\":\"Organization\",\"@id\":\"https:\/\/recapet.fr\/#organization\",\"name\":\"R\u00e9capet\",\"url\":\"https:\/\/recapet.fr\/\",\"logo\":{\"@type\":\"ImageObject\",\"inLanguage\":\"fr-FR\",\"@id\":\"https:\/\/recapet.fr\/#\/schema\/logo\/image\/\",\"url\":\"https:\/\/recapet.fr\/wp-content\/uploads\/2024\/06\/LOGO_RECAPET_ARMAGNAC_BLEU.png\",\"contentUrl\":\"https:\/\/recapet.fr\/wp-content\/uploads\/2024\/06\/LOGO_RECAPET_ARMAGNAC_BLEU.png\",\"width\":1621,\"height\":937,\"caption\":\"R\u00e9capet\"},\"image\":{\"@id\":\"https:\/\/recapet.fr\/#\/schema\/logo\/image\/\"},\"sameAs\":[\"https:\/\/www.instagram.com\/armagnac_recapet\/\"]}]}<\/script>\n<!-- \/ Yoast SEO plugin. -->","yoast_head_json":{"title":"Produit Dame JEanne 2011 - R\u00e9capet \u2013 Armagnac bio du Gers, distillation artisanale","robots":{"index":"index","follow":"follow","max-snippet":"max-snippet:-1","max-image-preview":"max-image-preview:large","max-video-preview":"max-video-preview:-1"},"canonical":"https:\/\/recapet.fr\/index.php\/produit-dame-jeanne-2011\/","og_locale":"fr_FR","og_type":"article","og_title":"Produit Dame JEanne 2011 - R\u00e9capet \u2013 Armagnac bio du Gers, distillation artisanale","og_description":"R\u00e9capet Dame Jeanne 2011 Brut de F\u00fbt D\u00e9gustation Un premier nez de fruits jaunes, sur la p\u00eache et les mirabelles,...","og_url":"https:\/\/recapet.fr\/index.php\/produit-dame-jeanne-2011\/","og_site_name":"R\u00e9capet \u2013 Armagnac bio du Gers, distillation artisanale","article_modified_time":"2024-12-12T13:41:51+00:00","og_image":[{"url":"http:\/\/recapet.fr\/wp-content\/uploads\/2024\/12\/DAME_JEANNE_Reflet-2-724x1024.png"}],"twitter_card":"summary_large_image","twitter_misc":{"Dur\u00e9e de lecture estim\u00e9e":"1 minute"},"schema":{"@context":"https:\/\/schema.org","@graph":[{"@type":"WebPage","@id":"https:\/\/recapet.fr\/index.php\/produit-dame-jeanne-2011\/","url":"https:\/\/recapet.fr\/index.php\/produit-dame-jeanne-2011\/","name":"Produit Dame JEanne 2011 - R\u00e9capet \u2013 Armagnac bio du Gers, distillation artisanale","isPartOf":{"@id":"https:\/\/recapet.fr\/#website"},"primaryImageOfPage":{"@id":"https:\/\/recapet.fr\/index.php\/produit-dame-jeanne-2011\/#primaryimage"},"image":{"@id":"https:\/\/recapet.fr\/index.php\/produit-dame-jeanne-2011\/#primaryimage"},"thumbnailUrl":"http:\/\/recapet.fr\/wp-content\/uploads\/2024\/12\/DAME_JEANNE_Reflet-2-724x1024.png","datePublished":"2024-12-12T11:25:16+00:00","dateModified":"2024-12-12T13:41:51+00:00","breadcrumb":{"@id":"https:\/\/recapet.fr\/index.php\/produit-dame-jeanne-2011\/#breadcrumb"},"inLanguage":"fr-FR","potentialAction":[{"@type":"ReadAction","target":["https:\/\/recapet.fr\/index.php\/produit-dame-jeanne-2011\/"]}]},{"@type":"ImageObject","inLanguage":"fr-FR","@id":"https:\/\/recapet.fr\/index.php\/produit-dame-jeanne-2011\/#primaryimage","url":"https:\/\/recapet.fr\/wp-content\/uploads\/2024\/12\/DAME_JEANNE_Reflet-2.png","contentUrl":"https:\/\/recapet.fr\/wp-content\/uploads\/2024\/12\/DAME_JEANNE_Reflet-2.png","width":2480,"height":3508},{"@type":"BreadcrumbList","@id":"https:\/\/recapet.fr\/index.php\/produit-dame-jeanne-2011\/#breadcrumb","itemListElement":[{"@type":"ListItem","position":1,"name":"Accueil","item":"https:\/\/recapet.fr\/"},{"@type":"ListItem","position":2,"name":"Produit Dame JEanne 2011"}]},{"@type":"WebSite","@id":"https:\/\/recapet.fr\/#website","url":"https:\/\/recapet.fr\/","name":"Armagnac Recapet","description":"Armagnac Bas-Armagnac bio, distill\u00e9 avec passion au c\u0153ur du Gers.","publisher":{"@id":"https:\/\/recapet.fr\/#organization"},"potentialAction":[{"@type":"SearchAction","target":{"@type":"EntryPoint","urlTemplate":"https:\/\/recapet.fr\/?s={search_term_string}"},"query-input":"required name=search_term_string"}],"inLanguage":"fr-FR"},{"@type":"Organization","@id":"https:\/\/recapet.fr\/#organization","name":"R\u00e9capet","url":"https:\/\/recapet.fr\/","logo":{"@type":"ImageObject","inLanguage":"fr-FR","@id":"https:\/\/recapet.fr\/#\/schema\/logo\/image\/","url":"https:\/\/recapet.fr\/wp-content\/uploads\/2024\/06\/LOGO_RECAPET_ARMAGNAC_BLEU.png","contentUrl":"https:\/\/recapet.fr\/wp-content\/uploads\/2024\/06\/LOGO_RECAPET_ARMAGNAC_BLEU.png","width":1621,"height":937,"caption":"R\u00e9capet"},"image":{"@id":"https:\/\/recapet.fr\/#\/schema\/logo\/image\/"},"sameAs":["https:\/\/www.instagram.com\/armagnac_recapet\/"]}]}},"_links":{"self":[{"href":"https:\/\/recapet.fr\/index.php\/wp-json\/wp\/v2\/pages\/841","targetHints":{"allow":["GET"]}}],"collection":[{"href":"https:\/\/recapet.fr\/index.php\/wp-json\/wp\/v2\/pages"}],"about":[{"href":"https:\/\/recapet.fr\/index.php\/wp-json\/wp\/v2\/types\/page"}],"author":[{"embeddable":true,"href":"https:\/\/recapet.fr\/index.php\/wp-json\/wp\/v2\/users\/1"}],"replies":[{"embeddable":true,"href":"https:\/\/recapet.fr\/index.php\/wp-json\/wp\/v2\/comments?post=841"}],"version-history":[{"count":16,"href":"https:\/\/recapet.fr\/index.php\/wp-json\/wp\/v2\/pages\/841\/revisions"}],"predecessor-version":[{"id":897,"href":"https:\/\/recapet.fr\/index.php\/wp-json\/wp\/v2\/pages\/841\/revisions\/897"}],"wp:attachment":[{"href":"https:\/\/recapet.fr\/index.php\/wp-json\/wp\/v2\/media?parent=841"}],"curies":[{"name":"wp","href":"https:\/\/api.w.org\/{rel}","templated":true}]}}