{"id":836,"date":"2024-12-12T12:22:22","date_gmt":"2024-12-12T11:22:22","guid":{"rendered":"https:\/\/recapet.fr\/?page_id=836"},"modified":"2025-02-10T10:19:01","modified_gmt":"2025-02-10T09:19:01","slug":"produit-blanche","status":"publish","type":"page","link":"https:\/\/recapet.fr\/index.php\/produit-blanche\/","title":{"rendered":"Produit Blanche"},"content":{"rendered":"\t\t<div data-elementor-type=\"wp-page\" data-elementor-id=\"836\" class=\"elementor elementor-836\" data-elementor-post-type=\"page\">\n\t\t\t\t<div class=\"elementor-element elementor-element-4bf2db2 e-flex e-con-boxed e-con e-parent\" data-id=\"4bf2db2\" data-element_type=\"container\" data-e-type=\"container\">\n\t\t\t\t\t<div class=\"e-con-inner\">\n\t\t\t\t<div class=\"elementor-element elementor-element-2ec67f8 elementor-widget elementor-widget-heading\" data-id=\"2ec67f8\" data-element_type=\"widget\" data-e-type=\"widget\" data-widget_type=\"heading.default\">\n\t\t\t\t<div class=\"elementor-widget-container\">\n\t\t\t\t\t<h2 class=\"elementor-heading-title elementor-size-default\">R\u00e9capet VSOP<\/h2>\t\t\t\t<\/div>\n\t\t\t\t<\/div>\n\t\t\t\t<div class=\"elementor-element elementor-element-9d4447f elementor-widget elementor-widget-heading\" data-id=\"9d4447f\" data-element_type=\"widget\" data-e-type=\"widget\" data-widget_type=\"heading.default\">\n\t\t\t\t<div class=\"elementor-widget-container\">\n\t\t\t\t\t<h2 class=\"elementor-heading-title elementor-size-default\">Blanche Armagnac<\/h2>\t\t\t\t<\/div>\n\t\t\t\t<\/div>\n\t\t\t\t\t<\/div>\n\t\t\t\t<\/div>\n\t\t<div class=\"elementor-element elementor-element-1910715 e-flex e-con-boxed e-con e-parent\" data-id=\"1910715\" data-element_type=\"container\" data-e-type=\"container\">\n\t\t\t\t\t<div class=\"e-con-inner\">\n\t\t<div class=\"elementor-element elementor-element-0509c06 e-con-full e-flex e-con e-child\" data-id=\"0509c06\" data-element_type=\"container\" data-e-type=\"container\">\n\t\t\t\t<div class=\"elementor-element elementor-element-fba94dc e-transform elementor-widget elementor-widget-image\" data-id=\"fba94dc\" data-element_type=\"widget\" data-e-type=\"widget\" data-settings=\"{&quot;_transform_scale_effect&quot;:{&quot;unit&quot;:&quot;px&quot;,&quot;size&quot;:1.5,&quot;sizes&quot;:[]},&quot;_transform_scale_effect_tablet&quot;:{&quot;unit&quot;:&quot;px&quot;,&quot;size&quot;:&quot;&quot;,&quot;sizes&quot;:[]},&quot;_transform_scale_effect_mobile&quot;:{&quot;unit&quot;:&quot;px&quot;,&quot;size&quot;:&quot;&quot;,&quot;sizes&quot;:[]}}\" data-widget_type=\"image.default\">\n\t\t\t\t<div class=\"elementor-widget-container\">\n\t\t\t\t\t\t\t\t\t\t\t\t\t\t\t<img fetchpriority=\"high\" decoding=\"async\" width=\"724\" height=\"1024\" src=\"https:\/\/recapet.fr\/wp-content\/uploads\/2024\/12\/BLANCHE_Reflet-724x1024.png\" class=\"attachment-large size-large wp-image-751\" alt=\"\" srcset=\"https:\/\/recapet.fr\/wp-content\/uploads\/2024\/12\/BLANCHE_Reflet-724x1024.png 724w, https:\/\/recapet.fr\/wp-content\/uploads\/2024\/12\/BLANCHE_Reflet-212x300.png 212w, https:\/\/recapet.fr\/wp-content\/uploads\/2024\/12\/BLANCHE_Reflet-768x1086.png 768w, https:\/\/recapet.fr\/wp-content\/uploads\/2024\/12\/BLANCHE_Reflet-1086x1536.png 1086w, https:\/\/recapet.fr\/wp-content\/uploads\/2024\/12\/BLANCHE_Reflet-1448x2048.png 1448w\" sizes=\"(max-width: 724px) 100vw, 724px\" \/>\t\t\t\t\t\t\t\t\t\t\t\t\t\t\t<\/div>\n\t\t\t\t<\/div>\n\t\t\t\t<\/div>\n\t\t<div class=\"elementor-element elementor-element-4342257 e-con-full e-flex e-con e-child\" data-id=\"4342257\" data-element_type=\"container\" data-e-type=\"container\">\n\t\t\t\t<div class=\"elementor-element elementor-element-1a6ea14 e-transform elementor-widget elementor-widget-heading\" data-id=\"1a6ea14\" data-element_type=\"widget\" data-e-type=\"widget\" data-settings=\"{&quot;_transform_scale_effect&quot;:{&quot;unit&quot;:&quot;px&quot;,&quot;size&quot;:&quot;&quot;,&quot;sizes&quot;:[]},&quot;_transform_scale_effect_tablet&quot;:{&quot;unit&quot;:&quot;px&quot;,&quot;size&quot;:&quot;&quot;,&quot;sizes&quot;:[]},&quot;_transform_scale_effect_mobile&quot;:{&quot;unit&quot;:&quot;px&quot;,&quot;size&quot;:&quot;&quot;,&quot;sizes&quot;:[]}}\" data-widget_type=\"heading.default\">\n\t\t\t\t<div class=\"elementor-widget-container\">\n\t\t\t\t\t<h2 class=\"elementor-heading-title elementor-size-default\">D\u00e9gustation<\/h2>\t\t\t\t<\/div>\n\t\t\t\t<\/div>\n\t\t\t\t<div class=\"elementor-element elementor-element-c909152 elementor-widget elementor-widget-text-editor\" data-id=\"c909152\" data-element_type=\"widget\" data-e-type=\"widget\" data-widget_type=\"text-editor.default\">\n\t\t\t\t<div class=\"elementor-widget-container\">\n\t\t\t\t\t\t\t\t\t<p>Le nez est intense, domin\u00e9 par des ar\u00f4mes de poire fra\u00eeche, accompagn\u00e9s de notes d\u2019herbe coup\u00e9e, de menthe et de citron vert.<\/p><p>La bouche est ronde, volumineuse et tr\u00e8s douce. L\u2019ensemble \u00e9volue vers des saveurs de fruits jaunes et d\u2019amande fra\u00eeche. Tr\u00e8s belle longueur en bouche.<\/p>\t\t\t\t\t\t\t\t<\/div>\n\t\t\t\t<\/div>\n\t\t\t\t<div class=\"elementor-element elementor-element-e3de2e6 elementor-widget elementor-widget-heading\" data-id=\"e3de2e6\" data-element_type=\"widget\" data-e-type=\"widget\" data-widget_type=\"heading.default\">\n\t\t\t\t<div class=\"elementor-widget-container\">\n\t\t\t\t\t<h2 class=\"elementor-heading-title elementor-size-default\">C\u00e9page<\/h2>\t\t\t\t<\/div>\n\t\t\t\t<\/div>\n\t\t\t\t<div class=\"elementor-element elementor-element-8b05614 elementor-widget elementor-widget-text-editor\" data-id=\"8b05614\" data-element_type=\"widget\" data-e-type=\"widget\" data-widget_type=\"text-editor.default\">\n\t\t\t\t<div class=\"elementor-widget-container\">\n\t\t\t\t\t\t\t\t\t<p>Le baco est issu d\u2019un croisement intersp\u00e9cifique obtenu en 1898 par Fran\u00e7ois Baco entre la Folle Blanche et le Noah. D\u2019origine italienne, l\u2019ugni blanc est un c\u00e9page tardif, peu sensible \u00e0 la pourriture grise. Il est fertile et id\u00e9al pour l\u2019armagnac.<\/p>\t\t\t\t\t\t\t\t<\/div>\n\t\t\t\t<\/div>\n\t\t\t\t<div class=\"elementor-element elementor-element-1577f0f elementor-widget elementor-widget-heading\" data-id=\"1577f0f\" data-element_type=\"widget\" data-e-type=\"widget\" data-widget_type=\"heading.default\">\n\t\t\t\t<div class=\"elementor-widget-container\">\n\t\t\t\t\t<h2 class=\"elementor-heading-title elementor-size-default\">\u00c9levage<\/h2>\t\t\t\t<\/div>\n\t\t\t\t<\/div>\n\t\t\t\t<div class=\"elementor-element elementor-element-29c1056 elementor-widget elementor-widget-text-editor\" data-id=\"29c1056\" data-element_type=\"widget\" data-e-type=\"widget\" data-widget_type=\"text-editor.default\">\n\t\t\t\t<div class=\"elementor-widget-container\">\n\t\t\t\t\t\t\t\t\t<p>Cette jeune AOP, n\u00e9e en 2005, est le fruit d\u2019un d\u00e9sir des producteurs qui avaient l\u2019habitude de conserver une partie de leur eau-de-vie fra\u00eechement distill\u00e9e pour leurs besoins personnels, souvent li\u00e9s aux plaisirs de la table.<\/p>\t\t\t\t\t\t\t\t<\/div>\n\t\t\t\t<\/div>\n\t\t\t\t<\/div>\n\t\t\t\t\t<\/div>\n\t\t\t\t<\/div>\n\t\t<div class=\"elementor-element elementor-element-1101325 e-flex e-con-boxed e-con e-parent\" data-id=\"1101325\" data-element_type=\"container\" data-e-type=\"container\">\n\t\t\t\t\t<div class=\"e-con-inner\">\n\t\t\t\t<div class=\"elementor-element elementor-element-ed92bfd elementor-widget elementor-widget-heading\" data-id=\"ed92bfd\" data-element_type=\"widget\" data-e-type=\"widget\" data-widget_type=\"heading.default\">\n\t\t\t\t<div class=\"elementor-widget-container\">\n\t\t\t\t\t<h2 class=\"elementor-heading-title elementor-size-default\">42,5% Bas-armagnac 70cl<\/h2>\t\t\t\t<\/div>\n\t\t\t\t<\/div>\n\t\t\t\t<div class=\"elementor-element elementor-element-d145bc5 elementor-widget elementor-widget-text-editor\" data-id=\"d145bc5\" data-element_type=\"widget\" data-e-type=\"widget\" data-widget_type=\"text-editor.default\">\n\t\t\t\t<div class=\"elementor-widget-container\">\n\t\t\t\t\t\t\t\t\t<p>R\u00e9capet VSOP Domaine de Targuerie est un armagnac biologique compos\u00e9 de Un croisement intersp\u00e9cifique obtenu en 1898 par Fran\u00e7ois Baco entre la Folle Blanche et le Noa.<\/p><p><br \/>Une fois sorti de l&rsquo;alambic, l&rsquo;armagnac est vers\u00e9 dans de nouveaux tonneaux d&rsquo;Armagnac d&rsquo;une contenance de 420 litres, fabriqu\u00e9s \u00e0 partir de ch\u00eanes du Sud-Ouest de la France. Pendant le processus de vieillissement, l&rsquo;Armagnac est r\u00e9guli\u00e8rement d\u00e9gust\u00e9 et a\u00e9r\u00e9 pour m\u00e9langer les notes bois\u00e9es et adoucir l&rsquo;alcool.<\/p>\t\t\t\t\t\t\t\t<\/div>\n\t\t\t\t<\/div>\n\t\t\t\t<div class=\"elementor-element elementor-element-c705f5f elementor-align-center elementor-widget elementor-widget-button\" data-id=\"c705f5f\" data-element_type=\"widget\" data-e-type=\"widget\" data-widget_type=\"button.default\">\n\t\t\t\t<div class=\"elementor-widget-container\">\n\t\t\t\t\t\t\t\t\t<div class=\"elementor-button-wrapper\">\n\t\t\t\t\t<a class=\"elementor-button elementor-button-link elementor-size-sm\" href=\"https:\/\/www.vins-francoislurton.com\/spiritueux\/1071-recapet-blanche-d-armagnac.html\" target=\"_blank\">\n\t\t\t\t\t\t<span class=\"elementor-button-content-wrapper\">\n\t\t\t\t\t\t\t\t\t<span class=\"elementor-button-text\">Acheter<\/span>\n\t\t\t\t\t<\/span>\n\t\t\t\t\t<\/a>\n\t\t\t\t<\/div>\n\t\t\t\t\t\t\t\t<\/div>\n\t\t\t\t<\/div>\n\t\t\t\t\t<\/div>\n\t\t\t\t<\/div>\n\t\t\t\t<\/div>\n\t\t","protected":false},"excerpt":{"rendered":"<p>R\u00e9capet VSOP Blanche Armagnac D\u00e9gustation Le nez est intense, domin\u00e9 par des ar\u00f4mes de poire fra\u00eeche, accompagn\u00e9s de notes d\u2019herbe&#8230;<\/p>\n","protected":false},"author":1,"featured_media":0,"parent":0,"menu_order":0,"comment_status":"closed","ping_status":"closed","template":"","meta":{"inline_featured_image":false,"footnotes":""},"class_list":["post-836","page","type-page","status-publish","hentry"],"yoast_head":"<!-- This site is optimized with the Yoast SEO plugin v22.9 - https:\/\/yoast.com\/wordpress\/plugins\/seo\/ -->\n<title>Produit Blanche - R\u00e9capet \u2013 Armagnac bio du Gers, distillation artisanale<\/title>\n<meta name=\"robots\" content=\"index, follow, max-snippet:-1, max-image-preview:large, max-video-preview:-1\" \/>\n<link rel=\"canonical\" href=\"https:\/\/recapet.fr\/index.php\/produit-blanche\/\" \/>\n<meta property=\"og:locale\" content=\"fr_FR\" \/>\n<meta property=\"og:type\" content=\"article\" \/>\n<meta property=\"og:title\" content=\"Produit Blanche - R\u00e9capet \u2013 Armagnac bio du Gers, distillation artisanale\" \/>\n<meta property=\"og:description\" content=\"R\u00e9capet VSOP Blanche Armagnac D\u00e9gustation Le nez est intense, domin\u00e9 par des ar\u00f4mes de poire fra\u00eeche, accompagn\u00e9s de notes d\u2019herbe...\" \/>\n<meta property=\"og:url\" content=\"https:\/\/recapet.fr\/index.php\/produit-blanche\/\" \/>\n<meta property=\"og:site_name\" content=\"R\u00e9capet \u2013 Armagnac bio du Gers, distillation artisanale\" \/>\n<meta property=\"article:modified_time\" content=\"2025-02-10T09:19:01+00:00\" \/>\n<meta property=\"og:image\" content=\"http:\/\/recapet.fr\/wp-content\/uploads\/2024\/12\/BLANCHE_Reflet-724x1024.png\" \/>\n<meta name=\"twitter:card\" content=\"summary_large_image\" \/>\n<meta name=\"twitter:label1\" content=\"Dur\u00e9e de lecture estim\u00e9e\" \/>\n\t<meta name=\"twitter:data1\" content=\"2 minutes\" \/>\n<script type=\"application\/ld+json\" class=\"yoast-schema-graph\">{\"@context\":\"https:\/\/schema.org\",\"@graph\":[{\"@type\":\"WebPage\",\"@id\":\"https:\/\/recapet.fr\/index.php\/produit-blanche\/\",\"url\":\"https:\/\/recapet.fr\/index.php\/produit-blanche\/\",\"name\":\"Produit Blanche - R\u00e9capet \u2013 Armagnac bio du Gers, distillation artisanale\",\"isPartOf\":{\"@id\":\"https:\/\/recapet.fr\/#website\"},\"primaryImageOfPage\":{\"@id\":\"https:\/\/recapet.fr\/index.php\/produit-blanche\/#primaryimage\"},\"image\":{\"@id\":\"https:\/\/recapet.fr\/index.php\/produit-blanche\/#primaryimage\"},\"thumbnailUrl\":\"http:\/\/recapet.fr\/wp-content\/uploads\/2024\/12\/BLANCHE_Reflet-724x1024.png\",\"datePublished\":\"2024-12-12T11:22:22+00:00\",\"dateModified\":\"2025-02-10T09:19:01+00:00\",\"breadcrumb\":{\"@id\":\"https:\/\/recapet.fr\/index.php\/produit-blanche\/#breadcrumb\"},\"inLanguage\":\"fr-FR\",\"potentialAction\":[{\"@type\":\"ReadAction\",\"target\":[\"https:\/\/recapet.fr\/index.php\/produit-blanche\/\"]}]},{\"@type\":\"ImageObject\",\"inLanguage\":\"fr-FR\",\"@id\":\"https:\/\/recapet.fr\/index.php\/produit-blanche\/#primaryimage\",\"url\":\"https:\/\/recapet.fr\/wp-content\/uploads\/2024\/12\/BLANCHE_Reflet.png\",\"contentUrl\":\"https:\/\/recapet.fr\/wp-content\/uploads\/2024\/12\/BLANCHE_Reflet.png\",\"width\":2480,\"height\":3508},{\"@type\":\"BreadcrumbList\",\"@id\":\"https:\/\/recapet.fr\/index.php\/produit-blanche\/#breadcrumb\",\"itemListElement\":[{\"@type\":\"ListItem\",\"position\":1,\"name\":\"Accueil\",\"item\":\"https:\/\/recapet.fr\/\"},{\"@type\":\"ListItem\",\"position\":2,\"name\":\"Produit Blanche\"}]},{\"@type\":\"WebSite\",\"@id\":\"https:\/\/recapet.fr\/#website\",\"url\":\"https:\/\/recapet.fr\/\",\"name\":\"Armagnac Recapet\",\"description\":\"Armagnac Bas-Armagnac bio, distill\u00e9 avec passion au c\u0153ur du Gers.\",\"publisher\":{\"@id\":\"https:\/\/recapet.fr\/#organization\"},\"potentialAction\":[{\"@type\":\"SearchAction\",\"target\":{\"@type\":\"EntryPoint\",\"urlTemplate\":\"https:\/\/recapet.fr\/?s={search_term_string}\"},\"query-input\":\"required name=search_term_string\"}],\"inLanguage\":\"fr-FR\"},{\"@type\":\"Organization\",\"@id\":\"https:\/\/recapet.fr\/#organization\",\"name\":\"R\u00e9capet\",\"url\":\"https:\/\/recapet.fr\/\",\"logo\":{\"@type\":\"ImageObject\",\"inLanguage\":\"fr-FR\",\"@id\":\"https:\/\/recapet.fr\/#\/schema\/logo\/image\/\",\"url\":\"https:\/\/recapet.fr\/wp-content\/uploads\/2024\/06\/LOGO_RECAPET_ARMAGNAC_BLEU.png\",\"contentUrl\":\"https:\/\/recapet.fr\/wp-content\/uploads\/2024\/06\/LOGO_RECAPET_ARMAGNAC_BLEU.png\",\"width\":1621,\"height\":937,\"caption\":\"R\u00e9capet\"},\"image\":{\"@id\":\"https:\/\/recapet.fr\/#\/schema\/logo\/image\/\"},\"sameAs\":[\"https:\/\/www.instagram.com\/armagnac_recapet\/\"]}]}<\/script>\n<!-- \/ Yoast SEO plugin. -->","yoast_head_json":{"title":"Produit Blanche - R\u00e9capet \u2013 Armagnac bio du Gers, distillation artisanale","robots":{"index":"index","follow":"follow","max-snippet":"max-snippet:-1","max-image-preview":"max-image-preview:large","max-video-preview":"max-video-preview:-1"},"canonical":"https:\/\/recapet.fr\/index.php\/produit-blanche\/","og_locale":"fr_FR","og_type":"article","og_title":"Produit Blanche - R\u00e9capet \u2013 Armagnac bio du Gers, distillation artisanale","og_description":"R\u00e9capet VSOP Blanche Armagnac D\u00e9gustation Le nez est intense, domin\u00e9 par des ar\u00f4mes de poire fra\u00eeche, accompagn\u00e9s de notes d\u2019herbe...","og_url":"https:\/\/recapet.fr\/index.php\/produit-blanche\/","og_site_name":"R\u00e9capet \u2013 Armagnac bio du Gers, distillation artisanale","article_modified_time":"2025-02-10T09:19:01+00:00","og_image":[{"url":"http:\/\/recapet.fr\/wp-content\/uploads\/2024\/12\/BLANCHE_Reflet-724x1024.png"}],"twitter_card":"summary_large_image","twitter_misc":{"Dur\u00e9e de lecture estim\u00e9e":"2 minutes"},"schema":{"@context":"https:\/\/schema.org","@graph":[{"@type":"WebPage","@id":"https:\/\/recapet.fr\/index.php\/produit-blanche\/","url":"https:\/\/recapet.fr\/index.php\/produit-blanche\/","name":"Produit Blanche - R\u00e9capet \u2013 Armagnac bio du Gers, distillation artisanale","isPartOf":{"@id":"https:\/\/recapet.fr\/#website"},"primaryImageOfPage":{"@id":"https:\/\/recapet.fr\/index.php\/produit-blanche\/#primaryimage"},"image":{"@id":"https:\/\/recapet.fr\/index.php\/produit-blanche\/#primaryimage"},"thumbnailUrl":"http:\/\/recapet.fr\/wp-content\/uploads\/2024\/12\/BLANCHE_Reflet-724x1024.png","datePublished":"2024-12-12T11:22:22+00:00","dateModified":"2025-02-10T09:19:01+00:00","breadcrumb":{"@id":"https:\/\/recapet.fr\/index.php\/produit-blanche\/#breadcrumb"},"inLanguage":"fr-FR","potentialAction":[{"@type":"ReadAction","target":["https:\/\/recapet.fr\/index.php\/produit-blanche\/"]}]},{"@type":"ImageObject","inLanguage":"fr-FR","@id":"https:\/\/recapet.fr\/index.php\/produit-blanche\/#primaryimage","url":"https:\/\/recapet.fr\/wp-content\/uploads\/2024\/12\/BLANCHE_Reflet.png","contentUrl":"https:\/\/recapet.fr\/wp-content\/uploads\/2024\/12\/BLANCHE_Reflet.png","width":2480,"height":3508},{"@type":"BreadcrumbList","@id":"https:\/\/recapet.fr\/index.php\/produit-blanche\/#breadcrumb","itemListElement":[{"@type":"ListItem","position":1,"name":"Accueil","item":"https:\/\/recapet.fr\/"},{"@type":"ListItem","position":2,"name":"Produit Blanche"}]},{"@type":"WebSite","@id":"https:\/\/recapet.fr\/#website","url":"https:\/\/recapet.fr\/","name":"Armagnac Recapet","description":"Armagnac Bas-Armagnac bio, distill\u00e9 avec passion au c\u0153ur du Gers.","publisher":{"@id":"https:\/\/recapet.fr\/#organization"},"potentialAction":[{"@type":"SearchAction","target":{"@type":"EntryPoint","urlTemplate":"https:\/\/recapet.fr\/?s={search_term_string}"},"query-input":"required name=search_term_string"}],"inLanguage":"fr-FR"},{"@type":"Organization","@id":"https:\/\/recapet.fr\/#organization","name":"R\u00e9capet","url":"https:\/\/recapet.fr\/","logo":{"@type":"ImageObject","inLanguage":"fr-FR","@id":"https:\/\/recapet.fr\/#\/schema\/logo\/image\/","url":"https:\/\/recapet.fr\/wp-content\/uploads\/2024\/06\/LOGO_RECAPET_ARMAGNAC_BLEU.png","contentUrl":"https:\/\/recapet.fr\/wp-content\/uploads\/2024\/06\/LOGO_RECAPET_ARMAGNAC_BLEU.png","width":1621,"height":937,"caption":"R\u00e9capet"},"image":{"@id":"https:\/\/recapet.fr\/#\/schema\/logo\/image\/"},"sameAs":["https:\/\/www.instagram.com\/armagnac_recapet\/"]}]}},"_links":{"self":[{"href":"https:\/\/recapet.fr\/index.php\/wp-json\/wp\/v2\/pages\/836","targetHints":{"allow":["GET"]}}],"collection":[{"href":"https:\/\/recapet.fr\/index.php\/wp-json\/wp\/v2\/pages"}],"about":[{"href":"https:\/\/recapet.fr\/index.php\/wp-json\/wp\/v2\/types\/page"}],"author":[{"embeddable":true,"href":"https:\/\/recapet.fr\/index.php\/wp-json\/wp\/v2\/users\/1"}],"replies":[{"embeddable":true,"href":"https:\/\/recapet.fr\/index.php\/wp-json\/wp\/v2\/comments?post=836"}],"version-history":[{"count":13,"href":"https:\/\/recapet.fr\/index.php\/wp-json\/wp\/v2\/pages\/836\/revisions"}],"predecessor-version":[{"id":1005,"href":"https:\/\/recapet.fr\/index.php\/wp-json\/wp\/v2\/pages\/836\/revisions\/1005"}],"wp:attachment":[{"href":"https:\/\/recapet.fr\/index.php\/wp-json\/wp\/v2\/media?parent=836"}],"curies":[{"name":"wp","href":"https:\/\/api.w.org\/{rel}","templated":true}]}}