{"id":831,"date":"2024-12-12T12:15:33","date_gmt":"2024-12-12T11:15:33","guid":{"rendered":"https:\/\/recapet.fr\/?page_id=831"},"modified":"2024-12-12T14:45:27","modified_gmt":"2024-12-12T13:45:27","slug":"produit-domaine-de-targuerie-50cl","status":"publish","type":"page","link":"https:\/\/recapet.fr\/index.php\/produit-domaine-de-targuerie-50cl\/","title":{"rendered":"Produit Domaine de Targuerie 50cl"},"content":{"rendered":"\t\t<div data-elementor-type=\"wp-page\" data-elementor-id=\"831\" class=\"elementor elementor-831\" data-elementor-post-type=\"page\">\n\t\t\t\t<div class=\"elementor-element elementor-element-9f804f3 e-flex e-con-boxed e-con e-parent\" data-id=\"9f804f3\" data-element_type=\"container\" data-e-type=\"container\">\n\t\t\t\t\t<div class=\"e-con-inner\">\n\t\t\t\t<div class=\"elementor-element elementor-element-3c2d565 elementor-widget elementor-widget-heading\" data-id=\"3c2d565\" data-element_type=\"widget\" data-e-type=\"widget\" data-widget_type=\"heading.default\">\n\t\t\t\t<div class=\"elementor-widget-container\">\n\t\t\t\t\t<h2 class=\"elementor-heading-title elementor-size-default\">R\u00e9capet VSOP<\/h2>\t\t\t\t<\/div>\n\t\t\t\t<\/div>\n\t\t\t\t<div class=\"elementor-element elementor-element-d8634cf elementor-widget elementor-widget-heading\" data-id=\"d8634cf\" data-element_type=\"widget\" data-e-type=\"widget\" data-widget_type=\"heading.default\">\n\t\t\t\t<div class=\"elementor-widget-container\">\n\t\t\t\t\t<h2 class=\"elementor-heading-title elementor-size-default\">Domaine de Targuerie<\/h2>\t\t\t\t<\/div>\n\t\t\t\t<\/div>\n\t\t\t\t\t<\/div>\n\t\t\t\t<\/div>\n\t\t<div class=\"elementor-element elementor-element-b78b7f1 e-flex e-con-boxed e-con e-parent\" data-id=\"b78b7f1\" data-element_type=\"container\" data-e-type=\"container\">\n\t\t\t\t\t<div class=\"e-con-inner\">\n\t\t<div class=\"elementor-element elementor-element-48d5783 e-con-full e-flex e-con e-child\" data-id=\"48d5783\" data-element_type=\"container\" data-e-type=\"container\">\n\t\t\t\t<div class=\"elementor-element elementor-element-2e4873a e-transform elementor-widget elementor-widget-image\" data-id=\"2e4873a\" data-element_type=\"widget\" data-e-type=\"widget\" data-settings=\"{&quot;_transform_scale_effect&quot;:{&quot;unit&quot;:&quot;px&quot;,&quot;size&quot;:1.5,&quot;sizes&quot;:[]},&quot;_transform_scale_effect_tablet&quot;:{&quot;unit&quot;:&quot;px&quot;,&quot;size&quot;:&quot;&quot;,&quot;sizes&quot;:[]},&quot;_transform_scale_effect_mobile&quot;:{&quot;unit&quot;:&quot;px&quot;,&quot;size&quot;:&quot;&quot;,&quot;sizes&quot;:[]}}\" data-widget_type=\"image.default\">\n\t\t\t\t<div class=\"elementor-widget-container\">\n\t\t\t\t\t\t\t\t\t\t\t\t\t\t\t<img fetchpriority=\"high\" decoding=\"async\" width=\"724\" height=\"1024\" src=\"https:\/\/recapet.fr\/wp-content\/uploads\/2024\/12\/DOMAINE_50_Reflet-724x1024.png\" class=\"attachment-large size-large wp-image-754\" alt=\"\" srcset=\"https:\/\/recapet.fr\/wp-content\/uploads\/2024\/12\/DOMAINE_50_Reflet-724x1024.png 724w, https:\/\/recapet.fr\/wp-content\/uploads\/2024\/12\/DOMAINE_50_Reflet-212x300.png 212w, https:\/\/recapet.fr\/wp-content\/uploads\/2024\/12\/DOMAINE_50_Reflet-768x1086.png 768w, https:\/\/recapet.fr\/wp-content\/uploads\/2024\/12\/DOMAINE_50_Reflet-1086x1536.png 1086w, https:\/\/recapet.fr\/wp-content\/uploads\/2024\/12\/DOMAINE_50_Reflet-1448x2048.png 1448w\" sizes=\"(max-width: 724px) 100vw, 724px\" \/>\t\t\t\t\t\t\t\t\t\t\t\t\t\t\t<\/div>\n\t\t\t\t<\/div>\n\t\t\t\t<\/div>\n\t\t<div class=\"elementor-element elementor-element-fc4f1d3 e-con-full e-flex e-con e-child\" data-id=\"fc4f1d3\" data-element_type=\"container\" data-e-type=\"container\">\n\t\t\t\t<div class=\"elementor-element elementor-element-daece01 e-transform elementor-widget elementor-widget-heading\" data-id=\"daece01\" data-element_type=\"widget\" data-e-type=\"widget\" data-settings=\"{&quot;_transform_scale_effect&quot;:{&quot;unit&quot;:&quot;px&quot;,&quot;size&quot;:&quot;&quot;,&quot;sizes&quot;:[]},&quot;_transform_scale_effect_tablet&quot;:{&quot;unit&quot;:&quot;px&quot;,&quot;size&quot;:&quot;&quot;,&quot;sizes&quot;:[]},&quot;_transform_scale_effect_mobile&quot;:{&quot;unit&quot;:&quot;px&quot;,&quot;size&quot;:&quot;&quot;,&quot;sizes&quot;:[]}}\" data-widget_type=\"heading.default\">\n\t\t\t\t<div class=\"elementor-widget-container\">\n\t\t\t\t\t<h2 class=\"elementor-heading-title elementor-size-default\">D\u00e9gustation<\/h2>\t\t\t\t<\/div>\n\t\t\t\t<\/div>\n\t\t\t\t<div class=\"elementor-element elementor-element-4ea5e0d elementor-widget elementor-widget-text-editor\" data-id=\"4ea5e0d\" data-element_type=\"widget\" data-e-type=\"widget\" data-widget_type=\"text-editor.default\">\n\t\t\t\t<div class=\"elementor-widget-container\">\n\t\t\t\t\t\t\t\t\t<p>Un premier nez r\u00e9v\u00e8le des ar\u00f4mes d\u2019abricot et de vanille Bourbon, \u00e9voluant vers des notes p\u00e2tissi\u00e8res complexes telles que le biscuit beurr\u00e9, le caramel, les fruits secs et le sp\u00e9culoos.<\/p><p>En bouche, il est velout\u00e9, offrant beaucoup de volume et de douceur.<br \/>Avec un style rond et riche, cet Armagnac est un mod\u00e8le d\u2019\u00e9quilibre. La finale est marqu\u00e9e par des notes de prune, d\u2019\u00e9pices et de cire d\u2019abeille.<\/p>\t\t\t\t\t\t\t\t<\/div>\n\t\t\t\t<\/div>\n\t\t\t\t<div class=\"elementor-element elementor-element-ac26627 elementor-widget elementor-widget-heading\" data-id=\"ac26627\" data-element_type=\"widget\" data-e-type=\"widget\" data-widget_type=\"heading.default\">\n\t\t\t\t<div class=\"elementor-widget-container\">\n\t\t\t\t\t<h2 class=\"elementor-heading-title elementor-size-default\">C\u00e9page<\/h2>\t\t\t\t<\/div>\n\t\t\t\t<\/div>\n\t\t\t\t<div class=\"elementor-element elementor-element-6e442b1 elementor-widget elementor-widget-text-editor\" data-id=\"6e442b1\" data-element_type=\"widget\" data-e-type=\"widget\" data-widget_type=\"text-editor.default\">\n\t\t\t\t<div class=\"elementor-widget-container\">\n\t\t\t\t\t\t\t\t\t<p>Un croisement intersp\u00e9cifique obtenu en 1898 par Fran\u00e7ois Baco entre la Folle Blanche et le Noah.<\/p>\t\t\t\t\t\t\t\t<\/div>\n\t\t\t\t<\/div>\n\t\t\t\t<div class=\"elementor-element elementor-element-025bcd8 elementor-widget elementor-widget-heading\" data-id=\"025bcd8\" data-element_type=\"widget\" data-e-type=\"widget\" data-widget_type=\"heading.default\">\n\t\t\t\t<div class=\"elementor-widget-container\">\n\t\t\t\t\t<h2 class=\"elementor-heading-title elementor-size-default\">\u00c9levage<\/h2>\t\t\t\t<\/div>\n\t\t\t\t<\/div>\n\t\t\t\t<div class=\"elementor-element elementor-element-a704b19 elementor-widget elementor-widget-text-editor\" data-id=\"a704b19\" data-element_type=\"widget\" data-e-type=\"widget\" data-widget_type=\"text-editor.default\">\n\t\t\t\t<div class=\"elementor-widget-container\">\n\t\t\t\t\t\t\t\t\t<p>Une fois sortie de l\u2019alambic, l\u2019eau-de-vie est vers\u00e9e dans des f\u00fbts neufs de 420 litres destin\u00e9s \u00e0 l\u2019Armagnac, fabriqu\u00e9s \u00e0 partir de ch\u00eanes du Sud-Ouest de la France.<\/p>\t\t\t\t\t\t\t\t<\/div>\n\t\t\t\t<\/div>\n\t\t\t\t<\/div>\n\t\t\t\t\t<\/div>\n\t\t\t\t<\/div>\n\t\t<div class=\"elementor-element elementor-element-1e9af25 e-flex e-con-boxed e-con e-parent\" data-id=\"1e9af25\" data-element_type=\"container\" data-e-type=\"container\">\n\t\t\t\t\t<div class=\"e-con-inner\">\n\t\t\t\t<div class=\"elementor-element elementor-element-19d3632 elementor-widget elementor-widget-heading\" data-id=\"19d3632\" data-element_type=\"widget\" data-e-type=\"widget\" data-widget_type=\"heading.default\">\n\t\t\t\t<div class=\"elementor-widget-container\">\n\t\t\t\t\t<h2 class=\"elementor-heading-title elementor-size-default\">42,5% Bas-armagnac 50cl<\/h2>\t\t\t\t<\/div>\n\t\t\t\t<\/div>\n\t\t\t\t<div class=\"elementor-element elementor-element-95ab472 elementor-widget elementor-widget-text-editor\" data-id=\"95ab472\" data-element_type=\"widget\" data-e-type=\"widget\" data-widget_type=\"text-editor.default\">\n\t\t\t\t<div class=\"elementor-widget-container\">\n\t\t\t\t\t\t\t\t\t<p>R\u00e9capet VSOP Domaine de Targuerie est un armagnac biologique compos\u00e9 de Un croisement intersp\u00e9cifique obtenu en 1898 par Fran\u00e7ois Baco entre la Folle Blanche et le Noa.<\/p><p><br \/>Une fois sorti de l&rsquo;alambic, l&rsquo;armagnac est vers\u00e9 dans de nouveaux tonneaux d&rsquo;Armagnac d&rsquo;une contenance de 420 litres, fabriqu\u00e9s \u00e0 partir de ch\u00eanes du Sud-Ouest de la France. Pendant le processus de vieillissement, l&rsquo;Armagnac est r\u00e9guli\u00e8rement d\u00e9gust\u00e9 et a\u00e9r\u00e9 pour m\u00e9langer les notes bois\u00e9es et adoucir l&rsquo;alcool.<\/p>\t\t\t\t\t\t\t\t<\/div>\n\t\t\t\t<\/div>\n\t\t\t\t<div class=\"elementor-element elementor-element-6504d5d elementor-align-center elementor-widget elementor-widget-button\" data-id=\"6504d5d\" data-element_type=\"widget\" data-e-type=\"widget\" data-widget_type=\"button.default\">\n\t\t\t\t<div class=\"elementor-widget-container\">\n\t\t\t\t\t\t\t\t\t<div class=\"elementor-button-wrapper\">\n\t\t\t\t\t<a class=\"elementor-button elementor-button-link elementor-size-sm\" href=\"\" target=\"_blank\">\n\t\t\t\t\t\t<span class=\"elementor-button-content-wrapper\">\n\t\t\t\t\t\t\t\t\t<span class=\"elementor-button-text\">Acheter<\/span>\n\t\t\t\t\t<\/span>\n\t\t\t\t\t<\/a>\n\t\t\t\t<\/div>\n\t\t\t\t\t\t\t\t<\/div>\n\t\t\t\t<\/div>\n\t\t\t\t\t<\/div>\n\t\t\t\t<\/div>\n\t\t\t\t<\/div>\n\t\t","protected":false},"excerpt":{"rendered":"<p>R\u00e9capet VSOP Domaine de Targuerie D\u00e9gustation Un premier nez r\u00e9v\u00e8le des ar\u00f4mes d\u2019abricot et de vanille Bourbon, \u00e9voluant vers des&#8230;<\/p>\n","protected":false},"author":1,"featured_media":0,"parent":0,"menu_order":0,"comment_status":"closed","ping_status":"closed","template":"","meta":{"inline_featured_image":false,"footnotes":""},"class_list":["post-831","page","type-page","status-publish","hentry"],"yoast_head":"<!-- This site is optimized with the Yoast SEO plugin v22.9 - https:\/\/yoast.com\/wordpress\/plugins\/seo\/ -->\n<title>Produit Domaine de Targuerie 50cl - R\u00e9capet \u2013 Armagnac bio du Gers, distillation artisanale<\/title>\n<meta name=\"robots\" content=\"index, follow, max-snippet:-1, max-image-preview:large, max-video-preview:-1\" \/>\n<link rel=\"canonical\" href=\"https:\/\/recapet.fr\/index.php\/produit-domaine-de-targuerie-50cl\/\" \/>\n<meta property=\"og:locale\" content=\"fr_FR\" \/>\n<meta property=\"og:type\" content=\"article\" \/>\n<meta property=\"og:title\" content=\"Produit Domaine de Targuerie 50cl - R\u00e9capet \u2013 Armagnac bio du Gers, distillation artisanale\" \/>\n<meta property=\"og:description\" content=\"R\u00e9capet VSOP Domaine de Targuerie D\u00e9gustation Un premier nez r\u00e9v\u00e8le des ar\u00f4mes d\u2019abricot et de vanille Bourbon, \u00e9voluant vers des...\" \/>\n<meta property=\"og:url\" content=\"https:\/\/recapet.fr\/index.php\/produit-domaine-de-targuerie-50cl\/\" \/>\n<meta property=\"og:site_name\" content=\"R\u00e9capet \u2013 Armagnac bio du Gers, distillation artisanale\" \/>\n<meta property=\"article:modified_time\" content=\"2024-12-12T13:45:27+00:00\" \/>\n<meta property=\"og:image\" content=\"http:\/\/recapet.fr\/wp-content\/uploads\/2024\/12\/DOMAINE_50_Reflet-724x1024.png\" \/>\n<meta name=\"twitter:card\" content=\"summary_large_image\" \/>\n<meta name=\"twitter:label1\" content=\"Dur\u00e9e de lecture estim\u00e9e\" \/>\n\t<meta name=\"twitter:data1\" content=\"2 minutes\" \/>\n<script type=\"application\/ld+json\" class=\"yoast-schema-graph\">{\"@context\":\"https:\/\/schema.org\",\"@graph\":[{\"@type\":\"WebPage\",\"@id\":\"https:\/\/recapet.fr\/index.php\/produit-domaine-de-targuerie-50cl\/\",\"url\":\"https:\/\/recapet.fr\/index.php\/produit-domaine-de-targuerie-50cl\/\",\"name\":\"Produit Domaine de Targuerie 50cl - R\u00e9capet \u2013 Armagnac bio du Gers, distillation artisanale\",\"isPartOf\":{\"@id\":\"https:\/\/recapet.fr\/#website\"},\"primaryImageOfPage\":{\"@id\":\"https:\/\/recapet.fr\/index.php\/produit-domaine-de-targuerie-50cl\/#primaryimage\"},\"image\":{\"@id\":\"https:\/\/recapet.fr\/index.php\/produit-domaine-de-targuerie-50cl\/#primaryimage\"},\"thumbnailUrl\":\"http:\/\/recapet.fr\/wp-content\/uploads\/2024\/12\/DOMAINE_50_Reflet-724x1024.png\",\"datePublished\":\"2024-12-12T11:15:33+00:00\",\"dateModified\":\"2024-12-12T13:45:27+00:00\",\"breadcrumb\":{\"@id\":\"https:\/\/recapet.fr\/index.php\/produit-domaine-de-targuerie-50cl\/#breadcrumb\"},\"inLanguage\":\"fr-FR\",\"potentialAction\":[{\"@type\":\"ReadAction\",\"target\":[\"https:\/\/recapet.fr\/index.php\/produit-domaine-de-targuerie-50cl\/\"]}]},{\"@type\":\"ImageObject\",\"inLanguage\":\"fr-FR\",\"@id\":\"https:\/\/recapet.fr\/index.php\/produit-domaine-de-targuerie-50cl\/#primaryimage\",\"url\":\"https:\/\/recapet.fr\/wp-content\/uploads\/2024\/12\/DOMAINE_50_Reflet.png\",\"contentUrl\":\"https:\/\/recapet.fr\/wp-content\/uploads\/2024\/12\/DOMAINE_50_Reflet.png\",\"width\":2480,\"height\":3508},{\"@type\":\"BreadcrumbList\",\"@id\":\"https:\/\/recapet.fr\/index.php\/produit-domaine-de-targuerie-50cl\/#breadcrumb\",\"itemListElement\":[{\"@type\":\"ListItem\",\"position\":1,\"name\":\"Accueil\",\"item\":\"https:\/\/recapet.fr\/\"},{\"@type\":\"ListItem\",\"position\":2,\"name\":\"Produit Domaine de Targuerie 50cl\"}]},{\"@type\":\"WebSite\",\"@id\":\"https:\/\/recapet.fr\/#website\",\"url\":\"https:\/\/recapet.fr\/\",\"name\":\"Armagnac Recapet\",\"description\":\"Armagnac Bas-Armagnac bio, distill\u00e9 avec passion au c\u0153ur du Gers.\",\"publisher\":{\"@id\":\"https:\/\/recapet.fr\/#organization\"},\"potentialAction\":[{\"@type\":\"SearchAction\",\"target\":{\"@type\":\"EntryPoint\",\"urlTemplate\":\"https:\/\/recapet.fr\/?s={search_term_string}\"},\"query-input\":\"required name=search_term_string\"}],\"inLanguage\":\"fr-FR\"},{\"@type\":\"Organization\",\"@id\":\"https:\/\/recapet.fr\/#organization\",\"name\":\"R\u00e9capet\",\"url\":\"https:\/\/recapet.fr\/\",\"logo\":{\"@type\":\"ImageObject\",\"inLanguage\":\"fr-FR\",\"@id\":\"https:\/\/recapet.fr\/#\/schema\/logo\/image\/\",\"url\":\"https:\/\/recapet.fr\/wp-content\/uploads\/2024\/06\/LOGO_RECAPET_ARMAGNAC_BLEU.png\",\"contentUrl\":\"https:\/\/recapet.fr\/wp-content\/uploads\/2024\/06\/LOGO_RECAPET_ARMAGNAC_BLEU.png\",\"width\":1621,\"height\":937,\"caption\":\"R\u00e9capet\"},\"image\":{\"@id\":\"https:\/\/recapet.fr\/#\/schema\/logo\/image\/\"},\"sameAs\":[\"https:\/\/www.instagram.com\/armagnac_recapet\/\"]}]}<\/script>\n<!-- \/ Yoast SEO plugin. -->","yoast_head_json":{"title":"Produit Domaine de Targuerie 50cl - R\u00e9capet \u2013 Armagnac bio du Gers, distillation artisanale","robots":{"index":"index","follow":"follow","max-snippet":"max-snippet:-1","max-image-preview":"max-image-preview:large","max-video-preview":"max-video-preview:-1"},"canonical":"https:\/\/recapet.fr\/index.php\/produit-domaine-de-targuerie-50cl\/","og_locale":"fr_FR","og_type":"article","og_title":"Produit Domaine de Targuerie 50cl - R\u00e9capet \u2013 Armagnac bio du Gers, distillation artisanale","og_description":"R\u00e9capet VSOP Domaine de Targuerie D\u00e9gustation Un premier nez r\u00e9v\u00e8le des ar\u00f4mes d\u2019abricot et de vanille Bourbon, \u00e9voluant vers des...","og_url":"https:\/\/recapet.fr\/index.php\/produit-domaine-de-targuerie-50cl\/","og_site_name":"R\u00e9capet \u2013 Armagnac bio du Gers, distillation artisanale","article_modified_time":"2024-12-12T13:45:27+00:00","og_image":[{"url":"http:\/\/recapet.fr\/wp-content\/uploads\/2024\/12\/DOMAINE_50_Reflet-724x1024.png"}],"twitter_card":"summary_large_image","twitter_misc":{"Dur\u00e9e de lecture estim\u00e9e":"2 minutes"},"schema":{"@context":"https:\/\/schema.org","@graph":[{"@type":"WebPage","@id":"https:\/\/recapet.fr\/index.php\/produit-domaine-de-targuerie-50cl\/","url":"https:\/\/recapet.fr\/index.php\/produit-domaine-de-targuerie-50cl\/","name":"Produit Domaine de Targuerie 50cl - R\u00e9capet \u2013 Armagnac bio du Gers, distillation artisanale","isPartOf":{"@id":"https:\/\/recapet.fr\/#website"},"primaryImageOfPage":{"@id":"https:\/\/recapet.fr\/index.php\/produit-domaine-de-targuerie-50cl\/#primaryimage"},"image":{"@id":"https:\/\/recapet.fr\/index.php\/produit-domaine-de-targuerie-50cl\/#primaryimage"},"thumbnailUrl":"http:\/\/recapet.fr\/wp-content\/uploads\/2024\/12\/DOMAINE_50_Reflet-724x1024.png","datePublished":"2024-12-12T11:15:33+00:00","dateModified":"2024-12-12T13:45:27+00:00","breadcrumb":{"@id":"https:\/\/recapet.fr\/index.php\/produit-domaine-de-targuerie-50cl\/#breadcrumb"},"inLanguage":"fr-FR","potentialAction":[{"@type":"ReadAction","target":["https:\/\/recapet.fr\/index.php\/produit-domaine-de-targuerie-50cl\/"]}]},{"@type":"ImageObject","inLanguage":"fr-FR","@id":"https:\/\/recapet.fr\/index.php\/produit-domaine-de-targuerie-50cl\/#primaryimage","url":"https:\/\/recapet.fr\/wp-content\/uploads\/2024\/12\/DOMAINE_50_Reflet.png","contentUrl":"https:\/\/recapet.fr\/wp-content\/uploads\/2024\/12\/DOMAINE_50_Reflet.png","width":2480,"height":3508},{"@type":"BreadcrumbList","@id":"https:\/\/recapet.fr\/index.php\/produit-domaine-de-targuerie-50cl\/#breadcrumb","itemListElement":[{"@type":"ListItem","position":1,"name":"Accueil","item":"https:\/\/recapet.fr\/"},{"@type":"ListItem","position":2,"name":"Produit Domaine de Targuerie 50cl"}]},{"@type":"WebSite","@id":"https:\/\/recapet.fr\/#website","url":"https:\/\/recapet.fr\/","name":"Armagnac Recapet","description":"Armagnac Bas-Armagnac bio, distill\u00e9 avec passion au c\u0153ur du Gers.","publisher":{"@id":"https:\/\/recapet.fr\/#organization"},"potentialAction":[{"@type":"SearchAction","target":{"@type":"EntryPoint","urlTemplate":"https:\/\/recapet.fr\/?s={search_term_string}"},"query-input":"required name=search_term_string"}],"inLanguage":"fr-FR"},{"@type":"Organization","@id":"https:\/\/recapet.fr\/#organization","name":"R\u00e9capet","url":"https:\/\/recapet.fr\/","logo":{"@type":"ImageObject","inLanguage":"fr-FR","@id":"https:\/\/recapet.fr\/#\/schema\/logo\/image\/","url":"https:\/\/recapet.fr\/wp-content\/uploads\/2024\/06\/LOGO_RECAPET_ARMAGNAC_BLEU.png","contentUrl":"https:\/\/recapet.fr\/wp-content\/uploads\/2024\/06\/LOGO_RECAPET_ARMAGNAC_BLEU.png","width":1621,"height":937,"caption":"R\u00e9capet"},"image":{"@id":"https:\/\/recapet.fr\/#\/schema\/logo\/image\/"},"sameAs":["https:\/\/www.instagram.com\/armagnac_recapet\/"]}]}},"_links":{"self":[{"href":"https:\/\/recapet.fr\/index.php\/wp-json\/wp\/v2\/pages\/831","targetHints":{"allow":["GET"]}}],"collection":[{"href":"https:\/\/recapet.fr\/index.php\/wp-json\/wp\/v2\/pages"}],"about":[{"href":"https:\/\/recapet.fr\/index.php\/wp-json\/wp\/v2\/types\/page"}],"author":[{"embeddable":true,"href":"https:\/\/recapet.fr\/index.php\/wp-json\/wp\/v2\/users\/1"}],"replies":[{"embeddable":true,"href":"https:\/\/recapet.fr\/index.php\/wp-json\/wp\/v2\/comments?post=831"}],"version-history":[{"count":10,"href":"https:\/\/recapet.fr\/index.php\/wp-json\/wp\/v2\/pages\/831\/revisions"}],"predecessor-version":[{"id":909,"href":"https:\/\/recapet.fr\/index.php\/wp-json\/wp\/v2\/pages\/831\/revisions\/909"}],"wp:attachment":[{"href":"https:\/\/recapet.fr\/index.php\/wp-json\/wp\/v2\/media?parent=831"}],"curies":[{"name":"wp","href":"https:\/\/api.w.org\/{rel}","templated":true}]}}