{"id":469,"date":"2024-09-27T14:25:19","date_gmt":"2024-09-27T12:25:19","guid":{"rendered":"https:\/\/recapet.fr\/?page_id=469"},"modified":"2025-02-10T10:02:24","modified_gmt":"2025-02-10T09:02:24","slug":"produit-2000","status":"publish","type":"page","link":"https:\/\/recapet.fr\/index.php\/produit-2000\/","title":{"rendered":"produit 2000"},"content":{"rendered":"\t\t<div data-elementor-type=\"wp-page\" data-elementor-id=\"469\" class=\"elementor elementor-469\" data-elementor-post-type=\"page\">\n\t\t\t\t<div class=\"elementor-element elementor-element-d098f7d e-flex e-con-boxed e-con e-parent\" data-id=\"d098f7d\" data-element_type=\"container\" data-e-type=\"container\">\n\t\t\t\t\t<div class=\"e-con-inner\">\n\t\t\t\t<div class=\"elementor-element elementor-element-8bf56d1 elementor-widget elementor-widget-heading\" data-id=\"8bf56d1\" data-element_type=\"widget\" data-e-type=\"widget\" data-widget_type=\"heading.default\">\n\t\t\t\t<div class=\"elementor-widget-container\">\n\t\t\t\t\t<h2 class=\"elementor-heading-title elementor-size-default\">R\u00e9capet Brut<\/h2>\t\t\t\t<\/div>\n\t\t\t\t<\/div>\n\t\t\t\t<div class=\"elementor-element elementor-element-251f88f elementor-widget elementor-widget-heading\" data-id=\"251f88f\" data-element_type=\"widget\" data-e-type=\"widget\" data-widget_type=\"heading.default\">\n\t\t\t\t<div class=\"elementor-widget-container\">\n\t\t\t\t\t<h2 class=\"elementor-heading-title elementor-size-default\">2000<\/h2>\t\t\t\t<\/div>\n\t\t\t\t<\/div>\n\t\t\t\t\t<\/div>\n\t\t\t\t<\/div>\n\t\t<div class=\"elementor-element elementor-element-fbd1c79 e-flex e-con-boxed e-con e-parent\" data-id=\"fbd1c79\" data-element_type=\"container\" data-e-type=\"container\">\n\t\t\t\t\t<div class=\"e-con-inner\">\n\t\t<div class=\"elementor-element elementor-element-bc0bd27 e-con-full e-flex e-con e-child\" data-id=\"bc0bd27\" data-element_type=\"container\" data-e-type=\"container\">\n\t\t\t\t<div class=\"elementor-element elementor-element-33cb284 e-transform elementor-widget elementor-widget-image\" data-id=\"33cb284\" data-element_type=\"widget\" data-e-type=\"widget\" data-settings=\"{&quot;_transform_scale_effect&quot;:{&quot;unit&quot;:&quot;px&quot;,&quot;size&quot;:1.5,&quot;sizes&quot;:[]},&quot;_transform_scale_effect_tablet&quot;:{&quot;unit&quot;:&quot;px&quot;,&quot;size&quot;:&quot;&quot;,&quot;sizes&quot;:[]},&quot;_transform_scale_effect_mobile&quot;:{&quot;unit&quot;:&quot;px&quot;,&quot;size&quot;:&quot;&quot;,&quot;sizes&quot;:[]}}\" data-widget_type=\"image.default\">\n\t\t\t\t<div class=\"elementor-widget-container\">\n\t\t\t\t\t\t\t\t\t\t\t\t\t\t\t<img fetchpriority=\"high\" decoding=\"async\" width=\"724\" height=\"1024\" src=\"https:\/\/recapet.fr\/wp-content\/uploads\/2024\/12\/2000_Reflet-724x1024.png\" class=\"attachment-large size-large wp-image-757\" alt=\"\" srcset=\"https:\/\/recapet.fr\/wp-content\/uploads\/2024\/12\/2000_Reflet-724x1024.png 724w, https:\/\/recapet.fr\/wp-content\/uploads\/2024\/12\/2000_Reflet-212x300.png 212w, https:\/\/recapet.fr\/wp-content\/uploads\/2024\/12\/2000_Reflet-768x1086.png 768w, https:\/\/recapet.fr\/wp-content\/uploads\/2024\/12\/2000_Reflet-1086x1536.png 1086w, https:\/\/recapet.fr\/wp-content\/uploads\/2024\/12\/2000_Reflet-1448x2048.png 1448w\" sizes=\"(max-width: 724px) 100vw, 724px\" \/>\t\t\t\t\t\t\t\t\t\t\t\t\t\t\t<\/div>\n\t\t\t\t<\/div>\n\t\t\t\t<\/div>\n\t\t<div class=\"elementor-element elementor-element-4e40be1 e-con-full e-flex e-con e-child\" data-id=\"4e40be1\" data-element_type=\"container\" data-e-type=\"container\">\n\t\t\t\t<div class=\"elementor-element elementor-element-3474107 elementor-widget elementor-widget-heading\" data-id=\"3474107\" data-element_type=\"widget\" data-e-type=\"widget\" data-widget_type=\"heading.default\">\n\t\t\t\t<div class=\"elementor-widget-container\">\n\t\t\t\t\t<h2 class=\"elementor-heading-title elementor-size-default\">D\u00e9gustation<\/h2>\t\t\t\t<\/div>\n\t\t\t\t<\/div>\n\t\t\t\t<div class=\"elementor-element elementor-element-6ba83c2 elementor-widget elementor-widget-text-editor\" data-id=\"6ba83c2\" data-element_type=\"widget\" data-e-type=\"widget\" data-widget_type=\"text-editor.default\">\n\t\t\t\t<div class=\"elementor-widget-container\">\n\t\t\t\t\t\t\t\t\t<p>Le premier nez est fruit\u00e9 et tr\u00e8s complexe, avec du pruneau, des figues s\u00e9ch\u00e9es, des notes d\u2019abricots r\u00f4tis. Ensuite viennent les \u00e9pices, la cannelle, le clou de girofle et la muscade qui rappellent des p\u00e2tisseries parfum\u00e9es.<\/p><p>L\u2019entr\u00e9e de bouche est volumineuse, tout en douceur, ensuite une attaque franche et une belle tension font le lien avec une finale fra\u00eeche et acidul\u00e9e.<\/p>\t\t\t\t\t\t\t\t<\/div>\n\t\t\t\t<\/div>\n\t\t\t\t<div class=\"elementor-element elementor-element-774b3ef elementor-widget elementor-widget-heading\" data-id=\"774b3ef\" data-element_type=\"widget\" data-e-type=\"widget\" data-widget_type=\"heading.default\">\n\t\t\t\t<div class=\"elementor-widget-container\">\n\t\t\t\t\t<h2 class=\"elementor-heading-title elementor-size-default\">C\u00e9page<\/h2>\t\t\t\t<\/div>\n\t\t\t\t<\/div>\n\t\t\t\t<div class=\"elementor-element elementor-element-812b483 elementor-widget elementor-widget-text-editor\" data-id=\"812b483\" data-element_type=\"widget\" data-e-type=\"widget\" data-widget_type=\"text-editor.default\">\n\t\t\t\t<div class=\"elementor-widget-container\">\n\t\t\t\t\t\t\t\t\t<p>C\u00e9page capricieux, la folle blanche, lorsqu\u2019elle arrive \u00e0 maturit\u00e9, donne les eaux-de-vie les plus fines de l\u2019appellation. D\u2019origine italienne, l\u2019ugni blanc est un c\u00e9page tardif, peu sensible \u00e0 la pourriture grise. Il est fertile et id\u00e9al pour l\u2019armagnac.<\/p>\t\t\t\t\t\t\t\t<\/div>\n\t\t\t\t<\/div>\n\t\t\t\t<div class=\"elementor-element elementor-element-cc9a5ec elementor-widget elementor-widget-heading\" data-id=\"cc9a5ec\" data-element_type=\"widget\" data-e-type=\"widget\" data-widget_type=\"heading.default\">\n\t\t\t\t<div class=\"elementor-widget-container\">\n\t\t\t\t\t<h2 class=\"elementor-heading-title elementor-size-default\">\u00c9levage<\/h2>\t\t\t\t<\/div>\n\t\t\t\t<\/div>\n\t\t\t\t<div class=\"elementor-element elementor-element-ce234c3 elementor-widget elementor-widget-text-editor\" data-id=\"ce234c3\" data-element_type=\"widget\" data-e-type=\"widget\" data-widget_type=\"text-editor.default\">\n\t\t\t\t<div class=\"elementor-widget-container\">\n\t\t\t\t\t\t\t\t\t<p>Vieilli en pi\u00e8ce de ch\u00eane, cet armagnac de 2000 a \u00e9t\u00e9 mis en bouteille en 2024.<\/p>\t\t\t\t\t\t\t\t<\/div>\n\t\t\t\t<\/div>\n\t\t\t\t<\/div>\n\t\t\t\t\t<\/div>\n\t\t\t\t<\/div>\n\t\t<div class=\"elementor-element elementor-element-d76abbb e-flex e-con-boxed e-con e-parent\" data-id=\"d76abbb\" data-element_type=\"container\" data-e-type=\"container\">\n\t\t\t\t\t<div class=\"e-con-inner\">\n\t\t\t\t<div class=\"elementor-element elementor-element-60c1e8a elementor-widget elementor-widget-heading\" data-id=\"60c1e8a\" data-element_type=\"widget\" data-e-type=\"widget\" data-widget_type=\"heading.default\">\n\t\t\t\t<div class=\"elementor-widget-container\">\n\t\t\t\t\t<h2 class=\"elementor-heading-title elementor-size-default\">42% Bas-armagnac 50cl<\/h2>\t\t\t\t<\/div>\n\t\t\t\t<\/div>\n\t\t\t\t<div class=\"elementor-element elementor-element-a569ca2 elementor-widget elementor-widget-text-editor\" data-id=\"a569ca2\" data-element_type=\"widget\" data-e-type=\"widget\" data-widget_type=\"text-editor.default\">\n\t\t\t\t<div class=\"elementor-widget-container\">\n\t\t\t\t\t\t\t\t\t<p>Armagnac patin\u00e9 et complexe aux ar\u00f4mes de pruneaux\/pates de coing\/tabac blond. Vieilli dans le m\u00eame f\u00fbt neuf depuis 2000.<\/p>\t\t\t\t\t\t\t\t<\/div>\n\t\t\t\t<\/div>\n\t\t\t\t<div class=\"elementor-element elementor-element-feb7507 elementor-align-center elementor-widget elementor-widget-button\" data-id=\"feb7507\" data-element_type=\"widget\" data-e-type=\"widget\" data-widget_type=\"button.default\">\n\t\t\t\t<div class=\"elementor-widget-container\">\n\t\t\t\t\t\t\t\t\t<div class=\"elementor-button-wrapper\">\n\t\t\t\t\t<a class=\"elementor-button elementor-button-link elementor-size-sm\" href=\"https:\/\/www.vins-francoislurton.com\/spiritueux\/1149-armagnac-recapet-2000-brut-de-fut.html\" target=\"_blank\">\n\t\t\t\t\t\t<span class=\"elementor-button-content-wrapper\">\n\t\t\t\t\t\t\t\t\t<span class=\"elementor-button-text\">Acheter<\/span>\n\t\t\t\t\t<\/span>\n\t\t\t\t\t<\/a>\n\t\t\t\t<\/div>\n\t\t\t\t\t\t\t\t<\/div>\n\t\t\t\t<\/div>\n\t\t\t\t\t<\/div>\n\t\t\t\t<\/div>\n\t\t\t\t<\/div>\n\t\t","protected":false},"excerpt":{"rendered":"<p>R\u00e9capet Brut 2000 D\u00e9gustation Le premier nez est fruit\u00e9 et tr\u00e8s complexe, avec du pruneau, des figues s\u00e9ch\u00e9es, des notes&#8230;<\/p>\n","protected":false},"author":1,"featured_media":0,"parent":0,"menu_order":0,"comment_status":"closed","ping_status":"closed","template":"","meta":{"inline_featured_image":false,"footnotes":""},"class_list":["post-469","page","type-page","status-publish","hentry"],"yoast_head":"<!-- This site is optimized with the Yoast SEO plugin v22.9 - https:\/\/yoast.com\/wordpress\/plugins\/seo\/ -->\n<title>produit 2000 - R\u00e9capet \u2013 Armagnac bio du Gers, distillation artisanale<\/title>\n<meta name=\"robots\" content=\"index, follow, max-snippet:-1, max-image-preview:large, max-video-preview:-1\" \/>\n<link rel=\"canonical\" href=\"https:\/\/recapet.fr\/index.php\/produit-2000\/\" \/>\n<meta property=\"og:locale\" content=\"fr_FR\" \/>\n<meta property=\"og:type\" content=\"article\" \/>\n<meta property=\"og:title\" content=\"produit 2000 - R\u00e9capet \u2013 Armagnac bio du Gers, distillation artisanale\" \/>\n<meta property=\"og:description\" content=\"R\u00e9capet Brut 2000 D\u00e9gustation Le premier nez est fruit\u00e9 et tr\u00e8s complexe, avec du pruneau, des figues s\u00e9ch\u00e9es, des notes...\" \/>\n<meta property=\"og:url\" content=\"https:\/\/recapet.fr\/index.php\/produit-2000\/\" \/>\n<meta property=\"og:site_name\" content=\"R\u00e9capet \u2013 Armagnac bio du Gers, distillation artisanale\" \/>\n<meta property=\"article:modified_time\" content=\"2025-02-10T09:02:24+00:00\" \/>\n<meta property=\"og:image\" content=\"http:\/\/recapet.fr\/wp-content\/uploads\/2024\/12\/2000_Reflet-724x1024.png\" \/>\n<meta name=\"twitter:card\" content=\"summary_large_image\" \/>\n<meta name=\"twitter:label1\" content=\"Dur\u00e9e de lecture estim\u00e9e\" \/>\n\t<meta name=\"twitter:data1\" content=\"1 minute\" \/>\n<script type=\"application\/ld+json\" class=\"yoast-schema-graph\">{\"@context\":\"https:\/\/schema.org\",\"@graph\":[{\"@type\":\"WebPage\",\"@id\":\"https:\/\/recapet.fr\/index.php\/produit-2000\/\",\"url\":\"https:\/\/recapet.fr\/index.php\/produit-2000\/\",\"name\":\"produit 2000 - R\u00e9capet \u2013 Armagnac bio du Gers, distillation artisanale\",\"isPartOf\":{\"@id\":\"https:\/\/recapet.fr\/#website\"},\"primaryImageOfPage\":{\"@id\":\"https:\/\/recapet.fr\/index.php\/produit-2000\/#primaryimage\"},\"image\":{\"@id\":\"https:\/\/recapet.fr\/index.php\/produit-2000\/#primaryimage\"},\"thumbnailUrl\":\"http:\/\/recapet.fr\/wp-content\/uploads\/2024\/12\/2000_Reflet-724x1024.png\",\"datePublished\":\"2024-09-27T12:25:19+00:00\",\"dateModified\":\"2025-02-10T09:02:24+00:00\",\"breadcrumb\":{\"@id\":\"https:\/\/recapet.fr\/index.php\/produit-2000\/#breadcrumb\"},\"inLanguage\":\"fr-FR\",\"potentialAction\":[{\"@type\":\"ReadAction\",\"target\":[\"https:\/\/recapet.fr\/index.php\/produit-2000\/\"]}]},{\"@type\":\"ImageObject\",\"inLanguage\":\"fr-FR\",\"@id\":\"https:\/\/recapet.fr\/index.php\/produit-2000\/#primaryimage\",\"url\":\"https:\/\/recapet.fr\/wp-content\/uploads\/2024\/12\/2000_Reflet.png\",\"contentUrl\":\"https:\/\/recapet.fr\/wp-content\/uploads\/2024\/12\/2000_Reflet.png\",\"width\":2480,\"height\":3508},{\"@type\":\"BreadcrumbList\",\"@id\":\"https:\/\/recapet.fr\/index.php\/produit-2000\/#breadcrumb\",\"itemListElement\":[{\"@type\":\"ListItem\",\"position\":1,\"name\":\"Accueil\",\"item\":\"https:\/\/recapet.fr\/\"},{\"@type\":\"ListItem\",\"position\":2,\"name\":\"produit 2000\"}]},{\"@type\":\"WebSite\",\"@id\":\"https:\/\/recapet.fr\/#website\",\"url\":\"https:\/\/recapet.fr\/\",\"name\":\"Armagnac Recapet\",\"description\":\"Armagnac Bas-Armagnac bio, distill\u00e9 avec passion au c\u0153ur du Gers.\",\"publisher\":{\"@id\":\"https:\/\/recapet.fr\/#organization\"},\"potentialAction\":[{\"@type\":\"SearchAction\",\"target\":{\"@type\":\"EntryPoint\",\"urlTemplate\":\"https:\/\/recapet.fr\/?s={search_term_string}\"},\"query-input\":\"required name=search_term_string\"}],\"inLanguage\":\"fr-FR\"},{\"@type\":\"Organization\",\"@id\":\"https:\/\/recapet.fr\/#organization\",\"name\":\"R\u00e9capet\",\"url\":\"https:\/\/recapet.fr\/\",\"logo\":{\"@type\":\"ImageObject\",\"inLanguage\":\"fr-FR\",\"@id\":\"https:\/\/recapet.fr\/#\/schema\/logo\/image\/\",\"url\":\"https:\/\/recapet.fr\/wp-content\/uploads\/2024\/06\/LOGO_RECAPET_ARMAGNAC_BLEU.png\",\"contentUrl\":\"https:\/\/recapet.fr\/wp-content\/uploads\/2024\/06\/LOGO_RECAPET_ARMAGNAC_BLEU.png\",\"width\":1621,\"height\":937,\"caption\":\"R\u00e9capet\"},\"image\":{\"@id\":\"https:\/\/recapet.fr\/#\/schema\/logo\/image\/\"},\"sameAs\":[\"https:\/\/www.instagram.com\/armagnac_recapet\/\"]}]}<\/script>\n<!-- \/ Yoast SEO plugin. -->","yoast_head_json":{"title":"produit 2000 - R\u00e9capet \u2013 Armagnac bio du Gers, distillation artisanale","robots":{"index":"index","follow":"follow","max-snippet":"max-snippet:-1","max-image-preview":"max-image-preview:large","max-video-preview":"max-video-preview:-1"},"canonical":"https:\/\/recapet.fr\/index.php\/produit-2000\/","og_locale":"fr_FR","og_type":"article","og_title":"produit 2000 - R\u00e9capet \u2013 Armagnac bio du Gers, distillation artisanale","og_description":"R\u00e9capet Brut 2000 D\u00e9gustation Le premier nez est fruit\u00e9 et tr\u00e8s complexe, avec du pruneau, des figues s\u00e9ch\u00e9es, des notes...","og_url":"https:\/\/recapet.fr\/index.php\/produit-2000\/","og_site_name":"R\u00e9capet \u2013 Armagnac bio du Gers, distillation artisanale","article_modified_time":"2025-02-10T09:02:24+00:00","og_image":[{"url":"http:\/\/recapet.fr\/wp-content\/uploads\/2024\/12\/2000_Reflet-724x1024.png"}],"twitter_card":"summary_large_image","twitter_misc":{"Dur\u00e9e de lecture estim\u00e9e":"1 minute"},"schema":{"@context":"https:\/\/schema.org","@graph":[{"@type":"WebPage","@id":"https:\/\/recapet.fr\/index.php\/produit-2000\/","url":"https:\/\/recapet.fr\/index.php\/produit-2000\/","name":"produit 2000 - R\u00e9capet \u2013 Armagnac bio du Gers, distillation artisanale","isPartOf":{"@id":"https:\/\/recapet.fr\/#website"},"primaryImageOfPage":{"@id":"https:\/\/recapet.fr\/index.php\/produit-2000\/#primaryimage"},"image":{"@id":"https:\/\/recapet.fr\/index.php\/produit-2000\/#primaryimage"},"thumbnailUrl":"http:\/\/recapet.fr\/wp-content\/uploads\/2024\/12\/2000_Reflet-724x1024.png","datePublished":"2024-09-27T12:25:19+00:00","dateModified":"2025-02-10T09:02:24+00:00","breadcrumb":{"@id":"https:\/\/recapet.fr\/index.php\/produit-2000\/#breadcrumb"},"inLanguage":"fr-FR","potentialAction":[{"@type":"ReadAction","target":["https:\/\/recapet.fr\/index.php\/produit-2000\/"]}]},{"@type":"ImageObject","inLanguage":"fr-FR","@id":"https:\/\/recapet.fr\/index.php\/produit-2000\/#primaryimage","url":"https:\/\/recapet.fr\/wp-content\/uploads\/2024\/12\/2000_Reflet.png","contentUrl":"https:\/\/recapet.fr\/wp-content\/uploads\/2024\/12\/2000_Reflet.png","width":2480,"height":3508},{"@type":"BreadcrumbList","@id":"https:\/\/recapet.fr\/index.php\/produit-2000\/#breadcrumb","itemListElement":[{"@type":"ListItem","position":1,"name":"Accueil","item":"https:\/\/recapet.fr\/"},{"@type":"ListItem","position":2,"name":"produit 2000"}]},{"@type":"WebSite","@id":"https:\/\/recapet.fr\/#website","url":"https:\/\/recapet.fr\/","name":"Armagnac Recapet","description":"Armagnac Bas-Armagnac bio, distill\u00e9 avec passion au c\u0153ur du Gers.","publisher":{"@id":"https:\/\/recapet.fr\/#organization"},"potentialAction":[{"@type":"SearchAction","target":{"@type":"EntryPoint","urlTemplate":"https:\/\/recapet.fr\/?s={search_term_string}"},"query-input":"required name=search_term_string"}],"inLanguage":"fr-FR"},{"@type":"Organization","@id":"https:\/\/recapet.fr\/#organization","name":"R\u00e9capet","url":"https:\/\/recapet.fr\/","logo":{"@type":"ImageObject","inLanguage":"fr-FR","@id":"https:\/\/recapet.fr\/#\/schema\/logo\/image\/","url":"https:\/\/recapet.fr\/wp-content\/uploads\/2024\/06\/LOGO_RECAPET_ARMAGNAC_BLEU.png","contentUrl":"https:\/\/recapet.fr\/wp-content\/uploads\/2024\/06\/LOGO_RECAPET_ARMAGNAC_BLEU.png","width":1621,"height":937,"caption":"R\u00e9capet"},"image":{"@id":"https:\/\/recapet.fr\/#\/schema\/logo\/image\/"},"sameAs":["https:\/\/www.instagram.com\/armagnac_recapet\/"]}]}},"_links":{"self":[{"href":"https:\/\/recapet.fr\/index.php\/wp-json\/wp\/v2\/pages\/469","targetHints":{"allow":["GET"]}}],"collection":[{"href":"https:\/\/recapet.fr\/index.php\/wp-json\/wp\/v2\/pages"}],"about":[{"href":"https:\/\/recapet.fr\/index.php\/wp-json\/wp\/v2\/types\/page"}],"author":[{"embeddable":true,"href":"https:\/\/recapet.fr\/index.php\/wp-json\/wp\/v2\/users\/1"}],"replies":[{"embeddable":true,"href":"https:\/\/recapet.fr\/index.php\/wp-json\/wp\/v2\/comments?post=469"}],"version-history":[{"count":38,"href":"https:\/\/recapet.fr\/index.php\/wp-json\/wp\/v2\/pages\/469\/revisions"}],"predecessor-version":[{"id":1002,"href":"https:\/\/recapet.fr\/index.php\/wp-json\/wp\/v2\/pages\/469\/revisions\/1002"}],"wp:attachment":[{"href":"https:\/\/recapet.fr\/index.php\/wp-json\/wp\/v2\/media?parent=469"}],"curies":[{"name":"wp","href":"https:\/\/api.w.org\/{rel}","templated":true}]}}