{"id":462,"date":"2024-09-27T14:18:11","date_gmt":"2024-09-27T12:18:11","guid":{"rendered":"https:\/\/recapet.fr\/?page_id=462"},"modified":"2024-12-12T15:11:55","modified_gmt":"2024-12-12T14:11:55","slug":"produit-2009","status":"publish","type":"page","link":"https:\/\/recapet.fr\/index.php\/produit-2009\/","title":{"rendered":"Produit 2009"},"content":{"rendered":"\t\t<div data-elementor-type=\"wp-page\" data-elementor-id=\"462\" class=\"elementor elementor-462\" data-elementor-post-type=\"page\">\n\t\t\t\t<div class=\"elementor-element elementor-element-0bf787e e-flex e-con-boxed e-con e-parent\" data-id=\"0bf787e\" data-element_type=\"container\" data-e-type=\"container\">\n\t\t\t\t\t<div class=\"e-con-inner\">\n\t\t\t\t<div class=\"elementor-element elementor-element-c5c27f1 elementor-widget elementor-widget-heading\" data-id=\"c5c27f1\" data-element_type=\"widget\" data-e-type=\"widget\" data-widget_type=\"heading.default\">\n\t\t\t\t<div class=\"elementor-widget-container\">\n\t\t\t\t\t<h2 class=\"elementor-heading-title elementor-size-default\">R\u00e9capet Mill\u00e9sime<\/h2>\t\t\t\t<\/div>\n\t\t\t\t<\/div>\n\t\t\t\t<div class=\"elementor-element elementor-element-9aeef6a elementor-widget elementor-widget-heading\" data-id=\"9aeef6a\" data-element_type=\"widget\" data-e-type=\"widget\" data-widget_type=\"heading.default\">\n\t\t\t\t<div class=\"elementor-widget-container\">\n\t\t\t\t\t<h2 class=\"elementor-heading-title elementor-size-default\">2009<\/h2>\t\t\t\t<\/div>\n\t\t\t\t<\/div>\n\t\t\t\t\t<\/div>\n\t\t\t\t<\/div>\n\t\t<div class=\"elementor-element elementor-element-24e51db e-flex e-con-boxed e-con e-parent\" data-id=\"24e51db\" data-element_type=\"container\" data-e-type=\"container\">\n\t\t\t\t\t<div class=\"e-con-inner\">\n\t\t<div class=\"elementor-element elementor-element-20f32b3 e-con-full e-flex e-con e-child\" data-id=\"20f32b3\" data-element_type=\"container\" data-e-type=\"container\">\n\t\t\t\t<div class=\"elementor-element elementor-element-7405b67 e-transform elementor-widget elementor-widget-image\" data-id=\"7405b67\" data-element_type=\"widget\" data-e-type=\"widget\" data-settings=\"{&quot;_transform_scale_effect&quot;:{&quot;unit&quot;:&quot;px&quot;,&quot;size&quot;:1.5,&quot;sizes&quot;:[]},&quot;_transform_scale_effect_tablet&quot;:{&quot;unit&quot;:&quot;px&quot;,&quot;size&quot;:&quot;&quot;,&quot;sizes&quot;:[]},&quot;_transform_scale_effect_mobile&quot;:{&quot;unit&quot;:&quot;px&quot;,&quot;size&quot;:&quot;&quot;,&quot;sizes&quot;:[]}}\" data-widget_type=\"image.default\">\n\t\t\t\t<div class=\"elementor-widget-container\">\n\t\t\t\t\t\t\t\t\t\t\t\t\t\t\t<img fetchpriority=\"high\" decoding=\"async\" width=\"724\" height=\"1024\" src=\"https:\/\/recapet.fr\/wp-content\/uploads\/2024\/12\/2009_Reflet-724x1024.png\" class=\"attachment-large size-large wp-image-758\" alt=\"\" srcset=\"https:\/\/recapet.fr\/wp-content\/uploads\/2024\/12\/2009_Reflet-724x1024.png 724w, https:\/\/recapet.fr\/wp-content\/uploads\/2024\/12\/2009_Reflet-212x300.png 212w, https:\/\/recapet.fr\/wp-content\/uploads\/2024\/12\/2009_Reflet-768x1086.png 768w, https:\/\/recapet.fr\/wp-content\/uploads\/2024\/12\/2009_Reflet-1086x1536.png 1086w, https:\/\/recapet.fr\/wp-content\/uploads\/2024\/12\/2009_Reflet-1448x2048.png 1448w\" sizes=\"(max-width: 724px) 100vw, 724px\" \/>\t\t\t\t\t\t\t\t\t\t\t\t\t\t\t<\/div>\n\t\t\t\t<\/div>\n\t\t\t\t<\/div>\n\t\t<div class=\"elementor-element elementor-element-99dabb9 e-con-full e-flex e-con e-child\" data-id=\"99dabb9\" data-element_type=\"container\" data-e-type=\"container\">\n\t\t\t\t<div class=\"elementor-element elementor-element-77432b3 elementor-widget elementor-widget-heading\" data-id=\"77432b3\" data-element_type=\"widget\" data-e-type=\"widget\" data-widget_type=\"heading.default\">\n\t\t\t\t<div class=\"elementor-widget-container\">\n\t\t\t\t\t<h2 class=\"elementor-heading-title elementor-size-default\">D\u00e9gustation<\/h2>\t\t\t\t<\/div>\n\t\t\t\t<\/div>\n\t\t\t\t<div class=\"elementor-element elementor-element-3ba321a elementor-widget elementor-widget-text-editor\" data-id=\"3ba321a\" data-element_type=\"widget\" data-e-type=\"widget\" data-widget_type=\"text-editor.default\">\n\t\t\t\t<div class=\"elementor-widget-container\">\n\t\t\t\t\t\t\t\t\t<p>Le nez expressif, d\u00e9licatement floral et a\u00e9rien, exprime toute la subtilit\u00e9 de la folle blanche. Sa richesse aromatique, finement bois\u00e9e, s\u2019exprime \u00e0 travers des notes herbac\u00e9es et d\u2019oranges.<\/p><p>La bouche g\u00e9n\u00e9reuse et d\u00e9licate nous d\u00e9voile une palette gustative intense. Du floral au grill\u00e9 (caf\u00e9, amande), en passant par des notes exotiques, la folle blanche nous emm\u00e8ne vers une finale complexe et persistante.<\/p>\t\t\t\t\t\t\t\t<\/div>\n\t\t\t\t<\/div>\n\t\t\t\t<div class=\"elementor-element elementor-element-33c8e6f elementor-widget elementor-widget-heading\" data-id=\"33c8e6f\" data-element_type=\"widget\" data-e-type=\"widget\" data-widget_type=\"heading.default\">\n\t\t\t\t<div class=\"elementor-widget-container\">\n\t\t\t\t\t<h2 class=\"elementor-heading-title elementor-size-default\">C\u00e9page<\/h2>\t\t\t\t<\/div>\n\t\t\t\t<\/div>\n\t\t\t\t<div class=\"elementor-element elementor-element-520dc8b elementor-widget elementor-widget-text-editor\" data-id=\"520dc8b\" data-element_type=\"widget\" data-e-type=\"widget\" data-widget_type=\"text-editor.default\">\n\t\t\t\t<div class=\"elementor-widget-container\">\n\t\t\t\t\t\t\t\t\t<p>C\u00e9page capricieux, la folle blanche, lorsqu\u2019elle arrive \u00e0 maturit\u00e9, donne les eaux-de-vie les plus fines de l\u2019appellation. C\u2019est un c\u00e9page difficile \u00e0 cultiver, mais tr\u00e8s qualitatif.<\/p>\t\t\t\t\t\t\t\t<\/div>\n\t\t\t\t<\/div>\n\t\t\t\t<div class=\"elementor-element elementor-element-c5f8094 elementor-widget elementor-widget-heading\" data-id=\"c5f8094\" data-element_type=\"widget\" data-e-type=\"widget\" data-widget_type=\"heading.default\">\n\t\t\t\t<div class=\"elementor-widget-container\">\n\t\t\t\t\t<h2 class=\"elementor-heading-title elementor-size-default\">\u00c9levage<\/h2>\t\t\t\t<\/div>\n\t\t\t\t<\/div>\n\t\t\t\t<div class=\"elementor-element elementor-element-efd89af elementor-widget elementor-widget-text-editor\" data-id=\"efd89af\" data-element_type=\"widget\" data-e-type=\"widget\" data-widget_type=\"text-editor.default\">\n\t\t\t\t<div class=\"elementor-widget-container\">\n\t\t\t\t\t\t\t\t\t<p>Vieilli en pi\u00e8ce de ch\u00eane, cet armagnac de 2009 a \u00e9t\u00e9 mis en bouteille en 2021.<\/p>\t\t\t\t\t\t\t\t<\/div>\n\t\t\t\t<\/div>\n\t\t\t\t<\/div>\n\t\t\t\t\t<\/div>\n\t\t\t\t<\/div>\n\t\t<div class=\"elementor-element elementor-element-2e3a1d1 e-flex e-con-boxed e-con e-parent\" data-id=\"2e3a1d1\" data-element_type=\"container\" data-e-type=\"container\">\n\t\t\t\t\t<div class=\"e-con-inner\">\n\t\t\t\t<div class=\"elementor-element elementor-element-6bcd64e elementor-widget elementor-widget-heading\" data-id=\"6bcd64e\" data-element_type=\"widget\" data-e-type=\"widget\" data-widget_type=\"heading.default\">\n\t\t\t\t<div class=\"elementor-widget-container\">\n\t\t\t\t\t<h2 class=\"elementor-heading-title elementor-size-default\">50,1% Bas-armagnac 50cl<\/h2>\t\t\t\t<\/div>\n\t\t\t\t<\/div>\n\t\t\t\t<div class=\"elementor-element elementor-element-3d7736f elementor-widget elementor-widget-text-editor\" data-id=\"3d7736f\" data-element_type=\"widget\" data-e-type=\"widget\" data-widget_type=\"text-editor.default\">\n\t\t\t\t<div class=\"elementor-widget-container\">\n\t\t\t\t\t\t\t\t\t<p>Embouteill\u00e9 en juin 2021, R\u00e9capet 2009 est un Armagnac en \u00e9dition limit\u00e9e \u00e0 1000 bouteilles. Sa<br \/>base 100 % folle blanche sublime la puissance aromatique de ce c\u00e9page embl\u00e9matique de<br \/>l&rsquo;appellation, que le temps a parfaitement li\u00e9 avec le bois.<\/p>\t\t\t\t\t\t\t\t<\/div>\n\t\t\t\t<\/div>\n\t\t\t\t<div class=\"elementor-element elementor-element-e0d3756 elementor-align-center elementor-widget elementor-widget-button\" data-id=\"e0d3756\" data-element_type=\"widget\" data-e-type=\"widget\" data-widget_type=\"button.default\">\n\t\t\t\t<div class=\"elementor-widget-container\">\n\t\t\t\t\t\t\t\t\t<div class=\"elementor-button-wrapper\">\n\t\t\t\t\t<a class=\"elementor-button elementor-button-link elementor-size-sm\" href=\"https:\/\/www.vins-francoislurton.com\/spiritueux\/816-armagnac-recapet-2009-brut-de-fut.html\" target=\"_blank\">\n\t\t\t\t\t\t<span class=\"elementor-button-content-wrapper\">\n\t\t\t\t\t\t\t\t\t<span class=\"elementor-button-text\">Acheter<\/span>\n\t\t\t\t\t<\/span>\n\t\t\t\t\t<\/a>\n\t\t\t\t<\/div>\n\t\t\t\t\t\t\t\t<\/div>\n\t\t\t\t<\/div>\n\t\t\t\t\t<\/div>\n\t\t\t\t<\/div>\n\t\t\t\t<\/div>\n\t\t","protected":false},"excerpt":{"rendered":"<p>R\u00e9capet Mill\u00e9sime 2009 D\u00e9gustation Le nez expressif, d\u00e9licatement floral et a\u00e9rien, exprime toute la subtilit\u00e9 de la folle blanche. Sa&#8230;<\/p>\n","protected":false},"author":1,"featured_media":0,"parent":0,"menu_order":0,"comment_status":"closed","ping_status":"closed","template":"","meta":{"inline_featured_image":false,"footnotes":""},"class_list":["post-462","page","type-page","status-publish","hentry"],"yoast_head":"<!-- This site is optimized with the Yoast SEO plugin v22.9 - https:\/\/yoast.com\/wordpress\/plugins\/seo\/ -->\n<title>Produit 2009 - R\u00e9capet \u2013 Armagnac bio du Gers, distillation artisanale<\/title>\n<meta name=\"robots\" content=\"index, follow, max-snippet:-1, max-image-preview:large, max-video-preview:-1\" \/>\n<link rel=\"canonical\" href=\"https:\/\/recapet.fr\/index.php\/produit-2009\/\" \/>\n<meta property=\"og:locale\" content=\"fr_FR\" \/>\n<meta property=\"og:type\" content=\"article\" \/>\n<meta property=\"og:title\" content=\"Produit 2009 - R\u00e9capet \u2013 Armagnac bio du Gers, distillation artisanale\" \/>\n<meta property=\"og:description\" content=\"R\u00e9capet Mill\u00e9sime 2009 D\u00e9gustation Le nez expressif, d\u00e9licatement floral et a\u00e9rien, exprime toute la subtilit\u00e9 de la folle blanche. Sa...\" \/>\n<meta property=\"og:url\" content=\"https:\/\/recapet.fr\/index.php\/produit-2009\/\" \/>\n<meta property=\"og:site_name\" content=\"R\u00e9capet \u2013 Armagnac bio du Gers, distillation artisanale\" \/>\n<meta property=\"article:modified_time\" content=\"2024-12-12T14:11:55+00:00\" \/>\n<meta property=\"og:image\" content=\"http:\/\/recapet.fr\/wp-content\/uploads\/2024\/12\/2009_Reflet-724x1024.png\" \/>\n<meta name=\"twitter:card\" content=\"summary_large_image\" \/>\n<meta name=\"twitter:label1\" content=\"Dur\u00e9e de lecture estim\u00e9e\" \/>\n\t<meta name=\"twitter:data1\" content=\"1 minute\" \/>\n<script type=\"application\/ld+json\" class=\"yoast-schema-graph\">{\"@context\":\"https:\/\/schema.org\",\"@graph\":[{\"@type\":\"WebPage\",\"@id\":\"https:\/\/recapet.fr\/index.php\/produit-2009\/\",\"url\":\"https:\/\/recapet.fr\/index.php\/produit-2009\/\",\"name\":\"Produit 2009 - R\u00e9capet \u2013 Armagnac bio du Gers, distillation artisanale\",\"isPartOf\":{\"@id\":\"https:\/\/recapet.fr\/#website\"},\"primaryImageOfPage\":{\"@id\":\"https:\/\/recapet.fr\/index.php\/produit-2009\/#primaryimage\"},\"image\":{\"@id\":\"https:\/\/recapet.fr\/index.php\/produit-2009\/#primaryimage\"},\"thumbnailUrl\":\"http:\/\/recapet.fr\/wp-content\/uploads\/2024\/12\/2009_Reflet-724x1024.png\",\"datePublished\":\"2024-09-27T12:18:11+00:00\",\"dateModified\":\"2024-12-12T14:11:55+00:00\",\"breadcrumb\":{\"@id\":\"https:\/\/recapet.fr\/index.php\/produit-2009\/#breadcrumb\"},\"inLanguage\":\"fr-FR\",\"potentialAction\":[{\"@type\":\"ReadAction\",\"target\":[\"https:\/\/recapet.fr\/index.php\/produit-2009\/\"]}]},{\"@type\":\"ImageObject\",\"inLanguage\":\"fr-FR\",\"@id\":\"https:\/\/recapet.fr\/index.php\/produit-2009\/#primaryimage\",\"url\":\"https:\/\/recapet.fr\/wp-content\/uploads\/2024\/12\/2009_Reflet.png\",\"contentUrl\":\"https:\/\/recapet.fr\/wp-content\/uploads\/2024\/12\/2009_Reflet.png\",\"width\":2480,\"height\":3508},{\"@type\":\"BreadcrumbList\",\"@id\":\"https:\/\/recapet.fr\/index.php\/produit-2009\/#breadcrumb\",\"itemListElement\":[{\"@type\":\"ListItem\",\"position\":1,\"name\":\"Accueil\",\"item\":\"https:\/\/recapet.fr\/\"},{\"@type\":\"ListItem\",\"position\":2,\"name\":\"Produit 2009\"}]},{\"@type\":\"WebSite\",\"@id\":\"https:\/\/recapet.fr\/#website\",\"url\":\"https:\/\/recapet.fr\/\",\"name\":\"Armagnac Recapet\",\"description\":\"Armagnac Bas-Armagnac bio, distill\u00e9 avec passion au c\u0153ur du Gers.\",\"publisher\":{\"@id\":\"https:\/\/recapet.fr\/#organization\"},\"potentialAction\":[{\"@type\":\"SearchAction\",\"target\":{\"@type\":\"EntryPoint\",\"urlTemplate\":\"https:\/\/recapet.fr\/?s={search_term_string}\"},\"query-input\":\"required name=search_term_string\"}],\"inLanguage\":\"fr-FR\"},{\"@type\":\"Organization\",\"@id\":\"https:\/\/recapet.fr\/#organization\",\"name\":\"R\u00e9capet\",\"url\":\"https:\/\/recapet.fr\/\",\"logo\":{\"@type\":\"ImageObject\",\"inLanguage\":\"fr-FR\",\"@id\":\"https:\/\/recapet.fr\/#\/schema\/logo\/image\/\",\"url\":\"https:\/\/recapet.fr\/wp-content\/uploads\/2024\/06\/LOGO_RECAPET_ARMAGNAC_BLEU.png\",\"contentUrl\":\"https:\/\/recapet.fr\/wp-content\/uploads\/2024\/06\/LOGO_RECAPET_ARMAGNAC_BLEU.png\",\"width\":1621,\"height\":937,\"caption\":\"R\u00e9capet\"},\"image\":{\"@id\":\"https:\/\/recapet.fr\/#\/schema\/logo\/image\/\"},\"sameAs\":[\"https:\/\/www.instagram.com\/armagnac_recapet\/\"]}]}<\/script>\n<!-- \/ Yoast SEO plugin. -->","yoast_head_json":{"title":"Produit 2009 - R\u00e9capet \u2013 Armagnac bio du Gers, distillation artisanale","robots":{"index":"index","follow":"follow","max-snippet":"max-snippet:-1","max-image-preview":"max-image-preview:large","max-video-preview":"max-video-preview:-1"},"canonical":"https:\/\/recapet.fr\/index.php\/produit-2009\/","og_locale":"fr_FR","og_type":"article","og_title":"Produit 2009 - R\u00e9capet \u2013 Armagnac bio du Gers, distillation artisanale","og_description":"R\u00e9capet Mill\u00e9sime 2009 D\u00e9gustation Le nez expressif, d\u00e9licatement floral et a\u00e9rien, exprime toute la subtilit\u00e9 de la folle blanche. Sa...","og_url":"https:\/\/recapet.fr\/index.php\/produit-2009\/","og_site_name":"R\u00e9capet \u2013 Armagnac bio du Gers, distillation artisanale","article_modified_time":"2024-12-12T14:11:55+00:00","og_image":[{"url":"http:\/\/recapet.fr\/wp-content\/uploads\/2024\/12\/2009_Reflet-724x1024.png"}],"twitter_card":"summary_large_image","twitter_misc":{"Dur\u00e9e de lecture estim\u00e9e":"1 minute"},"schema":{"@context":"https:\/\/schema.org","@graph":[{"@type":"WebPage","@id":"https:\/\/recapet.fr\/index.php\/produit-2009\/","url":"https:\/\/recapet.fr\/index.php\/produit-2009\/","name":"Produit 2009 - R\u00e9capet \u2013 Armagnac bio du Gers, distillation artisanale","isPartOf":{"@id":"https:\/\/recapet.fr\/#website"},"primaryImageOfPage":{"@id":"https:\/\/recapet.fr\/index.php\/produit-2009\/#primaryimage"},"image":{"@id":"https:\/\/recapet.fr\/index.php\/produit-2009\/#primaryimage"},"thumbnailUrl":"http:\/\/recapet.fr\/wp-content\/uploads\/2024\/12\/2009_Reflet-724x1024.png","datePublished":"2024-09-27T12:18:11+00:00","dateModified":"2024-12-12T14:11:55+00:00","breadcrumb":{"@id":"https:\/\/recapet.fr\/index.php\/produit-2009\/#breadcrumb"},"inLanguage":"fr-FR","potentialAction":[{"@type":"ReadAction","target":["https:\/\/recapet.fr\/index.php\/produit-2009\/"]}]},{"@type":"ImageObject","inLanguage":"fr-FR","@id":"https:\/\/recapet.fr\/index.php\/produit-2009\/#primaryimage","url":"https:\/\/recapet.fr\/wp-content\/uploads\/2024\/12\/2009_Reflet.png","contentUrl":"https:\/\/recapet.fr\/wp-content\/uploads\/2024\/12\/2009_Reflet.png","width":2480,"height":3508},{"@type":"BreadcrumbList","@id":"https:\/\/recapet.fr\/index.php\/produit-2009\/#breadcrumb","itemListElement":[{"@type":"ListItem","position":1,"name":"Accueil","item":"https:\/\/recapet.fr\/"},{"@type":"ListItem","position":2,"name":"Produit 2009"}]},{"@type":"WebSite","@id":"https:\/\/recapet.fr\/#website","url":"https:\/\/recapet.fr\/","name":"Armagnac Recapet","description":"Armagnac Bas-Armagnac bio, distill\u00e9 avec passion au c\u0153ur du Gers.","publisher":{"@id":"https:\/\/recapet.fr\/#organization"},"potentialAction":[{"@type":"SearchAction","target":{"@type":"EntryPoint","urlTemplate":"https:\/\/recapet.fr\/?s={search_term_string}"},"query-input":"required name=search_term_string"}],"inLanguage":"fr-FR"},{"@type":"Organization","@id":"https:\/\/recapet.fr\/#organization","name":"R\u00e9capet","url":"https:\/\/recapet.fr\/","logo":{"@type":"ImageObject","inLanguage":"fr-FR","@id":"https:\/\/recapet.fr\/#\/schema\/logo\/image\/","url":"https:\/\/recapet.fr\/wp-content\/uploads\/2024\/06\/LOGO_RECAPET_ARMAGNAC_BLEU.png","contentUrl":"https:\/\/recapet.fr\/wp-content\/uploads\/2024\/06\/LOGO_RECAPET_ARMAGNAC_BLEU.png","width":1621,"height":937,"caption":"R\u00e9capet"},"image":{"@id":"https:\/\/recapet.fr\/#\/schema\/logo\/image\/"},"sameAs":["https:\/\/www.instagram.com\/armagnac_recapet\/"]}]}},"_links":{"self":[{"href":"https:\/\/recapet.fr\/index.php\/wp-json\/wp\/v2\/pages\/462","targetHints":{"allow":["GET"]}}],"collection":[{"href":"https:\/\/recapet.fr\/index.php\/wp-json\/wp\/v2\/pages"}],"about":[{"href":"https:\/\/recapet.fr\/index.php\/wp-json\/wp\/v2\/types\/page"}],"author":[{"embeddable":true,"href":"https:\/\/recapet.fr\/index.php\/wp-json\/wp\/v2\/users\/1"}],"replies":[{"embeddable":true,"href":"https:\/\/recapet.fr\/index.php\/wp-json\/wp\/v2\/comments?post=462"}],"version-history":[{"count":32,"href":"https:\/\/recapet.fr\/index.php\/wp-json\/wp\/v2\/pages\/462\/revisions"}],"predecessor-version":[{"id":952,"href":"https:\/\/recapet.fr\/index.php\/wp-json\/wp\/v2\/pages\/462\/revisions\/952"}],"wp:attachment":[{"href":"https:\/\/recapet.fr\/index.php\/wp-json\/wp\/v2\/media?parent=462"}],"curies":[{"name":"wp","href":"https:\/\/api.w.org\/{rel}","templated":true}]}}