{"id":28,"date":"2024-07-01T15:30:18","date_gmt":"2024-07-01T13:30:18","guid":{"rendered":"https:\/\/recapet.fr\/?page_id=28"},"modified":"2025-07-07T16:28:44","modified_gmt":"2025-07-07T14:28:44","slug":"accueil","status":"publish","type":"page","link":"https:\/\/recapet.fr\/","title":{"rendered":"Page Principale"},"content":{"rendered":"\t\t<div data-elementor-type=\"wp-page\" data-elementor-id=\"28\" class=\"elementor elementor-28\" data-elementor-post-type=\"page\">\n\t\t\t\t<div class=\"elementor-element elementor-element-81e2053 e-flex e-con-boxed e-con e-parent\" data-id=\"81e2053\" data-element_type=\"container\" data-e-type=\"container\" data-settings=\"{&quot;background_background&quot;:&quot;classic&quot;}\">\n\t\t\t\t\t<div class=\"e-con-inner\">\n\t\t\t\t<div class=\"elementor-element elementor-element-292d2e6 e-transform e-transform elementor-widget elementor-widget-image\" data-id=\"292d2e6\" data-element_type=\"widget\" data-e-type=\"widget\" data-settings=\"{&quot;_transform_scale_effect&quot;:{&quot;unit&quot;:&quot;px&quot;,&quot;size&quot;:1.3,&quot;sizes&quot;:[]},&quot;_transform_translateY_effect&quot;:{&quot;unit&quot;:&quot;px&quot;,&quot;size&quot;:14,&quot;sizes&quot;:[]},&quot;_transform_translateX_effect&quot;:{&quot;unit&quot;:&quot;px&quot;,&quot;size&quot;:&quot;&quot;,&quot;sizes&quot;:[]},&quot;_transform_translateX_effect_tablet&quot;:{&quot;unit&quot;:&quot;px&quot;,&quot;size&quot;:&quot;&quot;,&quot;sizes&quot;:[]},&quot;_transform_translateX_effect_mobile&quot;:{&quot;unit&quot;:&quot;px&quot;,&quot;size&quot;:&quot;&quot;,&quot;sizes&quot;:[]},&quot;_transform_translateY_effect_tablet&quot;:{&quot;unit&quot;:&quot;px&quot;,&quot;size&quot;:&quot;&quot;,&quot;sizes&quot;:[]},&quot;_transform_translateY_effect_mobile&quot;:{&quot;unit&quot;:&quot;px&quot;,&quot;size&quot;:&quot;&quot;,&quot;sizes&quot;:[]},&quot;_transform_scale_effect_tablet&quot;:{&quot;unit&quot;:&quot;px&quot;,&quot;size&quot;:&quot;&quot;,&quot;sizes&quot;:[]},&quot;_transform_scale_effect_mobile&quot;:{&quot;unit&quot;:&quot;px&quot;,&quot;size&quot;:&quot;&quot;,&quot;sizes&quot;:[]}}\" data-widget_type=\"image.default\">\n\t\t\t\t<div class=\"elementor-widget-container\">\n\t\t\t\t\t\t\t\t\t\t\t\t\t\t\t<img fetchpriority=\"high\" decoding=\"async\" width=\"768\" height=\"436\" src=\"https:\/\/recapet.fr\/wp-content\/uploads\/2024\/12\/Logo-Recapet-OR-768x436.png\" class=\"attachment-medium_large size-medium_large wp-image-975\" alt=\"Logo dor\u00e9 R\u00e9capet \u2013 Distillateur d\u2019Armagnac artisanal du Gers\" srcset=\"https:\/\/recapet.fr\/wp-content\/uploads\/2024\/12\/Logo-Recapet-OR-768x436.png 768w, https:\/\/recapet.fr\/wp-content\/uploads\/2024\/12\/Logo-Recapet-OR-300x170.png 300w, https:\/\/recapet.fr\/wp-content\/uploads\/2024\/12\/Logo-Recapet-OR-1024x581.png 1024w, https:\/\/recapet.fr\/wp-content\/uploads\/2024\/12\/Logo-Recapet-OR.png 1463w\" sizes=\"(max-width: 768px) 100vw, 768px\" \/>\t\t\t\t\t\t\t\t\t\t\t\t\t\t\t<\/div>\n\t\t\t\t<\/div>\n\t\t\t\t\t<\/div>\n\t\t\t\t<\/div>\n\t\t<div class=\"elementor-element elementor-element-af7592a e-flex e-con-boxed e-con e-parent\" data-id=\"af7592a\" data-element_type=\"container\" data-e-type=\"container\" data-settings=\"{&quot;background_background&quot;:&quot;classic&quot;}\">\n\t\t\t\t\t<div class=\"e-con-inner\">\n\t\t<div class=\"elementor-element elementor-element-6cd94e3 e-con-full e-flex e-con e-child\" data-id=\"6cd94e3\" data-element_type=\"container\" data-e-type=\"container\">\n\t\t\t\t<div class=\"elementor-element elementor-element-f27be04 elementor-widget elementor-widget-heading\" data-id=\"f27be04\" data-element_type=\"widget\" data-e-type=\"widget\" data-widget_type=\"heading.default\">\n\t\t\t\t<div class=\"elementor-widget-container\">\n\t\t\t\t\t<h2 class=\"elementor-heading-title elementor-size-default\">l'histoire de l'armagnac r\u00e9capet<\/h2>\t\t\t\t<\/div>\n\t\t\t\t<\/div>\n\t\t\t\t<div class=\"elementor-element elementor-element-41a981b elementor-widget elementor-widget-text-editor\" data-id=\"41a981b\" data-element_type=\"widget\" data-e-type=\"widget\" data-widget_type=\"text-editor.default\">\n\t\t\t\t<div class=\"elementor-widget-container\">\n\t\t\t\t\t\t\t\t\t<p>L&rsquo;armagnac R\u00e9capet tire son nom de L\u00e9once R\u00e9capet, qui est celui par lequel le virus de la viticulture fut insuffl\u00e9 dans la famille Lurton. C\u2019est en 1890 qu\u2019il reprit la petite fabrique de liqueurs, fond\u00e9e quelques ann\u00e9es plus t\u00f4t par son p\u00e8re, Jean R\u00e9capet, et son oncle Fran\u00e7ois R\u00e9capet, tous deux brasseurs-liquoristes&#8230;<\/p>\t\t\t\t\t\t\t\t<\/div>\n\t\t\t\t<\/div>\n\t\t\t\t<div class=\"elementor-element elementor-element-b26b497 elementor-align-center elementor-widget elementor-widget-button\" data-id=\"b26b497\" data-element_type=\"widget\" data-e-type=\"widget\" data-widget_type=\"button.default\">\n\t\t\t\t<div class=\"elementor-widget-container\">\n\t\t\t\t\t\t\t\t\t<div class=\"elementor-button-wrapper\">\n\t\t\t\t\t<a class=\"elementor-button elementor-button-link elementor-size-sm\" href=\"https:\/\/recapet.fr\/index.php\/histoire\/\">\n\t\t\t\t\t\t<span class=\"elementor-button-content-wrapper\">\n\t\t\t\t\t\t\t\t\t<span class=\"elementor-button-text\">En savoir plus...<\/span>\n\t\t\t\t\t<\/span>\n\t\t\t\t\t<\/a>\n\t\t\t\t<\/div>\n\t\t\t\t\t\t\t\t<\/div>\n\t\t\t\t<\/div>\n\t\t\t\t<\/div>\n\t\t<div class=\"elementor-element elementor-element-b15e48e e-con-full e-flex e-con e-child\" data-id=\"b15e48e\" data-element_type=\"container\" data-e-type=\"container\">\n\t\t\t\t<div class=\"elementor-element elementor-element-a3fb535 elementor-widget elementor-widget-image\" data-id=\"a3fb535\" data-element_type=\"widget\" data-e-type=\"widget\" data-widget_type=\"image.default\">\n\t\t\t\t<div class=\"elementor-widget-container\">\n\t\t\t\t\t\t\t\t\t\t\t\t\t\t\t<img decoding=\"async\" width=\"395\" height=\"258\" src=\"https:\/\/recapet.fr\/wp-content\/uploads\/2024\/07\/distillerie-Leonce-Recapet.jpg\" class=\"attachment-full size-full wp-image-38\" alt=\"\u00c9tiquette ancienne et originale L\u00e9once R\u00e9capet, illustration vintage\" srcset=\"https:\/\/recapet.fr\/wp-content\/uploads\/2024\/07\/distillerie-Leonce-Recapet.jpg 395w, https:\/\/recapet.fr\/wp-content\/uploads\/2024\/07\/distillerie-Leonce-Recapet-300x196.jpg 300w\" sizes=\"(max-width: 395px) 100vw, 395px\" \/>\t\t\t\t\t\t\t\t\t\t\t\t\t\t\t<\/div>\n\t\t\t\t<\/div>\n\t\t\t\t<\/div>\n\t\t\t\t\t<\/div>\n\t\t\t\t<\/div>\n\t\t<div class=\"elementor-element elementor-element-e3d19e5 e-flex e-con-boxed e-con e-parent\" data-id=\"e3d19e5\" data-element_type=\"container\" data-e-type=\"container\">\n\t\t\t\t\t<div class=\"e-con-inner\">\n\t\t<div class=\"elementor-element elementor-element-8ad9c26 e-con-full e-flex e-con e-child\" data-id=\"8ad9c26\" data-element_type=\"container\" data-e-type=\"container\">\n\t\t\t\t<div class=\"elementor-element elementor-element-2f011e0 elementor-widget elementor-widget-image\" data-id=\"2f011e0\" data-element_type=\"widget\" data-e-type=\"widget\" data-widget_type=\"image.default\">\n\t\t\t\t<div class=\"elementor-widget-container\">\n\t\t\t\t\t\t\t\t\t\t\t\t\t\t\t<img decoding=\"async\" width=\"2560\" height=\"1707\" src=\"https:\/\/recapet.fr\/wp-content\/uploads\/2024\/07\/Alambic-6-bR-scaled.jpg\" class=\"attachment-full size-full wp-image-42\" alt=\"Distillation artisanale de l\u2019Armagnac R\u00e9capet avec alambic \u00e0 colonne en cuivre dans le Gers\" srcset=\"https:\/\/recapet.fr\/wp-content\/uploads\/2024\/07\/Alambic-6-bR-scaled.jpg 2560w, https:\/\/recapet.fr\/wp-content\/uploads\/2024\/07\/Alambic-6-bR-300x200.jpg 300w, https:\/\/recapet.fr\/wp-content\/uploads\/2024\/07\/Alambic-6-bR-1024x683.jpg 1024w, https:\/\/recapet.fr\/wp-content\/uploads\/2024\/07\/Alambic-6-bR-768x512.jpg 768w, https:\/\/recapet.fr\/wp-content\/uploads\/2024\/07\/Alambic-6-bR-1536x1024.jpg 1536w, https:\/\/recapet.fr\/wp-content\/uploads\/2024\/07\/Alambic-6-bR-2048x1365.jpg 2048w\" sizes=\"(max-width: 2560px) 100vw, 2560px\" \/>\t\t\t\t\t\t\t\t\t\t\t\t\t\t\t<\/div>\n\t\t\t\t<\/div>\n\t\t\t\t<\/div>\n\t\t<div class=\"elementor-element elementor-element-eb19e50 e-con-full e-flex e-con e-child\" data-id=\"eb19e50\" data-element_type=\"container\" data-e-type=\"container\">\n\t\t\t\t<div class=\"elementor-element elementor-element-9d86ad1 elementor-widget elementor-widget-heading\" data-id=\"9d86ad1\" data-element_type=\"widget\" data-e-type=\"widget\" data-widget_type=\"heading.default\">\n\t\t\t\t<div class=\"elementor-widget-container\">\n\t\t\t\t\t<h2 class=\"elementor-heading-title elementor-size-default\">Notre Savoir-faire<\/h2>\t\t\t\t<\/div>\n\t\t\t\t<\/div>\n\t\t\t\t<div class=\"elementor-element elementor-element-31d6e24 elementor-widget elementor-widget-text-editor\" data-id=\"31d6e24\" data-element_type=\"widget\" data-e-type=\"widget\" data-widget_type=\"text-editor.default\">\n\t\t\t\t<div class=\"elementor-widget-container\">\n\t\t\t\t\t\t\t\t\t<p>Un alambic armagnacais est utilis\u00e9 pour distiller le vin et en faire de l&rsquo;Armagnac. Contrairement \u00e0 d&rsquo;autres types d&rsquo;alambics, celui-ci fonctionne en continu, ce qui permet une distillation plus lente et douce. Le vin est chauff\u00e9 doucement et passe dans plusieurs colonnes avant d&rsquo;arriver \u00e0 une chaudi\u00e8re.\u00a0<\/p>\t\t\t\t\t\t\t\t<\/div>\n\t\t\t\t<\/div>\n\t\t\t\t<div class=\"elementor-element elementor-element-d204f73 elementor-align-center elementor-widget elementor-widget-button\" data-id=\"d204f73\" data-element_type=\"widget\" data-e-type=\"widget\" data-widget_type=\"button.default\">\n\t\t\t\t<div class=\"elementor-widget-container\">\n\t\t\t\t\t\t\t\t\t<div class=\"elementor-button-wrapper\">\n\t\t\t\t\t<a class=\"elementor-button elementor-button-link elementor-size-sm\" href=\"https:\/\/recapet.fr\/index.php\/savoir-faire\/\">\n\t\t\t\t\t\t<span class=\"elementor-button-content-wrapper\">\n\t\t\t\t\t\t\t\t\t<span class=\"elementor-button-text\">En savoir plus...<\/span>\n\t\t\t\t\t<\/span>\n\t\t\t\t\t<\/a>\n\t\t\t\t<\/div>\n\t\t\t\t\t\t\t\t<\/div>\n\t\t\t\t<\/div>\n\t\t\t\t<\/div>\n\t\t\t\t\t<\/div>\n\t\t\t\t<\/div>\n\t\t<div class=\"elementor-element elementor-element-2d3be28 e-flex e-con-boxed e-con e-parent\" data-id=\"2d3be28\" data-element_type=\"container\" data-e-type=\"container\" data-settings=\"{&quot;background_background&quot;:&quot;classic&quot;}\">\n\t\t\t\t\t<div class=\"e-con-inner\">\n\t\t<div class=\"elementor-element elementor-element-b0d6695 e-con-full e-flex e-con e-child\" data-id=\"b0d6695\" data-element_type=\"container\" data-e-type=\"container\">\n\t\t\t\t<div class=\"elementor-element elementor-element-fbbd18c elementor-widget elementor-widget-heading\" data-id=\"fbbd18c\" data-element_type=\"widget\" data-e-type=\"widget\" data-widget_type=\"heading.default\">\n\t\t\t\t<div class=\"elementor-widget-container\">\n\t\t\t\t\t<h2 class=\"elementor-heading-title elementor-size-default\">Nos produits<\/h2>\t\t\t\t<\/div>\n\t\t\t\t<\/div>\n\t\t\t\t<div class=\"elementor-element elementor-element-69d60a4 elementor-widget elementor-widget-text-editor\" data-id=\"69d60a4\" data-element_type=\"widget\" data-e-type=\"widget\" data-widget_type=\"text-editor.default\">\n\t\t\t\t<div class=\"elementor-widget-container\">\n\t\t\t\t\t\t\t\t\t<p>\u00c0 Targuerie, nos armagnacs biologiques sont \u00e9labor\u00e9s \u00e0 partir de c\u00e9pages embl\u00e9matiques de la r\u00e9gion du Bas-Armagnac, notamment la Folle Blanche, le Baco et l&rsquo;Ugni Blanc. La Folle Blanche, c\u00e9page historique, conf\u00e8re \u00e0 nos eaux-de-vie des ar\u00f4mes&#8230;<\/p>\t\t\t\t\t\t\t\t<\/div>\n\t\t\t\t<\/div>\n\t\t\t\t<div class=\"elementor-element elementor-element-edccb0f elementor-align-center elementor-widget elementor-widget-button\" data-id=\"edccb0f\" data-element_type=\"widget\" data-e-type=\"widget\" data-widget_type=\"button.default\">\n\t\t\t\t<div class=\"elementor-widget-container\">\n\t\t\t\t\t\t\t\t\t<div class=\"elementor-button-wrapper\">\n\t\t\t\t\t<a class=\"elementor-button elementor-button-link elementor-size-sm\" href=\"https:\/\/recapet.fr\/index.php\/produits\/\">\n\t\t\t\t\t\t<span class=\"elementor-button-content-wrapper\">\n\t\t\t\t\t\t\t\t\t<span class=\"elementor-button-text\">En savoir plus...<\/span>\n\t\t\t\t\t<\/span>\n\t\t\t\t\t<\/a>\n\t\t\t\t<\/div>\n\t\t\t\t\t\t\t\t<\/div>\n\t\t\t\t<\/div>\n\t\t\t\t<\/div>\n\t\t<div class=\"elementor-element elementor-element-ca2af89 e-con-full e-flex e-con e-child\" data-id=\"ca2af89\" data-element_type=\"container\" data-e-type=\"container\">\n\t\t\t\t<div class=\"elementor-element elementor-element-8af8475 elementor-widget elementor-widget-image\" data-id=\"8af8475\" data-element_type=\"widget\" data-e-type=\"widget\" data-widget_type=\"image.default\">\n\t\t\t\t<div class=\"elementor-widget-container\">\n\t\t\t\t\t\t\t\t\t\t\t\t\t\t\t<img loading=\"lazy\" decoding=\"async\" width=\"1500\" height=\"1000\" src=\"https:\/\/recapet.fr\/wp-content\/uploads\/2024\/09\/P_histoire_3-1.jpg\" class=\"attachment-full size-full wp-image-613\" alt=\"Bouteille d\u2019Armagnac R\u00e9capet bio tenue dans une main, ambiance chaleureuse\" srcset=\"https:\/\/recapet.fr\/wp-content\/uploads\/2024\/09\/P_histoire_3-1.jpg 1500w, https:\/\/recapet.fr\/wp-content\/uploads\/2024\/09\/P_histoire_3-1-300x200.jpg 300w, https:\/\/recapet.fr\/wp-content\/uploads\/2024\/09\/P_histoire_3-1-1024x683.jpg 1024w, https:\/\/recapet.fr\/wp-content\/uploads\/2024\/09\/P_histoire_3-1-768x512.jpg 768w\" sizes=\"(max-width: 1500px) 100vw, 1500px\" \/>\t\t\t\t\t\t\t\t\t\t\t\t\t\t\t<\/div>\n\t\t\t\t<\/div>\n\t\t\t\t<\/div>\n\t\t\t\t\t<\/div>\n\t\t\t\t<\/div>\n\t\t<div class=\"elementor-element elementor-element-2250742 e-grid e-con-boxed e-con e-parent\" data-id=\"2250742\" data-element_type=\"container\" data-e-type=\"container\">\n\t\t\t\t\t<div class=\"e-con-inner\">\n\t\t\t\t<div class=\"elementor-element elementor-element-6a5373d elementor-widget elementor-widget-text-editor\" data-id=\"6a5373d\" data-element_type=\"widget\" data-e-type=\"widget\" data-widget_type=\"text-editor.default\">\n\t\t\t\t<div class=\"elementor-widget-container\">\n\t\t\t\t\t\t\t\t\t<p data-start=\"534\" data-end=\"840\">Install\u00e9 \u00e0 Cazaubon, dans le Gers, le Domaine de Targuerie se situe au c\u0153ur du Bas-Armagnac, terroir reconnu comme l\u2019un des plus prestigieux de l\u2019appellation. Sols sablo-limoneux, climat oc\u00e9anique temp\u00e9r\u00e9, c\u00e9pages traditionnels\u2026 tout ici r\u00e9unit les conditions id\u00e9ales pour produire un Armagnac d\u2019exception.<\/p><p data-start=\"842\" data-end=\"1082\">Notre domaine familial perp\u00e9tue une tradition artisanale, avec une attention port\u00e9e \u00e0 chaque \u00e9tape\u202f: de la vigne \u00e0 l\u2019alambic, du chai au verre. Visiter le Domaine de Targuerie, c\u2019est d\u00e9couvrir l\u2019\u00e2me d\u2019un terroir et d\u2019un savoir-faire unique.<\/p>\t\t\t\t\t\t\t\t<\/div>\n\t\t\t\t<\/div>\n\t\t\t\t<div class=\"elementor-element elementor-element-9194e60 elementor-widget elementor-widget-google_maps\" data-id=\"9194e60\" data-element_type=\"widget\" data-e-type=\"widget\" data-widget_type=\"google_maps.default\">\n\t\t\t\t<div class=\"elementor-widget-container\">\n\t\t\t\t\t\t\t<div class=\"elementor-custom-embed\">\n\t\t\t<iframe loading=\"lazy\"\n\t\t\t\t\tsrc=\"https:\/\/maps.google.com\/maps?q=Domaine%20de%20Targuerie%2C%2032150%20Cazaubon&#038;t=m&#038;z=15&#038;output=embed&#038;iwloc=near\"\n\t\t\t\t\ttitle=\"Domaine de Targuerie, 32150 Cazaubon\"\n\t\t\t\t\taria-label=\"Domaine de Targuerie, 32150 Cazaubon\"\n\t\t\t><\/iframe>\n\t\t<\/div>\n\t\t\t\t\t\t<\/div>\n\t\t\t\t<\/div>\n\t\t\t\t\t<\/div>\n\t\t\t\t<\/div>\n\t\t\t\t<\/div>\n\t\t","protected":false},"excerpt":{"rendered":"<p>l&rsquo;histoire de l&rsquo;armagnac r\u00e9capet L&rsquo;armagnac R\u00e9capet tire son nom de L\u00e9once R\u00e9capet, qui est celui par lequel le virus de&#8230;<\/p>\n","protected":false},"author":1,"featured_media":0,"parent":0,"menu_order":0,"comment_status":"closed","ping_status":"closed","template":"","meta":{"inline_featured_image":false,"footnotes":""},"class_list":["post-28","page","type-page","status-publish","hentry"],"yoast_head":"<!-- This site is optimized with the Yoast SEO plugin v22.9 - https:\/\/yoast.com\/wordpress\/plugins\/seo\/ -->\n<title>Armagnac R\u00e9capet \u2013 Bas\u2011Armagnac bio artisanal | Distillation Gers<\/title>\n<meta name=\"description\" content=\"D\u00e9couvrez l\u2019Armagnac R\u00e9capet : Bas\u2011Armagnac bio, c\u00e9pages Baco &amp; Ugni\u2011Blanc, distillation artisanale dans le Gers. Achetez en ligne.\" \/>\n<meta name=\"robots\" content=\"index, follow, max-snippet:-1, max-image-preview:large, max-video-preview:-1\" \/>\n<link rel=\"canonical\" href=\"https:\/\/recapet.fr\/\" \/>\n<meta property=\"og:locale\" content=\"fr_FR\" \/>\n<meta property=\"og:type\" content=\"article\" \/>\n<meta property=\"og:title\" content=\"Armagnac R\u00e9capet \u2013 Bas\u2011Armagnac bio artisanal | Distillation Gers\" \/>\n<meta property=\"og:description\" content=\"D\u00e9couvrez l\u2019Armagnac R\u00e9capet : Bas\u2011Armagnac bio, c\u00e9pages Baco &amp; Ugni\u2011Blanc, distillation artisanale dans le Gers. Achetez en ligne.\" \/>\n<meta property=\"og:url\" content=\"https:\/\/recapet.fr\/\" \/>\n<meta property=\"og:site_name\" content=\"R\u00e9capet \u2013 Armagnac bio du Gers, distillation artisanale\" \/>\n<meta property=\"article:modified_time\" content=\"2025-07-07T14:28:44+00:00\" \/>\n<meta property=\"og:image\" content=\"http:\/\/recapet.fr\/wp-content\/uploads\/2024\/12\/Logo-Recapet-OR-768x436.png\" \/>\n<meta name=\"twitter:card\" content=\"summary_large_image\" \/>\n<meta name=\"twitter:label1\" content=\"Dur\u00e9e de lecture estim\u00e9e\" \/>\n\t<meta name=\"twitter:data1\" content=\"2 minutes\" \/>\n<script type=\"application\/ld+json\" class=\"yoast-schema-graph\">{\"@context\":\"https:\/\/schema.org\",\"@graph\":[{\"@type\":\"WebPage\",\"@id\":\"https:\/\/recapet.fr\/\",\"url\":\"https:\/\/recapet.fr\/\",\"name\":\"Armagnac R\u00e9capet \u2013 Bas\u2011Armagnac bio artisanal | Distillation Gers\",\"isPartOf\":{\"@id\":\"https:\/\/recapet.fr\/#website\"},\"primaryImageOfPage\":{\"@id\":\"https:\/\/recapet.fr\/#primaryimage\"},\"image\":{\"@id\":\"https:\/\/recapet.fr\/#primaryimage\"},\"thumbnailUrl\":\"http:\/\/recapet.fr\/wp-content\/uploads\/2024\/12\/Logo-Recapet-OR-768x436.png\",\"datePublished\":\"2024-07-01T13:30:18+00:00\",\"dateModified\":\"2025-07-07T14:28:44+00:00\",\"description\":\"D\u00e9couvrez l\u2019Armagnac R\u00e9capet : Bas\u2011Armagnac bio, c\u00e9pages Baco & Ugni\u2011Blanc, distillation artisanale dans le Gers. Achetez en ligne.\",\"breadcrumb\":{\"@id\":\"https:\/\/recapet.fr\/#breadcrumb\"},\"inLanguage\":\"fr-FR\",\"potentialAction\":[{\"@type\":\"ReadAction\",\"target\":[\"https:\/\/recapet.fr\/\"]}]},{\"@type\":\"ImageObject\",\"inLanguage\":\"fr-FR\",\"@id\":\"https:\/\/recapet.fr\/#primaryimage\",\"url\":\"http:\/\/recapet.fr\/wp-content\/uploads\/2024\/12\/Logo-Recapet-OR-768x436.png\",\"contentUrl\":\"http:\/\/recapet.fr\/wp-content\/uploads\/2024\/12\/Logo-Recapet-OR-768x436.png\"},{\"@type\":\"BreadcrumbList\",\"@id\":\"https:\/\/recapet.fr\/#breadcrumb\",\"itemListElement\":[{\"@type\":\"ListItem\",\"position\":1,\"name\":\"Accueil\",\"item\":\"https:\/\/recapet.fr\/\"},{\"@type\":\"ListItem\",\"position\":2,\"name\":\"Page Principale\"}]},{\"@type\":\"WebSite\",\"@id\":\"https:\/\/recapet.fr\/#website\",\"url\":\"https:\/\/recapet.fr\/\",\"name\":\"Armagnac Recapet\",\"description\":\"Armagnac Bas-Armagnac bio, distill\u00e9 avec passion au c\u0153ur du Gers.\",\"publisher\":{\"@id\":\"https:\/\/recapet.fr\/#organization\"},\"potentialAction\":[{\"@type\":\"SearchAction\",\"target\":{\"@type\":\"EntryPoint\",\"urlTemplate\":\"https:\/\/recapet.fr\/?s={search_term_string}\"},\"query-input\":\"required name=search_term_string\"}],\"inLanguage\":\"fr-FR\"},{\"@type\":\"Organization\",\"@id\":\"https:\/\/recapet.fr\/#organization\",\"name\":\"R\u00e9capet\",\"url\":\"https:\/\/recapet.fr\/\",\"logo\":{\"@type\":\"ImageObject\",\"inLanguage\":\"fr-FR\",\"@id\":\"https:\/\/recapet.fr\/#\/schema\/logo\/image\/\",\"url\":\"https:\/\/recapet.fr\/wp-content\/uploads\/2024\/06\/LOGO_RECAPET_ARMAGNAC_BLEU.png\",\"contentUrl\":\"https:\/\/recapet.fr\/wp-content\/uploads\/2024\/06\/LOGO_RECAPET_ARMAGNAC_BLEU.png\",\"width\":1621,\"height\":937,\"caption\":\"R\u00e9capet\"},\"image\":{\"@id\":\"https:\/\/recapet.fr\/#\/schema\/logo\/image\/\"},\"sameAs\":[\"https:\/\/www.instagram.com\/armagnac_recapet\/\"]}]}<\/script>\n<!-- \/ Yoast SEO plugin. -->","yoast_head_json":{"title":"Armagnac R\u00e9capet \u2013 Bas\u2011Armagnac bio artisanal | Distillation Gers","description":"D\u00e9couvrez l\u2019Armagnac R\u00e9capet : Bas\u2011Armagnac bio, c\u00e9pages Baco & Ugni\u2011Blanc, distillation artisanale dans le Gers. Achetez en ligne.","robots":{"index":"index","follow":"follow","max-snippet":"max-snippet:-1","max-image-preview":"max-image-preview:large","max-video-preview":"max-video-preview:-1"},"canonical":"https:\/\/recapet.fr\/","og_locale":"fr_FR","og_type":"article","og_title":"Armagnac R\u00e9capet \u2013 Bas\u2011Armagnac bio artisanal | Distillation Gers","og_description":"D\u00e9couvrez l\u2019Armagnac R\u00e9capet : Bas\u2011Armagnac bio, c\u00e9pages Baco & Ugni\u2011Blanc, distillation artisanale dans le Gers. Achetez en ligne.","og_url":"https:\/\/recapet.fr\/","og_site_name":"R\u00e9capet \u2013 Armagnac bio du Gers, distillation artisanale","article_modified_time":"2025-07-07T14:28:44+00:00","og_image":[{"url":"http:\/\/recapet.fr\/wp-content\/uploads\/2024\/12\/Logo-Recapet-OR-768x436.png"}],"twitter_card":"summary_large_image","twitter_misc":{"Dur\u00e9e de lecture estim\u00e9e":"2 minutes"},"schema":{"@context":"https:\/\/schema.org","@graph":[{"@type":"WebPage","@id":"https:\/\/recapet.fr\/","url":"https:\/\/recapet.fr\/","name":"Armagnac R\u00e9capet \u2013 Bas\u2011Armagnac bio artisanal | Distillation Gers","isPartOf":{"@id":"https:\/\/recapet.fr\/#website"},"primaryImageOfPage":{"@id":"https:\/\/recapet.fr\/#primaryimage"},"image":{"@id":"https:\/\/recapet.fr\/#primaryimage"},"thumbnailUrl":"http:\/\/recapet.fr\/wp-content\/uploads\/2024\/12\/Logo-Recapet-OR-768x436.png","datePublished":"2024-07-01T13:30:18+00:00","dateModified":"2025-07-07T14:28:44+00:00","description":"D\u00e9couvrez l\u2019Armagnac R\u00e9capet : Bas\u2011Armagnac bio, c\u00e9pages Baco & Ugni\u2011Blanc, distillation artisanale dans le Gers. Achetez en ligne.","breadcrumb":{"@id":"https:\/\/recapet.fr\/#breadcrumb"},"inLanguage":"fr-FR","potentialAction":[{"@type":"ReadAction","target":["https:\/\/recapet.fr\/"]}]},{"@type":"ImageObject","inLanguage":"fr-FR","@id":"https:\/\/recapet.fr\/#primaryimage","url":"http:\/\/recapet.fr\/wp-content\/uploads\/2024\/12\/Logo-Recapet-OR-768x436.png","contentUrl":"http:\/\/recapet.fr\/wp-content\/uploads\/2024\/12\/Logo-Recapet-OR-768x436.png"},{"@type":"BreadcrumbList","@id":"https:\/\/recapet.fr\/#breadcrumb","itemListElement":[{"@type":"ListItem","position":1,"name":"Accueil","item":"https:\/\/recapet.fr\/"},{"@type":"ListItem","position":2,"name":"Page Principale"}]},{"@type":"WebSite","@id":"https:\/\/recapet.fr\/#website","url":"https:\/\/recapet.fr\/","name":"Armagnac Recapet","description":"Armagnac Bas-Armagnac bio, distill\u00e9 avec passion au c\u0153ur du Gers.","publisher":{"@id":"https:\/\/recapet.fr\/#organization"},"potentialAction":[{"@type":"SearchAction","target":{"@type":"EntryPoint","urlTemplate":"https:\/\/recapet.fr\/?s={search_term_string}"},"query-input":"required name=search_term_string"}],"inLanguage":"fr-FR"},{"@type":"Organization","@id":"https:\/\/recapet.fr\/#organization","name":"R\u00e9capet","url":"https:\/\/recapet.fr\/","logo":{"@type":"ImageObject","inLanguage":"fr-FR","@id":"https:\/\/recapet.fr\/#\/schema\/logo\/image\/","url":"https:\/\/recapet.fr\/wp-content\/uploads\/2024\/06\/LOGO_RECAPET_ARMAGNAC_BLEU.png","contentUrl":"https:\/\/recapet.fr\/wp-content\/uploads\/2024\/06\/LOGO_RECAPET_ARMAGNAC_BLEU.png","width":1621,"height":937,"caption":"R\u00e9capet"},"image":{"@id":"https:\/\/recapet.fr\/#\/schema\/logo\/image\/"},"sameAs":["https:\/\/www.instagram.com\/armagnac_recapet\/"]}]}},"_links":{"self":[{"href":"https:\/\/recapet.fr\/index.php\/wp-json\/wp\/v2\/pages\/28","targetHints":{"allow":["GET"]}}],"collection":[{"href":"https:\/\/recapet.fr\/index.php\/wp-json\/wp\/v2\/pages"}],"about":[{"href":"https:\/\/recapet.fr\/index.php\/wp-json\/wp\/v2\/types\/page"}],"author":[{"embeddable":true,"href":"https:\/\/recapet.fr\/index.php\/wp-json\/wp\/v2\/users\/1"}],"replies":[{"embeddable":true,"href":"https:\/\/recapet.fr\/index.php\/wp-json\/wp\/v2\/comments?post=28"}],"version-history":[{"count":109,"href":"https:\/\/recapet.fr\/index.php\/wp-json\/wp\/v2\/pages\/28\/revisions"}],"predecessor-version":[{"id":1253,"href":"https:\/\/recapet.fr\/index.php\/wp-json\/wp\/v2\/pages\/28\/revisions\/1253"}],"wp:attachment":[{"href":"https:\/\/recapet.fr\/index.php\/wp-json\/wp\/v2\/media?parent=28"}],"curies":[{"name":"wp","href":"https:\/\/api.w.org\/{rel}","templated":true}]}}