{"id":128,"date":"2024-07-09T10:30:08","date_gmt":"2024-07-09T08:30:08","guid":{"rendered":"https:\/\/recapet.fr\/?page_id=128"},"modified":"2025-06-30T12:04:22","modified_gmt":"2025-06-30T10:04:22","slug":"degustation-armagnac","status":"publish","type":"page","link":"https:\/\/recapet.fr\/index.php\/degustation-armagnac\/","title":{"rendered":"D\u00e9gustation"},"content":{"rendered":"\t\t<div data-elementor-type=\"wp-page\" data-elementor-id=\"128\" class=\"elementor elementor-128\" data-elementor-post-type=\"page\">\n\t\t\t\t<div class=\"elementor-element elementor-element-cfe4da7 e-flex e-con-boxed e-con e-parent\" data-id=\"cfe4da7\" data-element_type=\"container\" data-e-type=\"container\" data-settings=\"{&quot;background_background&quot;:&quot;classic&quot;}\">\n\t\t\t\t\t<div class=\"e-con-inner\">\n\t\t\t\t<div class=\"elementor-element elementor-element-a3b4ba9 elementor-widget elementor-widget-heading\" data-id=\"a3b4ba9\" data-element_type=\"widget\" data-e-type=\"widget\" data-widget_type=\"heading.default\">\n\t\t\t\t<div class=\"elementor-widget-container\">\n\t\t\t\t\t<h2 class=\"elementor-heading-title elementor-size-default\">D\u00e9gustation<\/h2>\t\t\t\t<\/div>\n\t\t\t\t<\/div>\n\t\t\t\t\t<\/div>\n\t\t\t\t<\/div>\n\t\t<div class=\"elementor-element elementor-element-ac0ba57 e-flex e-con-boxed e-con e-parent\" data-id=\"ac0ba57\" data-element_type=\"container\" data-e-type=\"container\" data-settings=\"{&quot;background_background&quot;:&quot;classic&quot;}\">\n\t\t\t\t\t<div class=\"e-con-inner\">\n\t\t\t\t<div class=\"elementor-element elementor-element-7638571 elementor-widget elementor-widget-image\" data-id=\"7638571\" data-element_type=\"widget\" data-e-type=\"widget\" data-widget_type=\"image.default\">\n\t\t\t\t<div class=\"elementor-widget-container\">\n\t\t\t\t\t\t\t\t\t\t\t\t\t\t\t<img fetchpriority=\"high\" decoding=\"async\" width=\"1000\" height=\"1000\" src=\"https:\/\/recapet.fr\/wp-content\/uploads\/2025\/02\/P_Degustation_1.jpg\" class=\"elementor-animation-grow attachment-full size-full wp-image-1042\" alt=\"\" srcset=\"https:\/\/recapet.fr\/wp-content\/uploads\/2025\/02\/P_Degustation_1.jpg 1000w, https:\/\/recapet.fr\/wp-content\/uploads\/2025\/02\/P_Degustation_1-300x300.jpg 300w, https:\/\/recapet.fr\/wp-content\/uploads\/2025\/02\/P_Degustation_1-150x150.jpg 150w, https:\/\/recapet.fr\/wp-content\/uploads\/2025\/02\/P_Degustation_1-768x768.jpg 768w\" sizes=\"(max-width: 1000px) 100vw, 1000px\" \/>\t\t\t\t\t\t\t\t\t\t\t\t\t\t\t<\/div>\n\t\t\t\t<\/div>\n\t\t\t\t<div class=\"elementor-element elementor-element-81195b8 elementor-widget elementor-widget-heading\" data-id=\"81195b8\" data-element_type=\"widget\" data-e-type=\"widget\" data-widget_type=\"heading.default\">\n\t\t\t\t<div class=\"elementor-widget-container\">\n\t\t\t\t\t<h2 class=\"elementor-heading-title elementor-size-default\"><a href=\"https:\/\/recapet.fr\/index.php\/produit-domaine-de-targuerie\/\">Cocktail Fleur Blanche<\/a><\/h2>\t\t\t\t<\/div>\n\t\t\t\t<\/div>\n\t\t\t\t<div class=\"elementor-element elementor-element-fb58bc3 elementor-widget elementor-widget-text-editor\" data-id=\"fb58bc3\" data-element_type=\"widget\" data-e-type=\"widget\" data-widget_type=\"text-editor.default\">\n\t\t\t\t<div class=\"elementor-widget-container\">\n\t\t\t\t\t\t\t\t\t<ul><li>45 ml de Blanche Armagnac R\u00e9capet<\/li><li>30 ml de liqueur de fleur de sureau<\/li><li>30 ml de Verjus L\u00e9once<\/li><li>Blanc d&rsquo;\u0153uf<\/li><\/ul><p>Shaker le tout<\/p><p>Servir dans un verre old fashionned\u00a0<\/p>\t\t\t\t\t\t\t\t<\/div>\n\t\t\t\t<\/div>\n\t\t\t\t\t<\/div>\n\t\t\t\t<\/div>\n\t\t<div class=\"elementor-element elementor-element-dae58b6 e-flex e-con-boxed e-con e-parent\" data-id=\"dae58b6\" data-element_type=\"container\" data-e-type=\"container\">\n\t\t\t\t\t<div class=\"e-con-inner\">\n\t\t\t\t<div class=\"elementor-element elementor-element-57f9bc0 elementor-widget elementor-widget-image\" data-id=\"57f9bc0\" data-element_type=\"widget\" data-e-type=\"widget\" data-widget_type=\"image.default\">\n\t\t\t\t<div class=\"elementor-widget-container\">\n\t\t\t\t\t\t\t\t\t\t\t\t\t\t\t<img decoding=\"async\" width=\"1000\" height=\"1000\" src=\"https:\/\/recapet.fr\/wp-content\/uploads\/2024\/09\/P_Degustation_2.jpg\" class=\"attachment-large size-large wp-image-538\" alt=\"\" srcset=\"https:\/\/recapet.fr\/wp-content\/uploads\/2024\/09\/P_Degustation_2.jpg 1000w, https:\/\/recapet.fr\/wp-content\/uploads\/2024\/09\/P_Degustation_2-300x300.jpg 300w, https:\/\/recapet.fr\/wp-content\/uploads\/2024\/09\/P_Degustation_2-150x150.jpg 150w, https:\/\/recapet.fr\/wp-content\/uploads\/2024\/09\/P_Degustation_2-768x768.jpg 768w\" sizes=\"(max-width: 1000px) 100vw, 1000px\" \/>\t\t\t\t\t\t\t\t\t\t\t\t\t\t\t<\/div>\n\t\t\t\t<\/div>\n\t\t\t\t\t<\/div>\n\t\t\t\t<\/div>\n\t\t<div class=\"elementor-element elementor-element-fbf2bc4 e-flex e-con-boxed e-con e-parent\" data-id=\"fbf2bc4\" data-element_type=\"container\" data-e-type=\"container\">\n\t\t\t\t\t<div class=\"e-con-inner\">\n\t\t\t\t<div class=\"elementor-element elementor-element-4d085a0 elementor-widget elementor-widget-heading\" data-id=\"4d085a0\" data-element_type=\"widget\" data-e-type=\"widget\" data-widget_type=\"heading.default\">\n\t\t\t\t<div class=\"elementor-widget-container\">\n\t\t\t\t\t<h2 class=\"elementor-heading-title elementor-size-default\">Accord Armagnac-chocolat<\/h2>\t\t\t\t<\/div>\n\t\t\t\t<\/div>\n\t\t\t\t\t<\/div>\n\t\t\t\t<\/div>\n\t\t<div class=\"elementor-element elementor-element-019759f e-flex e-con-boxed e-con e-parent\" data-id=\"019759f\" data-element_type=\"container\" data-e-type=\"container\">\n\t\t\t\t\t<div class=\"e-con-inner\">\n\t\t\t\t<div class=\"elementor-element elementor-element-46d650a elementor-widget elementor-widget-text-editor\" data-id=\"46d650a\" data-element_type=\"widget\" data-e-type=\"widget\" data-widget_type=\"text-editor.default\">\n\t\t\t\t<div class=\"elementor-widget-container\">\n\t\t\t\t\t\t\t\t\t<p>Le mariage du chocolat et de l&rsquo;armagnac est une combinaison de saveurs qui ravit le palais de nombreuses fa\u00e7ons. L&rsquo;armagnac, avec ses notes chaudes et complexes de fruits secs, de vanille et parfois de bois\u00e9, offre une toile de fond riche et profonde. Lorsqu&rsquo;il est associ\u00e9 au chocolat, en particulier au chocolat noir, le contraste des saveurs cr\u00e9e une exp\u00e9rience gustative exquise.<\/p><p>Le chocolat noir, avec sa richesse intense et ses nuances subtiles de cacao, compl\u00e8te merveilleusement bien les ar\u00f4mes et les saveurs de l&rsquo;armagnac. Ensemble, ils cr\u00e9ent une harmonie o\u00f9 les saveurs se m\u00ealent et se renforcent mutuellement.<\/p><p>Le chocolat fondant apporte une texture velout\u00e9e tandis que l&rsquo;armagnac r\u00e9chauffe le palais avec ses notes \u00e9pic\u00e9es et ses accents fruit\u00e9s.<\/p>\t\t\t\t\t\t\t\t<\/div>\n\t\t\t\t<\/div>\n\t\t\t\t\t<\/div>\n\t\t\t\t<\/div>\n\t\t\t\t<\/div>\n\t\t","protected":false},"excerpt":{"rendered":"<p>D\u00e9gustation Cocktail Fleur Blanche 45 ml de Blanche Armagnac R\u00e9capet 30 ml de liqueur de fleur de sureau 30 ml&#8230;<\/p>\n","protected":false},"author":1,"featured_media":0,"parent":0,"menu_order":0,"comment_status":"closed","ping_status":"closed","template":"","meta":{"inline_featured_image":false,"footnotes":""},"class_list":["post-128","page","type-page","status-publish","hentry"],"yoast_head":"<!-- This site is optimized with the Yoast SEO plugin v22.9 - https:\/\/yoast.com\/wordpress\/plugins\/seo\/ -->\n<title>D\u00e9gustation d\u2019Armagnac R\u00e9capet \u2013 Recettes et Cocktails<\/title>\n<meta name=\"description\" content=\"D\u00e9couvrez des id\u00e9es originales de cocktails et recettes \u00e0 base d\u2019Armagnac R\u00e9capet. \u00c0 savourer en ap\u00e9ritif ou en dessert.\" \/>\n<meta name=\"robots\" content=\"index, follow, max-snippet:-1, max-image-preview:large, max-video-preview:-1\" \/>\n<link rel=\"canonical\" href=\"https:\/\/recapet.fr\/index.php\/degustation-armagnac\/\" \/>\n<meta property=\"og:locale\" content=\"fr_FR\" \/>\n<meta property=\"og:type\" content=\"article\" \/>\n<meta property=\"og:title\" content=\"D\u00e9gustation d\u2019Armagnac R\u00e9capet \u2013 Recettes et Cocktails\" \/>\n<meta property=\"og:description\" content=\"D\u00e9couvrez des id\u00e9es originales de cocktails et recettes \u00e0 base d\u2019Armagnac R\u00e9capet. \u00c0 savourer en ap\u00e9ritif ou en dessert.\" \/>\n<meta property=\"og:url\" content=\"https:\/\/recapet.fr\/index.php\/degustation-armagnac\/\" \/>\n<meta property=\"og:site_name\" content=\"R\u00e9capet \u2013 Armagnac bio du Gers, distillation artisanale\" \/>\n<meta property=\"article:modified_time\" content=\"2025-06-30T10:04:22+00:00\" \/>\n<meta property=\"og:image\" content=\"http:\/\/recapet.fr\/wp-content\/uploads\/2025\/02\/P_Degustation_1.jpg\" \/>\n<meta name=\"twitter:card\" content=\"summary_large_image\" \/>\n<meta name=\"twitter:label1\" content=\"Dur\u00e9e de lecture estim\u00e9e\" \/>\n\t<meta name=\"twitter:data1\" content=\"2 minutes\" \/>\n<script type=\"application\/ld+json\" class=\"yoast-schema-graph\">{\"@context\":\"https:\/\/schema.org\",\"@graph\":[{\"@type\":\"WebPage\",\"@id\":\"https:\/\/recapet.fr\/index.php\/degustation-armagnac\/\",\"url\":\"https:\/\/recapet.fr\/index.php\/degustation-armagnac\/\",\"name\":\"D\u00e9gustation d\u2019Armagnac R\u00e9capet \u2013 Recettes et Cocktails\",\"isPartOf\":{\"@id\":\"https:\/\/recapet.fr\/#website\"},\"primaryImageOfPage\":{\"@id\":\"https:\/\/recapet.fr\/index.php\/degustation-armagnac\/#primaryimage\"},\"image\":{\"@id\":\"https:\/\/recapet.fr\/index.php\/degustation-armagnac\/#primaryimage\"},\"thumbnailUrl\":\"http:\/\/recapet.fr\/wp-content\/uploads\/2025\/02\/P_Degustation_1.jpg\",\"datePublished\":\"2024-07-09T08:30:08+00:00\",\"dateModified\":\"2025-06-30T10:04:22+00:00\",\"description\":\"D\u00e9couvrez des id\u00e9es originales de cocktails et recettes \u00e0 base d\u2019Armagnac R\u00e9capet. \u00c0 savourer en ap\u00e9ritif ou en dessert.\",\"breadcrumb\":{\"@id\":\"https:\/\/recapet.fr\/index.php\/degustation-armagnac\/#breadcrumb\"},\"inLanguage\":\"fr-FR\",\"potentialAction\":[{\"@type\":\"ReadAction\",\"target\":[\"https:\/\/recapet.fr\/index.php\/degustation-armagnac\/\"]}]},{\"@type\":\"ImageObject\",\"inLanguage\":\"fr-FR\",\"@id\":\"https:\/\/recapet.fr\/index.php\/degustation-armagnac\/#primaryimage\",\"url\":\"http:\/\/recapet.fr\/wp-content\/uploads\/2025\/02\/P_Degustation_1.jpg\",\"contentUrl\":\"http:\/\/recapet.fr\/wp-content\/uploads\/2025\/02\/P_Degustation_1.jpg\"},{\"@type\":\"BreadcrumbList\",\"@id\":\"https:\/\/recapet.fr\/index.php\/degustation-armagnac\/#breadcrumb\",\"itemListElement\":[{\"@type\":\"ListItem\",\"position\":1,\"name\":\"Accueil\",\"item\":\"https:\/\/recapet.fr\/\"},{\"@type\":\"ListItem\",\"position\":2,\"name\":\"D\u00e9gustation\"}]},{\"@type\":\"WebSite\",\"@id\":\"https:\/\/recapet.fr\/#website\",\"url\":\"https:\/\/recapet.fr\/\",\"name\":\"Armagnac Recapet\",\"description\":\"Armagnac Bas-Armagnac bio, distill\u00e9 avec passion au c\u0153ur du Gers.\",\"publisher\":{\"@id\":\"https:\/\/recapet.fr\/#organization\"},\"potentialAction\":[{\"@type\":\"SearchAction\",\"target\":{\"@type\":\"EntryPoint\",\"urlTemplate\":\"https:\/\/recapet.fr\/?s={search_term_string}\"},\"query-input\":\"required name=search_term_string\"}],\"inLanguage\":\"fr-FR\"},{\"@type\":\"Organization\",\"@id\":\"https:\/\/recapet.fr\/#organization\",\"name\":\"R\u00e9capet\",\"url\":\"https:\/\/recapet.fr\/\",\"logo\":{\"@type\":\"ImageObject\",\"inLanguage\":\"fr-FR\",\"@id\":\"https:\/\/recapet.fr\/#\/schema\/logo\/image\/\",\"url\":\"https:\/\/recapet.fr\/wp-content\/uploads\/2024\/06\/LOGO_RECAPET_ARMAGNAC_BLEU.png\",\"contentUrl\":\"https:\/\/recapet.fr\/wp-content\/uploads\/2024\/06\/LOGO_RECAPET_ARMAGNAC_BLEU.png\",\"width\":1621,\"height\":937,\"caption\":\"R\u00e9capet\"},\"image\":{\"@id\":\"https:\/\/recapet.fr\/#\/schema\/logo\/image\/\"},\"sameAs\":[\"https:\/\/www.instagram.com\/armagnac_recapet\/\"]}]}<\/script>\n<!-- \/ Yoast SEO plugin. -->","yoast_head_json":{"title":"D\u00e9gustation d\u2019Armagnac R\u00e9capet \u2013 Recettes et Cocktails","description":"D\u00e9couvrez des id\u00e9es originales de cocktails et recettes \u00e0 base d\u2019Armagnac R\u00e9capet. \u00c0 savourer en ap\u00e9ritif ou en dessert.","robots":{"index":"index","follow":"follow","max-snippet":"max-snippet:-1","max-image-preview":"max-image-preview:large","max-video-preview":"max-video-preview:-1"},"canonical":"https:\/\/recapet.fr\/index.php\/degustation-armagnac\/","og_locale":"fr_FR","og_type":"article","og_title":"D\u00e9gustation d\u2019Armagnac R\u00e9capet \u2013 Recettes et Cocktails","og_description":"D\u00e9couvrez des id\u00e9es originales de cocktails et recettes \u00e0 base d\u2019Armagnac R\u00e9capet. \u00c0 savourer en ap\u00e9ritif ou en dessert.","og_url":"https:\/\/recapet.fr\/index.php\/degustation-armagnac\/","og_site_name":"R\u00e9capet \u2013 Armagnac bio du Gers, distillation artisanale","article_modified_time":"2025-06-30T10:04:22+00:00","og_image":[{"url":"http:\/\/recapet.fr\/wp-content\/uploads\/2025\/02\/P_Degustation_1.jpg"}],"twitter_card":"summary_large_image","twitter_misc":{"Dur\u00e9e de lecture estim\u00e9e":"2 minutes"},"schema":{"@context":"https:\/\/schema.org","@graph":[{"@type":"WebPage","@id":"https:\/\/recapet.fr\/index.php\/degustation-armagnac\/","url":"https:\/\/recapet.fr\/index.php\/degustation-armagnac\/","name":"D\u00e9gustation d\u2019Armagnac R\u00e9capet \u2013 Recettes et Cocktails","isPartOf":{"@id":"https:\/\/recapet.fr\/#website"},"primaryImageOfPage":{"@id":"https:\/\/recapet.fr\/index.php\/degustation-armagnac\/#primaryimage"},"image":{"@id":"https:\/\/recapet.fr\/index.php\/degustation-armagnac\/#primaryimage"},"thumbnailUrl":"http:\/\/recapet.fr\/wp-content\/uploads\/2025\/02\/P_Degustation_1.jpg","datePublished":"2024-07-09T08:30:08+00:00","dateModified":"2025-06-30T10:04:22+00:00","description":"D\u00e9couvrez des id\u00e9es originales de cocktails et recettes \u00e0 base d\u2019Armagnac R\u00e9capet. \u00c0 savourer en ap\u00e9ritif ou en dessert.","breadcrumb":{"@id":"https:\/\/recapet.fr\/index.php\/degustation-armagnac\/#breadcrumb"},"inLanguage":"fr-FR","potentialAction":[{"@type":"ReadAction","target":["https:\/\/recapet.fr\/index.php\/degustation-armagnac\/"]}]},{"@type":"ImageObject","inLanguage":"fr-FR","@id":"https:\/\/recapet.fr\/index.php\/degustation-armagnac\/#primaryimage","url":"http:\/\/recapet.fr\/wp-content\/uploads\/2025\/02\/P_Degustation_1.jpg","contentUrl":"http:\/\/recapet.fr\/wp-content\/uploads\/2025\/02\/P_Degustation_1.jpg"},{"@type":"BreadcrumbList","@id":"https:\/\/recapet.fr\/index.php\/degustation-armagnac\/#breadcrumb","itemListElement":[{"@type":"ListItem","position":1,"name":"Accueil","item":"https:\/\/recapet.fr\/"},{"@type":"ListItem","position":2,"name":"D\u00e9gustation"}]},{"@type":"WebSite","@id":"https:\/\/recapet.fr\/#website","url":"https:\/\/recapet.fr\/","name":"Armagnac Recapet","description":"Armagnac Bas-Armagnac bio, distill\u00e9 avec passion au c\u0153ur du Gers.","publisher":{"@id":"https:\/\/recapet.fr\/#organization"},"potentialAction":[{"@type":"SearchAction","target":{"@type":"EntryPoint","urlTemplate":"https:\/\/recapet.fr\/?s={search_term_string}"},"query-input":"required name=search_term_string"}],"inLanguage":"fr-FR"},{"@type":"Organization","@id":"https:\/\/recapet.fr\/#organization","name":"R\u00e9capet","url":"https:\/\/recapet.fr\/","logo":{"@type":"ImageObject","inLanguage":"fr-FR","@id":"https:\/\/recapet.fr\/#\/schema\/logo\/image\/","url":"https:\/\/recapet.fr\/wp-content\/uploads\/2024\/06\/LOGO_RECAPET_ARMAGNAC_BLEU.png","contentUrl":"https:\/\/recapet.fr\/wp-content\/uploads\/2024\/06\/LOGO_RECAPET_ARMAGNAC_BLEU.png","width":1621,"height":937,"caption":"R\u00e9capet"},"image":{"@id":"https:\/\/recapet.fr\/#\/schema\/logo\/image\/"},"sameAs":["https:\/\/www.instagram.com\/armagnac_recapet\/"]}]}},"_links":{"self":[{"href":"https:\/\/recapet.fr\/index.php\/wp-json\/wp\/v2\/pages\/128","targetHints":{"allow":["GET"]}}],"collection":[{"href":"https:\/\/recapet.fr\/index.php\/wp-json\/wp\/v2\/pages"}],"about":[{"href":"https:\/\/recapet.fr\/index.php\/wp-json\/wp\/v2\/types\/page"}],"author":[{"embeddable":true,"href":"https:\/\/recapet.fr\/index.php\/wp-json\/wp\/v2\/users\/1"}],"replies":[{"embeddable":true,"href":"https:\/\/recapet.fr\/index.php\/wp-json\/wp\/v2\/comments?post=128"}],"version-history":[{"count":34,"href":"https:\/\/recapet.fr\/index.php\/wp-json\/wp\/v2\/pages\/128\/revisions"}],"predecessor-version":[{"id":1045,"href":"https:\/\/recapet.fr\/index.php\/wp-json\/wp\/v2\/pages\/128\/revisions\/1045"}],"wp:attachment":[{"href":"https:\/\/recapet.fr\/index.php\/wp-json\/wp\/v2\/media?parent=128"}],"curies":[{"name":"wp","href":"https:\/\/api.w.org\/{rel}","templated":true}]}}