{"id":122,"date":"2024-07-09T10:29:07","date_gmt":"2024-07-09T08:29:07","guid":{"rendered":"https:\/\/recapet.fr\/?page_id=122"},"modified":"2025-06-30T11:56:33","modified_gmt":"2025-06-30T09:56:33","slug":"notre-histoire-armagnac","status":"publish","type":"page","link":"https:\/\/recapet.fr\/index.php\/notre-histoire-armagnac\/","title":{"rendered":"Histoire"},"content":{"rendered":"\t\t<div data-elementor-type=\"wp-page\" data-elementor-id=\"122\" class=\"elementor elementor-122\" data-elementor-post-type=\"page\">\n\t\t\t\t<div class=\"elementor-element elementor-element-a829c26 e-flex e-con-boxed e-con e-parent\" data-id=\"a829c26\" data-element_type=\"container\" data-e-type=\"container\" data-settings=\"{&quot;background_background&quot;:&quot;classic&quot;}\">\n\t\t\t\t\t<div class=\"e-con-inner\">\n\t\t\t\t<div class=\"elementor-element elementor-element-bfc2830 elementor-widget elementor-widget-heading\" data-id=\"bfc2830\" data-element_type=\"widget\" data-e-type=\"widget\" data-widget_type=\"heading.default\">\n\t\t\t\t<div class=\"elementor-widget-container\">\n\t\t\t\t\t<h1 class=\"elementor-heading-title elementor-size-default\">Notre Histoire<\/h1>\t\t\t\t<\/div>\n\t\t\t\t<\/div>\n\t\t\t\t\t<\/div>\n\t\t\t\t<\/div>\n\t\t<div class=\"elementor-element elementor-element-362cbff e-flex e-con-boxed e-con e-parent\" data-id=\"362cbff\" data-element_type=\"container\" data-e-type=\"container\" data-settings=\"{&quot;background_background&quot;:&quot;classic&quot;}\">\n\t\t\t\t\t<div class=\"e-con-inner\">\n\t\t<div class=\"elementor-element elementor-element-c1e52e2 e-con-full e-flex e-con e-child\" data-id=\"c1e52e2\" data-element_type=\"container\" data-e-type=\"container\">\n\t\t\t\t<div class=\"elementor-element elementor-element-6b6da1d elementor-widget elementor-widget-heading\" data-id=\"6b6da1d\" data-element_type=\"widget\" data-e-type=\"widget\" data-widget_type=\"heading.default\">\n\t\t\t\t<div class=\"elementor-widget-container\">\n\t\t\t\t\t<h2 class=\"elementor-heading-title elementor-size-default\">Le Domaine de targuerie<\/h2>\t\t\t\t<\/div>\n\t\t\t\t<\/div>\n\t\t\t\t<div class=\"elementor-element elementor-element-4eba966 elementor-widget elementor-widget-text-editor\" data-id=\"4eba966\" data-element_type=\"widget\" data-e-type=\"widget\" data-widget_type=\"text-editor.default\">\n\t\t\t\t<div class=\"elementor-widget-container\">\n\t\t\t\t\t\t\t\t\t<p data-start=\"114\" data-end=\"458\">Le Domaine de Targuerie, o\u00f9 sont confectionn\u00e9s les Armagnacs <em>R\u00e9capet<\/em>, se trouve au c\u0153ur de l\u2019appellation Bas-Armagnac, \u00e0 Cazaubon dans le Gers. Ce domaine s\u2019\u00e9tend sur 15 hectares de vignobles, entour\u00e9s de 40 hectares de for\u00eat naturelle. Cela refl\u00e8te l\u2019engagement de Sabine et Fran\u00e7ois Lurton pour des pratiques respectueuses de l\u2019environnement.<\/p>\n<p data-start=\"460\" data-end=\"579\">Depuis 2008, le Domaine de Targuerie est certifi\u00e9 biologique. Cette certification est d&rsquo;ailleurs une r\u00e9elle raret\u00e9 dans la r\u00e9gion.<\/p>\t\t\t\t\t\t\t\t<\/div>\n\t\t\t\t<\/div>\n\t\t\t\t<\/div>\n\t\t<div class=\"elementor-element elementor-element-1bc9a9d e-con-full e-flex e-con e-child\" data-id=\"1bc9a9d\" data-element_type=\"container\" data-e-type=\"container\">\n\t\t\t\t<div class=\"elementor-element elementor-element-359cfbc elementor-widget elementor-widget-image\" data-id=\"359cfbc\" data-element_type=\"widget\" data-e-type=\"widget\" data-widget_type=\"image.default\">\n\t\t\t\t<div class=\"elementor-widget-container\">\n\t\t\t\t\t\t\t\t\t\t\t\t\t\t\t<img fetchpriority=\"high\" decoding=\"async\" width=\"1024\" height=\"683\" src=\"https:\/\/recapet.fr\/wp-content\/uploads\/2024\/09\/P_Histoire_3-1024x683.jpg\" class=\"attachment-large size-large wp-image-548\" alt=\"Vignes biologiques du Domaine de R\u00e9capet \u00e0 Targuerie en Bas\u2011Armagnac, Gers\" srcset=\"https:\/\/recapet.fr\/wp-content\/uploads\/2024\/09\/P_Histoire_3-1024x683.jpg 1024w, https:\/\/recapet.fr\/wp-content\/uploads\/2024\/09\/P_Histoire_3-300x200.jpg 300w, https:\/\/recapet.fr\/wp-content\/uploads\/2024\/09\/P_Histoire_3-768x512.jpg 768w, https:\/\/recapet.fr\/wp-content\/uploads\/2024\/09\/P_Histoire_3.jpg 1500w\" sizes=\"(max-width: 1024px) 100vw, 1024px\" \/>\t\t\t\t\t\t\t\t\t\t\t\t\t\t\t<\/div>\n\t\t\t\t<\/div>\n\t\t\t\t<\/div>\n\t\t\t\t\t<\/div>\n\t\t\t\t<\/div>\n\t\t<div class=\"elementor-element elementor-element-7173be2 e-flex e-con-boxed e-con e-parent\" data-id=\"7173be2\" data-element_type=\"container\" data-e-type=\"container\">\n\t\t\t\t\t<div class=\"e-con-inner\">\n\t\t<div class=\"elementor-element elementor-element-937c9e7 e-con-full e-flex e-con e-child\" data-id=\"937c9e7\" data-element_type=\"container\" data-e-type=\"container\">\n\t\t\t\t<div class=\"elementor-element elementor-element-1d10932 elementor-widget elementor-widget-heading\" data-id=\"1d10932\" data-element_type=\"widget\" data-e-type=\"widget\" data-widget_type=\"heading.default\">\n\t\t\t\t<div class=\"elementor-widget-container\">\n\t\t\t\t\t<h2 class=\"elementor-heading-title elementor-size-default\">L\u00e9once R\u00e9capet<\/h2>\t\t\t\t<\/div>\n\t\t\t\t<\/div>\n\t\t\t\t<div class=\"elementor-element elementor-element-aa2231d elementor-widget elementor-widget-text-editor\" data-id=\"aa2231d\" data-element_type=\"widget\" data-e-type=\"widget\" data-widget_type=\"text-editor.default\">\n\t\t\t\t<div class=\"elementor-widget-container\">\n\t\t\t\t\t\t\t\t\t<p data-start=\"142\" data-end=\"511\">L\u00e9once R\u00e9capet est celui par lequel le virus de la viticulture fut insuffl\u00e9 dans la famille Lurton. En 1890, il reprit la petite fabrique de liqueurs fond\u00e9e quelques ann\u00e9es plus t\u00f4t par son p\u00e8re, Jean R\u00e9capet, et son oncle Fran\u00e7ois R\u00e9capet, tous deux brasseurs-liquoristes. Il la modernisa en appliquant, bien avant l\u2019heure, des proc\u00e9d\u00e9s r\u00e9volutionnaires pour l\u2019\u00e9poque.<\/p><p data-start=\"513\" data-end=\"857\">Il assura ainsi la prosp\u00e9rit\u00e9 de la \u00ab distillerie \u00e0 vapeur \u00bb familiale de fa\u00e7on novatrice. Non seulement il initia le principe de chauffe de l\u2019alambic \u00e0 la vapeur, qui produisait une basse pression garantissant une temp\u00e9rature id\u00e9ale, mais il instaura aussi les principes du marketing moderne. Cela se voit notamment dans la s\u00e9rie d\u2019\u00e9tiquettes.<\/p><p data-start=\"859\" data-end=\"1151\">Cette approche avant-gardiste a assur\u00e9 la renomm\u00e9e de la distillerie. Elle a aussi marqu\u00e9 durablement l\u2019histoire de la famille. Aujourd\u2019hui, la marque d\u2019Armagnacs R\u00e9capet perp\u00e9tue cet h\u00e9ritage en son honneur. Elle rend hommage \u00e0 cet esprit visionnaire qui a su allier tradition et innovation.<\/p>\t\t\t\t\t\t\t\t<\/div>\n\t\t\t\t<\/div>\n\t\t\t\t<\/div>\n\t\t<div class=\"elementor-element elementor-element-79da933 e-con-full e-flex e-con e-child\" data-id=\"79da933\" data-element_type=\"container\" data-e-type=\"container\">\n\t\t\t\t<div class=\"elementor-element elementor-element-a09456b elementor-widget elementor-widget-image\" data-id=\"a09456b\" data-element_type=\"widget\" data-e-type=\"widget\" data-widget_type=\"image.default\">\n\t\t\t\t<div class=\"elementor-widget-container\">\n\t\t\t\t\t\t\t\t\t\t\t\t\t\t\t<img decoding=\"async\" width=\"980\" height=\"530\" src=\"https:\/\/recapet.fr\/wp-content\/uploads\/2024\/09\/Leonce-Recapet-980x530-1.jpg\" class=\"attachment-large size-large wp-image-543\" alt=\"Portrait historique de L\u00e9once R\u00e9capet, pionnier de la distillation\" srcset=\"https:\/\/recapet.fr\/wp-content\/uploads\/2024\/09\/Leonce-Recapet-980x530-1.jpg 980w, https:\/\/recapet.fr\/wp-content\/uploads\/2024\/09\/Leonce-Recapet-980x530-1-300x162.jpg 300w, https:\/\/recapet.fr\/wp-content\/uploads\/2024\/09\/Leonce-Recapet-980x530-1-768x415.jpg 768w\" sizes=\"(max-width: 980px) 100vw, 980px\" \/>\t\t\t\t\t\t\t\t\t\t\t\t\t\t\t<\/div>\n\t\t\t\t<\/div>\n\t\t\t\t<\/div>\n\t\t\t\t\t<\/div>\n\t\t\t\t<\/div>\n\t\t<div class=\"elementor-element elementor-element-a8c68d2 e-flex e-con-boxed e-con e-parent\" data-id=\"a8c68d2\" data-element_type=\"container\" data-e-type=\"container\" data-settings=\"{&quot;background_background&quot;:&quot;classic&quot;}\">\n\t\t\t\t\t<div class=\"e-con-inner\">\n\t\t<div class=\"elementor-element elementor-element-aac354c e-con-full e-flex e-con e-child\" data-id=\"aac354c\" data-element_type=\"container\" data-e-type=\"container\">\n\t\t\t\t<div class=\"elementor-element elementor-element-3ccca89 elementor-widget elementor-widget-image\" data-id=\"3ccca89\" data-element_type=\"widget\" data-e-type=\"widget\" data-widget_type=\"image.default\">\n\t\t\t\t<div class=\"elementor-widget-container\">\n\t\t\t\t\t\t\t\t\t\t\t\t\t\t\t<img decoding=\"async\" width=\"1500\" height=\"1000\" src=\"https:\/\/recapet.fr\/wp-content\/uploads\/2024\/09\/P_Histoire_2.jpg\" class=\"attachment-full size-full wp-image-544\" alt=\"Sabine et Fran\u00e7ois Lurton, cr\u00e9ateurs de R\u00e9capet, devant le Domaine de Targuerie\" srcset=\"https:\/\/recapet.fr\/wp-content\/uploads\/2024\/09\/P_Histoire_2.jpg 1500w, https:\/\/recapet.fr\/wp-content\/uploads\/2024\/09\/P_Histoire_2-300x200.jpg 300w, https:\/\/recapet.fr\/wp-content\/uploads\/2024\/09\/P_Histoire_2-1024x683.jpg 1024w, https:\/\/recapet.fr\/wp-content\/uploads\/2024\/09\/P_Histoire_2-768x512.jpg 768w\" sizes=\"(max-width: 1500px) 100vw, 1500px\" \/>\t\t\t\t\t\t\t\t\t\t\t\t\t\t\t<\/div>\n\t\t\t\t<\/div>\n\t\t\t\t<\/div>\n\t\t<div class=\"elementor-element elementor-element-66c4a8c e-con-full e-flex e-con e-child\" data-id=\"66c4a8c\" data-element_type=\"container\" data-e-type=\"container\">\n\t\t\t\t<div class=\"elementor-element elementor-element-fb6fdb9 elementor-widget elementor-widget-heading\" data-id=\"fb6fdb9\" data-element_type=\"widget\" data-e-type=\"widget\" data-widget_type=\"heading.default\">\n\t\t\t\t<div class=\"elementor-widget-container\">\n\t\t\t\t\t<h2 class=\"elementor-heading-title elementor-size-default\">SABINE ET FRAN\u00e7ois, leur histoire<\/h2>\t\t\t\t<\/div>\n\t\t\t\t<\/div>\n\t\t\t\t<div class=\"elementor-element elementor-element-74c928f elementor-widget elementor-widget-text-editor\" data-id=\"74c928f\" data-element_type=\"widget\" data-e-type=\"widget\" data-widget_type=\"text-editor.default\">\n\t\t\t\t<div class=\"elementor-widget-container\">\n\t\t\t\t\t\t\t\t\t<p data-start=\"139\" data-end=\"509\">Fortement attach\u00e9s au terroir de Gascogne, Sabine et Fran\u00e7ois Lurton ont acquis le Domaine de Targuerie en 2021. Ce domaine de 15 hectares est cultiv\u00e9 en agriculture biologique, dans l\u2019appellation Bas-Armagnac. Leur ambition avec R\u00e9capet est double : perp\u00e9tuer la tradition familiale et produire des armagnacs d\u2019exception, en adoptant une approche \u00e9coresponsable et bio.<\/p>\n<p data-start=\"511\" data-end=\"724\">Pour cela, ils cherchent \u00e0 capturer l\u2019\u00e9quilibre entre le vin, le bois et le temps. Ainsi, ils mettent ainsi en avant des armagnacs fins et authentiques, qui refl\u00e8tent leur amour pour la terre et leur engagement envers l\u2019excellence.<\/p>\t\t\t\t\t\t\t\t<\/div>\n\t\t\t\t<\/div>\n\t\t\t\t<\/div>\n\t\t\t\t\t<\/div>\n\t\t\t\t<\/div>\n\t\t<div class=\"elementor-element elementor-element-c1fafd2 e-flex e-con-boxed e-con e-parent\" data-id=\"c1fafd2\" data-element_type=\"container\" data-e-type=\"container\">\n\t\t\t\t\t<div class=\"e-con-inner\">\n\t\t\t\t<div class=\"elementor-element elementor-element-82aa16d elementor-pagination-position-inside elementor-arrows-position-inside elementor-widget elementor-widget-image-carousel\" data-id=\"82aa16d\" data-element_type=\"widget\" data-e-type=\"widget\" data-settings=\"{&quot;slides_to_show&quot;:&quot;1&quot;,&quot;navigation&quot;:&quot;both&quot;,&quot;autoplay&quot;:&quot;yes&quot;,&quot;pause_on_hover&quot;:&quot;yes&quot;,&quot;pause_on_interaction&quot;:&quot;yes&quot;,&quot;autoplay_speed&quot;:5000,&quot;infinite&quot;:&quot;yes&quot;,&quot;effect&quot;:&quot;slide&quot;,&quot;speed&quot;:500}\" data-widget_type=\"image-carousel.default\">\n\t\t\t\t<div class=\"elementor-widget-container\">\n\t\t\t\t\t\t\t<div class=\"elementor-image-carousel-wrapper swiper\" role=\"region\" aria-roledescription=\"carousel\" aria-label=\"Carrousel d\u2019images\" dir=\"ltr\">\n\t\t\t<div class=\"elementor-image-carousel swiper-wrapper\" aria-live=\"off\">\n\t\t\t\t\t\t\t\t<div class=\"swiper-slide\" role=\"group\" aria-roledescription=\"slide\" aria-label=\"1 sur 3\"><figure class=\"swiper-slide-inner\"><img decoding=\"async\" class=\"swiper-slide-image\" src=\"https:\/\/recapet.fr\/wp-content\/uploads\/2024\/09\/P_Histoire_carrousel_1-1-768x614.jpg\" alt=\"Ambiance paisible face au Domaine de Targuerie, avec un banc sous les arbres\" \/><\/figure><\/div><div class=\"swiper-slide\" role=\"group\" aria-roledescription=\"slide\" aria-label=\"2 sur 3\"><figure class=\"swiper-slide-inner\"><img decoding=\"async\" class=\"swiper-slide-image\" src=\"https:\/\/recapet.fr\/wp-content\/uploads\/2024\/09\/P_Histoire_carrousel_3-768x614.jpg\" alt=\"Deux bouteilles d\u2019Armagnac R\u00e9capet au premier plan, avec une silhouette floue en arri\u00e8re-plan\" \/><\/figure><\/div><div class=\"swiper-slide\" role=\"group\" aria-roledescription=\"slide\" aria-label=\"3 sur 3\"><figure class=\"swiper-slide-inner\"><img decoding=\"async\" class=\"swiper-slide-image\" src=\"https:\/\/recapet.fr\/wp-content\/uploads\/2024\/09\/P_Histoire_carrousel_2-768x614.jpg\" alt=\"Fa\u00e7ade du Domaine de Targuerie envahie par la v\u00e9g\u00e9tation\" \/><\/figure><\/div>\t\t\t<\/div>\n\t\t\t\t\t\t\t\t\t\t\t\t<div class=\"elementor-swiper-button elementor-swiper-button-prev\" role=\"button\" tabindex=\"0\">\n\t\t\t\t\t\t<svg aria-hidden=\"true\" class=\"e-font-icon-svg e-eicon-chevron-left\" viewBox=\"0 0 1000 1000\" xmlns=\"http:\/\/www.w3.org\/2000\/svg\"><path d=\"M646 125C629 125 613 133 604 142L308 442C296 454 292 471 292 487 292 504 296 521 308 533L604 854C617 867 629 875 646 875 663 875 679 871 692 858 704 846 713 829 713 812 713 796 708 779 692 767L438 487 692 225C700 217 708 204 708 187 708 171 704 154 692 142 675 129 663 125 646 125Z\"><\/path><\/svg>\t\t\t\t\t<\/div>\n\t\t\t\t\t<div class=\"elementor-swiper-button elementor-swiper-button-next\" role=\"button\" tabindex=\"0\">\n\t\t\t\t\t\t<svg aria-hidden=\"true\" class=\"e-font-icon-svg e-eicon-chevron-right\" viewBox=\"0 0 1000 1000\" xmlns=\"http:\/\/www.w3.org\/2000\/svg\"><path d=\"M696 533C708 521 713 504 713 487 713 471 708 454 696 446L400 146C388 133 375 125 354 125 338 125 325 129 313 142 300 154 292 171 292 187 292 204 296 221 308 233L563 492 304 771C292 783 288 800 288 817 288 833 296 850 308 863 321 871 338 875 354 875 371 875 388 867 400 854L696 533Z\"><\/path><\/svg>\t\t\t\t\t<\/div>\n\t\t\t\t\n\t\t\t\t\t\t\t\t\t<div class=\"swiper-pagination\"><\/div>\n\t\t\t\t\t\t\t\t\t<\/div>\n\t\t\t\t\t\t<\/div>\n\t\t\t\t<\/div>\n\t\t\t\t\t<\/div>\n\t\t\t\t<\/div>\n\t\t\t\t<\/div>\n\t\t","protected":false},"excerpt":{"rendered":"<p>Notre Histoire Le Domaine de targuerie Le Domaine de Targuerie, o\u00f9 sont confectionn\u00e9s les Armagnacs R\u00e9capet, se trouve au c\u0153ur&#8230;<\/p>\n","protected":false},"author":1,"featured_media":0,"parent":0,"menu_order":0,"comment_status":"closed","ping_status":"closed","template":"","meta":{"inline_featured_image":false,"footnotes":""},"class_list":["post-122","page","type-page","status-publish","hentry"],"yoast_head":"<!-- This site is optimized with the Yoast SEO plugin v22.9 - https:\/\/yoast.com\/wordpress\/plugins\/seo\/ -->\n<title>Notre Histoire \u2013 L&#039;Armagnac R\u00e9capet et notre savoir-faire<\/title>\n<meta name=\"description\" content=\"De L\u00e9once R\u00e9capet \u00e0 Fran\u00e7ois Lurton, d\u00e9couvrez notre histoire autour de l&#039;Armagnac, entre passion du terroir et transmission artisanale.\" \/>\n<meta name=\"robots\" content=\"index, follow, max-snippet:-1, max-image-preview:large, max-video-preview:-1\" \/>\n<link rel=\"canonical\" href=\"https:\/\/recapet.fr\/index.php\/notre-histoire-armagnac\/\" \/>\n<meta property=\"og:locale\" content=\"fr_FR\" \/>\n<meta property=\"og:type\" content=\"article\" \/>\n<meta property=\"og:title\" content=\"Notre Histoire \u2013 L&#039;Armagnac R\u00e9capet et notre savoir-faire\" \/>\n<meta property=\"og:description\" content=\"De L\u00e9once R\u00e9capet \u00e0 Fran\u00e7ois Lurton, d\u00e9couvrez notre histoire autour de l&#039;Armagnac, entre passion du terroir et transmission artisanale.\" \/>\n<meta property=\"og:url\" content=\"https:\/\/recapet.fr\/index.php\/notre-histoire-armagnac\/\" \/>\n<meta property=\"og:site_name\" content=\"R\u00e9capet \u2013 Armagnac bio du Gers, distillation artisanale\" \/>\n<meta property=\"article:modified_time\" content=\"2025-06-30T09:56:33+00:00\" \/>\n<meta property=\"og:image\" content=\"http:\/\/recapet.fr\/wp-content\/uploads\/2024\/09\/P_Histoire_3-1024x683.jpg\" \/>\n<meta name=\"twitter:card\" content=\"summary_large_image\" \/>\n<meta name=\"twitter:label1\" content=\"Dur\u00e9e de lecture estim\u00e9e\" \/>\n\t<meta name=\"twitter:data1\" content=\"3 minutes\" \/>\n<script type=\"application\/ld+json\" class=\"yoast-schema-graph\">{\"@context\":\"https:\/\/schema.org\",\"@graph\":[{\"@type\":\"WebPage\",\"@id\":\"https:\/\/recapet.fr\/index.php\/notre-histoire-armagnac\/\",\"url\":\"https:\/\/recapet.fr\/index.php\/notre-histoire-armagnac\/\",\"name\":\"Notre Histoire \u2013 L'Armagnac R\u00e9capet et notre savoir-faire\",\"isPartOf\":{\"@id\":\"https:\/\/recapet.fr\/#website\"},\"primaryImageOfPage\":{\"@id\":\"https:\/\/recapet.fr\/index.php\/notre-histoire-armagnac\/#primaryimage\"},\"image\":{\"@id\":\"https:\/\/recapet.fr\/index.php\/notre-histoire-armagnac\/#primaryimage\"},\"thumbnailUrl\":\"http:\/\/recapet.fr\/wp-content\/uploads\/2024\/09\/P_Histoire_3-1024x683.jpg\",\"datePublished\":\"2024-07-09T08:29:07+00:00\",\"dateModified\":\"2025-06-30T09:56:33+00:00\",\"description\":\"De L\u00e9once R\u00e9capet \u00e0 Fran\u00e7ois Lurton, d\u00e9couvrez notre histoire autour de l'Armagnac, entre passion du terroir et transmission artisanale.\",\"breadcrumb\":{\"@id\":\"https:\/\/recapet.fr\/index.php\/notre-histoire-armagnac\/#breadcrumb\"},\"inLanguage\":\"fr-FR\",\"potentialAction\":[{\"@type\":\"ReadAction\",\"target\":[\"https:\/\/recapet.fr\/index.php\/notre-histoire-armagnac\/\"]}]},{\"@type\":\"ImageObject\",\"inLanguage\":\"fr-FR\",\"@id\":\"https:\/\/recapet.fr\/index.php\/notre-histoire-armagnac\/#primaryimage\",\"url\":\"http:\/\/recapet.fr\/wp-content\/uploads\/2024\/09\/P_Histoire_3-1024x683.jpg\",\"contentUrl\":\"http:\/\/recapet.fr\/wp-content\/uploads\/2024\/09\/P_Histoire_3-1024x683.jpg\"},{\"@type\":\"BreadcrumbList\",\"@id\":\"https:\/\/recapet.fr\/index.php\/notre-histoire-armagnac\/#breadcrumb\",\"itemListElement\":[{\"@type\":\"ListItem\",\"position\":1,\"name\":\"Accueil\",\"item\":\"https:\/\/recapet.fr\/\"},{\"@type\":\"ListItem\",\"position\":2,\"name\":\"Histoire\"}]},{\"@type\":\"WebSite\",\"@id\":\"https:\/\/recapet.fr\/#website\",\"url\":\"https:\/\/recapet.fr\/\",\"name\":\"Armagnac Recapet\",\"description\":\"Armagnac Bas-Armagnac bio, distill\u00e9 avec passion au c\u0153ur du Gers.\",\"publisher\":{\"@id\":\"https:\/\/recapet.fr\/#organization\"},\"potentialAction\":[{\"@type\":\"SearchAction\",\"target\":{\"@type\":\"EntryPoint\",\"urlTemplate\":\"https:\/\/recapet.fr\/?s={search_term_string}\"},\"query-input\":\"required name=search_term_string\"}],\"inLanguage\":\"fr-FR\"},{\"@type\":\"Organization\",\"@id\":\"https:\/\/recapet.fr\/#organization\",\"name\":\"R\u00e9capet\",\"url\":\"https:\/\/recapet.fr\/\",\"logo\":{\"@type\":\"ImageObject\",\"inLanguage\":\"fr-FR\",\"@id\":\"https:\/\/recapet.fr\/#\/schema\/logo\/image\/\",\"url\":\"https:\/\/recapet.fr\/wp-content\/uploads\/2024\/06\/LOGO_RECAPET_ARMAGNAC_BLEU.png\",\"contentUrl\":\"https:\/\/recapet.fr\/wp-content\/uploads\/2024\/06\/LOGO_RECAPET_ARMAGNAC_BLEU.png\",\"width\":1621,\"height\":937,\"caption\":\"R\u00e9capet\"},\"image\":{\"@id\":\"https:\/\/recapet.fr\/#\/schema\/logo\/image\/\"},\"sameAs\":[\"https:\/\/www.instagram.com\/armagnac_recapet\/\"]}]}<\/script>\n<!-- \/ Yoast SEO plugin. -->","yoast_head_json":{"title":"Notre Histoire \u2013 L'Armagnac R\u00e9capet et notre savoir-faire","description":"De L\u00e9once R\u00e9capet \u00e0 Fran\u00e7ois Lurton, d\u00e9couvrez notre histoire autour de l'Armagnac, entre passion du terroir et transmission artisanale.","robots":{"index":"index","follow":"follow","max-snippet":"max-snippet:-1","max-image-preview":"max-image-preview:large","max-video-preview":"max-video-preview:-1"},"canonical":"https:\/\/recapet.fr\/index.php\/notre-histoire-armagnac\/","og_locale":"fr_FR","og_type":"article","og_title":"Notre Histoire \u2013 L'Armagnac R\u00e9capet et notre savoir-faire","og_description":"De L\u00e9once R\u00e9capet \u00e0 Fran\u00e7ois Lurton, d\u00e9couvrez notre histoire autour de l'Armagnac, entre passion du terroir et transmission artisanale.","og_url":"https:\/\/recapet.fr\/index.php\/notre-histoire-armagnac\/","og_site_name":"R\u00e9capet \u2013 Armagnac bio du Gers, distillation artisanale","article_modified_time":"2025-06-30T09:56:33+00:00","og_image":[{"url":"http:\/\/recapet.fr\/wp-content\/uploads\/2024\/09\/P_Histoire_3-1024x683.jpg"}],"twitter_card":"summary_large_image","twitter_misc":{"Dur\u00e9e de lecture estim\u00e9e":"3 minutes"},"schema":{"@context":"https:\/\/schema.org","@graph":[{"@type":"WebPage","@id":"https:\/\/recapet.fr\/index.php\/notre-histoire-armagnac\/","url":"https:\/\/recapet.fr\/index.php\/notre-histoire-armagnac\/","name":"Notre Histoire \u2013 L'Armagnac R\u00e9capet et notre savoir-faire","isPartOf":{"@id":"https:\/\/recapet.fr\/#website"},"primaryImageOfPage":{"@id":"https:\/\/recapet.fr\/index.php\/notre-histoire-armagnac\/#primaryimage"},"image":{"@id":"https:\/\/recapet.fr\/index.php\/notre-histoire-armagnac\/#primaryimage"},"thumbnailUrl":"http:\/\/recapet.fr\/wp-content\/uploads\/2024\/09\/P_Histoire_3-1024x683.jpg","datePublished":"2024-07-09T08:29:07+00:00","dateModified":"2025-06-30T09:56:33+00:00","description":"De L\u00e9once R\u00e9capet \u00e0 Fran\u00e7ois Lurton, d\u00e9couvrez notre histoire autour de l'Armagnac, entre passion du terroir et transmission artisanale.","breadcrumb":{"@id":"https:\/\/recapet.fr\/index.php\/notre-histoire-armagnac\/#breadcrumb"},"inLanguage":"fr-FR","potentialAction":[{"@type":"ReadAction","target":["https:\/\/recapet.fr\/index.php\/notre-histoire-armagnac\/"]}]},{"@type":"ImageObject","inLanguage":"fr-FR","@id":"https:\/\/recapet.fr\/index.php\/notre-histoire-armagnac\/#primaryimage","url":"http:\/\/recapet.fr\/wp-content\/uploads\/2024\/09\/P_Histoire_3-1024x683.jpg","contentUrl":"http:\/\/recapet.fr\/wp-content\/uploads\/2024\/09\/P_Histoire_3-1024x683.jpg"},{"@type":"BreadcrumbList","@id":"https:\/\/recapet.fr\/index.php\/notre-histoire-armagnac\/#breadcrumb","itemListElement":[{"@type":"ListItem","position":1,"name":"Accueil","item":"https:\/\/recapet.fr\/"},{"@type":"ListItem","position":2,"name":"Histoire"}]},{"@type":"WebSite","@id":"https:\/\/recapet.fr\/#website","url":"https:\/\/recapet.fr\/","name":"Armagnac Recapet","description":"Armagnac Bas-Armagnac bio, distill\u00e9 avec passion au c\u0153ur du Gers.","publisher":{"@id":"https:\/\/recapet.fr\/#organization"},"potentialAction":[{"@type":"SearchAction","target":{"@type":"EntryPoint","urlTemplate":"https:\/\/recapet.fr\/?s={search_term_string}"},"query-input":"required name=search_term_string"}],"inLanguage":"fr-FR"},{"@type":"Organization","@id":"https:\/\/recapet.fr\/#organization","name":"R\u00e9capet","url":"https:\/\/recapet.fr\/","logo":{"@type":"ImageObject","inLanguage":"fr-FR","@id":"https:\/\/recapet.fr\/#\/schema\/logo\/image\/","url":"https:\/\/recapet.fr\/wp-content\/uploads\/2024\/06\/LOGO_RECAPET_ARMAGNAC_BLEU.png","contentUrl":"https:\/\/recapet.fr\/wp-content\/uploads\/2024\/06\/LOGO_RECAPET_ARMAGNAC_BLEU.png","width":1621,"height":937,"caption":"R\u00e9capet"},"image":{"@id":"https:\/\/recapet.fr\/#\/schema\/logo\/image\/"},"sameAs":["https:\/\/www.instagram.com\/armagnac_recapet\/"]}]}},"_links":{"self":[{"href":"https:\/\/recapet.fr\/index.php\/wp-json\/wp\/v2\/pages\/122","targetHints":{"allow":["GET"]}}],"collection":[{"href":"https:\/\/recapet.fr\/index.php\/wp-json\/wp\/v2\/pages"}],"about":[{"href":"https:\/\/recapet.fr\/index.php\/wp-json\/wp\/v2\/types\/page"}],"author":[{"embeddable":true,"href":"https:\/\/recapet.fr\/index.php\/wp-json\/wp\/v2\/users\/1"}],"replies":[{"embeddable":true,"href":"https:\/\/recapet.fr\/index.php\/wp-json\/wp\/v2\/comments?post=122"}],"version-history":[{"count":114,"href":"https:\/\/recapet.fr\/index.php\/wp-json\/wp\/v2\/pages\/122\/revisions"}],"predecessor-version":[{"id":1117,"href":"https:\/\/recapet.fr\/index.php\/wp-json\/wp\/v2\/pages\/122\/revisions\/1117"}],"wp:attachment":[{"href":"https:\/\/recapet.fr\/index.php\/wp-json\/wp\/v2\/media?parent=122"}],"curies":[{"name":"wp","href":"https:\/\/api.w.org\/{rel}","templated":true}]}}